{"id":4724,"date":"2022-04-20T10:20:28","date_gmt":"2022-04-20T10:20:28","guid":{"rendered":"https:\/\/www.cinemasoul.es\/?post_type=product&#038;p=4724"},"modified":"2022-04-20T10:20:28","modified_gmt":"2022-04-20T10:20:28","slug":"el-viaje-fantastico-de-simbad-dvd","status":"publish","type":"product","link":"https:\/\/cinemasoul.es\/?product=el-viaje-fantastico-de-simbad-dvd","title":{"rendered":"El Viaje Fant\u00e1stico de Simbad [DVD]"},"content":{"rendered":"","protected":false},"excerpt":{"rendered":"<div id=\"tab-description-2\" class=\"tab-content\">\n<p><em>\u00a1Una espectacular aventura ambientada en tierras misteriosas habitadas por criaturas incre\u00edbles!<\/em><\/p>\n<p>Columbia Pictures presenta Una <strong>producci\u00f3n<\/strong> de Charles H. Schneer \u201cThe Golden Voyage of Sindab\u201d <strong>Protagonizada<\/strong> por John Phillip Law, Carolina Munro, Tom Baker <strong>Gui\u00f3n<\/strong> de Brian Clement <strong>M\u00fasica<\/strong> de Mirlos Rozsa Creador de <strong>Efectos Especiales<\/strong> <strong>Visuales<\/strong> Ray Harryhausen <strong>Producida<\/strong> por Charles H.Schneer <strong>y<\/strong> Ray Hay Harryhausen <strong>Dirigida<\/strong> por Gordon Hessler<\/p>\n<p>Simbad (John Phillip Law), Pr\u00edncipe de Bagdad y marino legendario, encuentra un curioso mapa y con \u00e9l se embarca rumbo a la isla de Lemuria junto a una bella esclava, Margiana (Carolina Munro), y al Gran Visir de Marabia. El Principe Koura (Tom Baker), un mago oscuro que intenta hacerse con el poder en Marabia manipulando a esp\u00edritus del mal, los persigue, tratando de detener a Simbad en su b\u00fasqueda.<\/p>\n<p><strong>Idiomas:<\/strong>(Mono) Espa\u00f1ol, Ingl\u00e9s, Alem\u00e1n, Italiano, Franc\u00e9s <strong>Subt\u00edtulos:<\/strong>Espa\u00f1ol, \u00c1rabe, Checo, Dan\u00e9s, Holand\u00e9s, Ingl\u00e9s, Finland\u00e9s, Franc\u00e9s, Alem\u00e1n, Griego, Hebreo, Hind\u00fa, H\u00fangaro, Italiano, Noruego, Polaco, Portugu\u00e9s y Sueco <strong>A\u00f1o de producci\u00f3n<\/strong>: 1973 <strong>Duraci\u00f3n:<\/strong> 100 minutos aprox. <strong>Color Formato de pantalla:<\/strong> 1:85 16&#215;9 COLOR <strong>ZONA 2. PAL.<\/strong> Autorizada para todos los p\u00fablicos. <strong>Dep\u00f3sito Legal<\/strong>: TF: 1277-2008<\/p>\n<p><strong>Tambi\u00e9n incluye<\/strong>:<\/p>\n<ul>\n<li>Documentales: \u201cLos 3 Viajes de Gulliver\u201d, \u201cLa tierra contra los platillos volantes\u201d y \u201cLa isla Misteriosa\u201d<\/li>\n<li>Filmograf\u00edas de Harryhausen, Hessler y Law<\/li>\n<li>Galer\u00eda fotogr\u00e1fica<\/li>\n<li>Trailers<\/li>\n<\/ul>\n<\/div>\n","protected":false},"featured_media":4725,"comment_status":"open","ping_status":"closed","template":"","meta":{"site-sidebar-layout":"default","site-content-layout":"default","ast-site-content-layout":"default","site-content-style":"default","site-sidebar-style":"default","ast-global-header-display":"","ast-banner-title-visibility":"","ast-main-header-display":"","ast-hfb-above-header-display":"","ast-hfb-below-header-display":"","ast-hfb-mobile-header-display":"","site-post-title":"","ast-breadcrumbs-content":"","ast-featured-img":"","footer-sml-layout":"","ast-disable-related-posts":"","theme-transparent-header-meta":"","adv-header-id-meta":"","stick-header-meta":"","header-above-stick-meta":"","header-main-stick-meta":"","header-below-stick-meta":"","astra-migrate-meta-layouts":"default","ast-page-background-enabled":"default","ast-page-background-meta":{"desktop":{"background-color":"","background-image":"","background-repeat":"repeat","background-position":"center center","background-size":"auto","background-attachment":"scroll","background-type":"","background-media":"","overlay-type":"","overlay-color":"","overlay-opacity":"","overlay-gradient":""},"tablet":{"background-color":"","background-image":"","background-repeat":"repeat","background-position":"center center","background-size":"auto","background-attachment":"scroll","background-type":"","background-media":"","overlay-type":"","overlay-color":"","overlay-opacity":"","overlay-gradient":""},"mobile":{"background-color":"","background-image":"","background-repeat":"repeat","background-position":"center center","background-size":"auto","background-attachment":"scroll","background-type":"","background-media":"","overlay-type":"","overlay-color":"","overlay-opacity":"","overlay-gradient":""}},"ast-content-background-meta":{"desktop":{"background-color":"var(--ast-global-color-5)","background-image":"","background-repeat":"repeat","background-position":"center center","background-size":"auto","background-attachment":"scroll","background-type":"","background-media":"","overlay-type":"","overlay-color":"","overlay-opacity":"","overlay-gradient":""},"tablet":{"background-color":"var(--ast-global-color-5)","background-image":"","background-repeat":"repeat","background-position":"center center","background-size":"auto","background-attachment":"scroll","background-type":"","background-media":"","overlay-type":"","overlay-color":"","overlay-opacity":"","overlay-gradient":""},"mobile":{"background-color":"var(--ast-global-color-5)","background-image":"","background-repeat":"repeat","background-position":"center center","background-size":"auto","background-attachment":"scroll","background-type":"","background-media":"","overlay-type":"","overlay-color":"","overlay-opacity":"","overlay-gradient":""}},"_joinchat":[]},"product_brand":[],"product_cat":[42],"product_tag":[],"class_list":{"0":"post-4724","1":"product","2":"type-product","3":"status-publish","4":"has-post-thumbnail","6":"product_cat-dvd","7":"desktop-align-left","8":"tablet-align-left","9":"mobile-align-left","11":"first","12":"instock","13":"sale","14":"shipping-taxable","15":"purchasable","16":"product-type-simple"},"_links":{"self":[{"href":"https:\/\/cinemasoul.es\/index.php?rest_route=\/wp\/v2\/product\/4724","targetHints":{"allow":["GET"]}}],"collection":[{"href":"https:\/\/cinemasoul.es\/index.php?rest_route=\/wp\/v2\/product"}],"about":[{"href":"https:\/\/cinemasoul.es\/index.php?rest_route=\/wp\/v2\/types\/product"}],"replies":[{"embeddable":true,"href":"https:\/\/cinemasoul.es\/index.php?rest_route=%2Fwp%2Fv2%2Fcomments&post=4724"}],"version-history":[{"count":1,"href":"https:\/\/cinemasoul.es\/index.php?rest_route=\/wp\/v2\/product\/4724\/revisions"}],"predecessor-version":[{"id":4726,"href":"https:\/\/cinemasoul.es\/index.php?rest_route=\/wp\/v2\/product\/4724\/revisions\/4726"}],"wp:featuredmedia":[{"embeddable":true,"href":"https:\/\/cinemasoul.es\/index.php?rest_route=\/wp\/v2\/media\/4725"}],"wp:attachment":[{"href":"https:\/\/cinemasoul.es\/index.php?rest_route=%2Fwp%2Fv2%2Fmedia&parent=4724"}],"wp:term":[{"taxonomy":"product_brand","embeddable":true,"href":"https:\/\/cinemasoul.es\/index.php?rest_route=%2Fwp%2Fv2%2Fproduct_brand&post=4724"},{"taxonomy":"product_cat","embeddable":true,"href":"https:\/\/cinemasoul.es\/index.php?rest_route=%2Fwp%2Fv2%2Fproduct_cat&post=4724"},{"taxonomy":"product_tag","embeddable":true,"href":"https:\/\/cinemasoul.es\/index.php?rest_route=%2Fwp%2Fv2%2Fproduct_tag&post=4724"}],"curies":[{"name":"wp","href":"https:\/\/api.w.org\/{rel}","templated":true}]}}