{"id":4720,"date":"2022-04-19T19:05:52","date_gmt":"2022-04-19T19:05:52","guid":{"rendered":"https:\/\/www.cinemasoul.es\/?post_type=product&#038;p=4720"},"modified":"2022-04-19T19:05:52","modified_gmt":"2022-04-19T19:05:52","slug":"simbad-y-la-princesa-dvd","status":"publish","type":"product","link":"https:\/\/cinemasoul.es\/?product=simbad-y-la-princesa-dvd","title":{"rendered":"Simbad y la princesa [DVD]"},"content":{"rendered":"","protected":false},"excerpt":{"rendered":"<div id=\"tab-description-2\" class=\"tab-content\">\n<p>Columbia Pictures <strong>presenta<\/strong> \u201cThe 7th Voyage of Sinbad\u201d <strong>Protagonizada por<\/strong> Kerwin Matthews, Kathryn Grant <strong>Con<\/strong> Richard Eyer <strong>como<\/strong> \u201cthe Genie\u201d<strong>con<\/strong> Torin Thatcher <strong>Escrita por<\/strong> Kenneth Kolb <strong>Efectos especiales visuales creados por<\/strong> Ray Harryhausen <strong>Producida por<\/strong> Charles H. Schneer\u00a0 <strong>Dirigida por<\/strong> Nathan Juran <strong>Una producci\u00f3n de<\/strong> Morningside<\/p>\n<p>Esta es una incre\u00edble aventura que trata sobre el peligroso viaje de Simbad hacia la misteriosa isla del Coloso. Su objetivo es romper el maleficio lanzado por un diab\u00f3lico mago sobre su amada princesa. Antes de poder salvarla, Simbad deber\u00e1 luchar contra una gran cantidad de monstruos m\u00edticos como, por ejemplo, el C\u00edclope devorador de hombres, un esqueleto que maneja un sable, un feroz p\u00e1jaro bic\u00e9falo llamado Roc y un drag\u00f3n que respira fuego. Esta pel\u00edcula est\u00e1 protagonizada por Kerwin Matthews, Kathryn Grant, Torin Tharcher y est\u00e1 muy bien ambientada por los sorpredentes efectos visuales obra de Ray Harryhausen. Este film est\u00e1 disponible en un formato original y de alta definici\u00f3n que captar\u00e1 la magia de los espectaculares efectos especiales de Harryhausen en asombroso Technicolor.<\/p>\n<p><strong>Idiomas: (Mono).<\/strong> Espa\u00f1ol, Ingl\u00e9s, Alem\u00e1n, Italiano, Franc\u00e9s <strong>Subt\u00edtulos:<\/strong> Espa\u00f1ol, \u00c1rabe, B\u00falgaro, Checo, Dan\u00e9s, Holand\u00e9s, Ingl\u00e9s, Finland\u00e9s, Franc\u00e9s, Alem\u00e1n, Griego, Hebreo, Hind\u00fa, H\u00fangaro, Island\u00e9s, Italiano, Noruego, Polaco, Portugu\u00e9s, Sueco y Turco. <strong>Formato de pantalla:<\/strong> (1:85) \u2013 16 x 9 <strong>Widescreen Color Duraci\u00f3n:<\/strong> 85 minutos<\/p>\n<p><strong>Otros<\/strong>:<\/p>\n<ul>\n<li>Trailer de Cine<\/li>\n<li>Trailer \u201cGolden Voyage of Simbad\u201d<\/li>\n<li>Trailer \u201cJason y los Argonautas\u201d<\/li>\n<li>Como se hizo \u201cJason y los Argonautas\u201d<\/li>\n<li>Como se hizo \u201cSimbad y la Princesa\u201d<\/li>\n<li>Como se hicieron los efectos especiales<\/li>\n<li>Documentales<\/li>\n<li>Filmograf\u00edas de Nathan Juran (director), Ray Harrihausen, Kerwin Matthews, Torin Thatcher y Kathryn Grant<\/li>\n<\/ul>\n<p><strong>Dep\u00f3sito legal<\/strong>: TF: 1278-2008 <strong>I.C.A.A<\/strong>.: N\u00ba 62.199 Autorizada para todos los p\u00fablicos<\/p>\n<\/div>\n","protected":false},"featured_media":4721,"comment_status":"open","ping_status":"closed","template":"","meta":{"site-sidebar-layout":"default","site-content-layout":"default","ast-site-content-layout":"default","site-content-style":"default","site-sidebar-style":"default","ast-global-header-display":"","ast-banner-title-visibility":"","ast-main-header-display":"","ast-hfb-above-header-display":"","ast-hfb-below-header-display":"","ast-hfb-mobile-header-display":"","site-post-title":"","ast-breadcrumbs-content":"","ast-featured-img":"","footer-sml-layout":"","ast-disable-related-posts":"","theme-transparent-header-meta":"","adv-header-id-meta":"","stick-header-meta":"","header-above-stick-meta":"","header-main-stick-meta":"","header-below-stick-meta":"","astra-migrate-meta-layouts":"default","ast-page-background-enabled":"default","ast-page-background-meta":{"desktop":{"background-color":"","background-image":"","background-repeat":"repeat","background-position":"center center","background-size":"auto","background-attachment":"scroll","background-type":"","background-media":"","overlay-type":"","overlay-color":"","overlay-opacity":"","overlay-gradient":""},"tablet":{"background-color":"","background-image":"","background-repeat":"repeat","background-position":"center center","background-size":"auto","background-attachment":"scroll","background-type":"","background-media":"","overlay-type":"","overlay-color":"","overlay-opacity":"","overlay-gradient":""},"mobile":{"background-color":"","background-image":"","background-repeat":"repeat","background-position":"center center","background-size":"auto","background-attachment":"scroll","background-type":"","background-media":"","overlay-type":"","overlay-color":"","overlay-opacity":"","overlay-gradient":""}},"ast-content-background-meta":{"desktop":{"background-color":"var(--ast-global-color-5)","background-image":"","background-repeat":"repeat","background-position":"center center","background-size":"auto","background-attachment":"scroll","background-type":"","background-media":"","overlay-type":"","overlay-color":"","overlay-opacity":"","overlay-gradient":""},"tablet":{"background-color":"var(--ast-global-color-5)","background-image":"","background-repeat":"repeat","background-position":"center center","background-size":"auto","background-attachment":"scroll","background-type":"","background-media":"","overlay-type":"","overlay-color":"","overlay-opacity":"","overlay-gradient":""},"mobile":{"background-color":"var(--ast-global-color-5)","background-image":"","background-repeat":"repeat","background-position":"center center","background-size":"auto","background-attachment":"scroll","background-type":"","background-media":"","overlay-type":"","overlay-color":"","overlay-opacity":"","overlay-gradient":""}},"_joinchat":[]},"product_brand":[],"product_cat":[42],"product_tag":[],"class_list":{"0":"post-4720","1":"product","2":"type-product","3":"status-publish","4":"has-post-thumbnail","6":"product_cat-dvd","7":"desktop-align-left","8":"tablet-align-left","9":"mobile-align-left","11":"first","12":"instock","13":"sale","14":"shipping-taxable","15":"purchasable","16":"product-type-simple"},"_links":{"self":[{"href":"https:\/\/cinemasoul.es\/index.php?rest_route=\/wp\/v2\/product\/4720","targetHints":{"allow":["GET"]}}],"collection":[{"href":"https:\/\/cinemasoul.es\/index.php?rest_route=\/wp\/v2\/product"}],"about":[{"href":"https:\/\/cinemasoul.es\/index.php?rest_route=\/wp\/v2\/types\/product"}],"replies":[{"embeddable":true,"href":"https:\/\/cinemasoul.es\/index.php?rest_route=%2Fwp%2Fv2%2Fcomments&post=4720"}],"version-history":[{"count":1,"href":"https:\/\/cinemasoul.es\/index.php?rest_route=\/wp\/v2\/product\/4720\/revisions"}],"predecessor-version":[{"id":4723,"href":"https:\/\/cinemasoul.es\/index.php?rest_route=\/wp\/v2\/product\/4720\/revisions\/4723"}],"wp:featuredmedia":[{"embeddable":true,"href":"https:\/\/cinemasoul.es\/index.php?rest_route=\/wp\/v2\/media\/4721"}],"wp:attachment":[{"href":"https:\/\/cinemasoul.es\/index.php?rest_route=%2Fwp%2Fv2%2Fmedia&parent=4720"}],"wp:term":[{"taxonomy":"product_brand","embeddable":true,"href":"https:\/\/cinemasoul.es\/index.php?rest_route=%2Fwp%2Fv2%2Fproduct_brand&post=4720"},{"taxonomy":"product_cat","embeddable":true,"href":"https:\/\/cinemasoul.es\/index.php?rest_route=%2Fwp%2Fv2%2Fproduct_cat&post=4720"},{"taxonomy":"product_tag","embeddable":true,"href":"https:\/\/cinemasoul.es\/index.php?rest_route=%2Fwp%2Fv2%2Fproduct_tag&post=4720"}],"curies":[{"name":"wp","href":"https:\/\/api.w.org\/{rel}","templated":true}]}}