{"id":4716,"date":"2022-04-19T18:31:16","date_gmt":"2022-04-19T18:31:16","guid":{"rendered":"https:\/\/www.cinemasoul.es\/?post_type=product&#038;p=4716"},"modified":"2022-04-19T18:46:13","modified_gmt":"2022-04-19T18:46:13","slug":"un-hombre-para-la-eternidad-dvd","status":"publish","type":"product","link":"https:\/\/cinemasoul.es\/?product=un-hombre-para-la-eternidad-dvd","title":{"rendered":"Un hombre para la eternidad [DVD]"},"content":{"rendered":"","protected":false},"excerpt":{"rendered":"<p><strong>T\u00edtulo original<\/strong> A Man for All Seasons\u00a0<strong>A\u00f1o<\/strong> 1966 <strong>Duraci\u00f3n<\/strong> 120 min. <strong>Pa\u00eds<\/strong> Reino Unido <strong>Direcci\u00f3n<\/strong> Fred Zinnemann\u00a0<strong>Guion<\/strong> Robert Bolt. Teatro: Robert Bolt\u00a0<strong>M\u00fasica<\/strong> Georges Delerue\u00a0<strong>Fotograf\u00eda<\/strong> Ted Moore\u00a0<strong>Reparto<\/strong> Paul Scofield, Wendy Hiller, Leo McKern, Robert Shaw, Orson Welles, Susannah York, Nigel Davenport, John Hurt, Corin Redgrave, Colin Blakely, Cyril Luckham, Jack Gwillim, Thomas Heathcote\u00a0<strong>Productora<\/strong> Columbia Pictures\u00a0<strong>G\u00e9nero<\/strong> Drama | Hist\u00f3rico.<\/p>\n<p><strong>Sinopsis<\/strong> Para divorciarse de su esposa Catalina de Arag\u00f3n (hija de los Reyes Cat\u00f3licos y t\u00eda del emperador Carlos V) y contraer matrimonio con Ana Bolena, Enrique VIII (1509-1547) trata de obtener el apoyo de la aristocracia y del clero. Sir Thomas Moro, uno de los m\u00e1s notables humanistas europeos (\u00abUtop\u00eda\u00bb, 1516), ferviente cat\u00f3lico y hombre de confianza del monarca, se encuentra en una encrucijada: \u00bfdebe actuar de acuerdo con su conciencia, arriesg\u00e1ndose a ser tachado de traidor y ejecutado, o debe ceder ante un rey que no tiene ning\u00fan reparo en adaptar la ley a sus necesidades?<\/p>\n","protected":false},"featured_media":4717,"comment_status":"open","ping_status":"closed","template":"","meta":{"site-sidebar-layout":"default","site-content-layout":"default","ast-site-content-layout":"default","site-content-style":"default","site-sidebar-style":"default","ast-global-header-display":"","ast-banner-title-visibility":"","ast-main-header-display":"","ast-hfb-above-header-display":"","ast-hfb-below-header-display":"","ast-hfb-mobile-header-display":"","site-post-title":"","ast-breadcrumbs-content":"","ast-featured-img":"","footer-sml-layout":"","ast-disable-related-posts":"","theme-transparent-header-meta":"","adv-header-id-meta":"","stick-header-meta":"","header-above-stick-meta":"","header-main-stick-meta":"","header-below-stick-meta":"","astra-migrate-meta-layouts":"default","ast-page-background-enabled":"default","ast-page-background-meta":{"desktop":{"background-color":"","background-image":"","background-repeat":"repeat","background-position":"center center","background-size":"auto","background-attachment":"scroll","background-type":"","background-media":"","overlay-type":"","overlay-color":"","overlay-opacity":"","overlay-gradient":""},"tablet":{"background-color":"","background-image":"","background-repeat":"repeat","background-position":"center center","background-size":"auto","background-attachment":"scroll","background-type":"","background-media":"","overlay-type":"","overlay-color":"","overlay-opacity":"","overlay-gradient":""},"mobile":{"background-color":"","background-image":"","background-repeat":"repeat","background-position":"center center","background-size":"auto","background-attachment":"scroll","background-type":"","background-media":"","overlay-type":"","overlay-color":"","overlay-opacity":"","overlay-gradient":""}},"ast-content-background-meta":{"desktop":{"background-color":"var(--ast-global-color-5)","background-image":"","background-repeat":"repeat","background-position":"center center","background-size":"auto","background-attachment":"scroll","background-type":"","background-media":"","overlay-type":"","overlay-color":"","overlay-opacity":"","overlay-gradient":""},"tablet":{"background-color":"var(--ast-global-color-5)","background-image":"","background-repeat":"repeat","background-position":"center center","background-size":"auto","background-attachment":"scroll","background-type":"","background-media":"","overlay-type":"","overlay-color":"","overlay-opacity":"","overlay-gradient":""},"mobile":{"background-color":"var(--ast-global-color-5)","background-image":"","background-repeat":"repeat","background-position":"center center","background-size":"auto","background-attachment":"scroll","background-type":"","background-media":"","overlay-type":"","overlay-color":"","overlay-opacity":"","overlay-gradient":""}},"_joinchat":[]},"product_brand":[],"product_cat":[42],"product_tag":[],"class_list":{"0":"post-4716","1":"product","2":"type-product","3":"status-publish","4":"has-post-thumbnail","6":"product_cat-dvd","7":"desktop-align-left","8":"tablet-align-left","9":"mobile-align-left","11":"first","12":"instock","13":"sale","14":"shipping-taxable","15":"purchasable","16":"product-type-simple"},"_links":{"self":[{"href":"https:\/\/cinemasoul.es\/index.php?rest_route=\/wp\/v2\/product\/4716","targetHints":{"allow":["GET"]}}],"collection":[{"href":"https:\/\/cinemasoul.es\/index.php?rest_route=\/wp\/v2\/product"}],"about":[{"href":"https:\/\/cinemasoul.es\/index.php?rest_route=\/wp\/v2\/types\/product"}],"replies":[{"embeddable":true,"href":"https:\/\/cinemasoul.es\/index.php?rest_route=%2Fwp%2Fv2%2Fcomments&post=4716"}],"version-history":[{"count":1,"href":"https:\/\/cinemasoul.es\/index.php?rest_route=\/wp\/v2\/product\/4716\/revisions"}],"predecessor-version":[{"id":4719,"href":"https:\/\/cinemasoul.es\/index.php?rest_route=\/wp\/v2\/product\/4716\/revisions\/4719"}],"wp:featuredmedia":[{"embeddable":true,"href":"https:\/\/cinemasoul.es\/index.php?rest_route=\/wp\/v2\/media\/4717"}],"wp:attachment":[{"href":"https:\/\/cinemasoul.es\/index.php?rest_route=%2Fwp%2Fv2%2Fmedia&parent=4716"}],"wp:term":[{"taxonomy":"product_brand","embeddable":true,"href":"https:\/\/cinemasoul.es\/index.php?rest_route=%2Fwp%2Fv2%2Fproduct_brand&post=4716"},{"taxonomy":"product_cat","embeddable":true,"href":"https:\/\/cinemasoul.es\/index.php?rest_route=%2Fwp%2Fv2%2Fproduct_cat&post=4716"},{"taxonomy":"product_tag","embeddable":true,"href":"https:\/\/cinemasoul.es\/index.php?rest_route=%2Fwp%2Fv2%2Fproduct_tag&post=4716"}],"curies":[{"name":"wp","href":"https:\/\/api.w.org\/{rel}","templated":true}]}}