{"id":4712,"date":"2022-04-19T16:53:32","date_gmt":"2022-04-19T16:53:32","guid":{"rendered":"https:\/\/www.cinemasoul.es\/?post_type=product&#038;p=4712"},"modified":"2022-04-19T16:53:33","modified_gmt":"2022-04-19T16:53:33","slug":"el-leon-en-invierno-dvd","status":"publish","type":"product","link":"https:\/\/cinemasoul.es\/?product=el-leon-en-invierno-dvd","title":{"rendered":"El le\u00f3n en invierno [DVD]"},"content":{"rendered":"","protected":false},"excerpt":{"rendered":"<p><strong>T\u00edtulo original<\/strong> The Lion in Winter <strong>A\u00f1o<\/strong> 1968\u00a0<strong>Duraci\u00f3n<\/strong> 135 min. <strong>Pa\u00eds<\/strong> Estados Unidos <strong>Direcci\u00f3n<\/strong> Anthony Harvey\u00a0<strong>Guion<\/strong> James Goldman. <strong>M\u00fasica<\/strong> John Barry <strong>Fotograf\u00eda<\/strong> Douglas Slocombe <strong>Reparto<\/strong> Katharine Hepburn, Peter O&#8217;Toole, Jane Merrow, Anthony Hopkins, John Castle, Timothy Dalton, Nigel Terry, Nigel Stock\u00a0<strong>Productora<\/strong> Avco Embassy Pictures Release\u00a0<strong>G\u00e9nero<\/strong> Drama<\/p>\n<p><strong>Sinopsis<\/strong> A\u00f1o 1183. El rey de Inglaterra Enrique II Plantagenet re\u00fane a toda su familia para pasar las Navidades y decidir qui\u00e9n le suceder\u00e1 en el trono. Manda llamar a su esposa, la maquiav\u00e9lica Leonor de Aquitania, a quien mantiene encerrada en una torre despu\u00e9s de haberla repudiado, y tambi\u00e9n a sus tres hijos: el taimado Geoffrey, el insignificante John (Juan sin Tierra) y el col\u00e9rico Richard (Ricardo I Coraz\u00f3n de Le\u00f3n). Conviene tener en cuenta que, algunos a\u00f1os antes (1173-1174), los tres, incitados por su ambiciosa madre, se hab\u00edan sublevado contra su padre.<\/p>\n","protected":false},"featured_media":4713,"comment_status":"open","ping_status":"closed","template":"","meta":{"site-sidebar-layout":"default","site-content-layout":"default","ast-site-content-layout":"default","site-content-style":"default","site-sidebar-style":"default","ast-global-header-display":"","ast-banner-title-visibility":"","ast-main-header-display":"","ast-hfb-above-header-display":"","ast-hfb-below-header-display":"","ast-hfb-mobile-header-display":"","site-post-title":"","ast-breadcrumbs-content":"","ast-featured-img":"","footer-sml-layout":"","ast-disable-related-posts":"","theme-transparent-header-meta":"","adv-header-id-meta":"","stick-header-meta":"","header-above-stick-meta":"","header-main-stick-meta":"","header-below-stick-meta":"","astra-migrate-meta-layouts":"default","ast-page-background-enabled":"default","ast-page-background-meta":{"desktop":{"background-color":"","background-image":"","background-repeat":"repeat","background-position":"center center","background-size":"auto","background-attachment":"scroll","background-type":"","background-media":"","overlay-type":"","overlay-color":"","overlay-opacity":"","overlay-gradient":""},"tablet":{"background-color":"","background-image":"","background-repeat":"repeat","background-position":"center center","background-size":"auto","background-attachment":"scroll","background-type":"","background-media":"","overlay-type":"","overlay-color":"","overlay-opacity":"","overlay-gradient":""},"mobile":{"background-color":"","background-image":"","background-repeat":"repeat","background-position":"center center","background-size":"auto","background-attachment":"scroll","background-type":"","background-media":"","overlay-type":"","overlay-color":"","overlay-opacity":"","overlay-gradient":""}},"ast-content-background-meta":{"desktop":{"background-color":"var(--ast-global-color-5)","background-image":"","background-repeat":"repeat","background-position":"center center","background-size":"auto","background-attachment":"scroll","background-type":"","background-media":"","overlay-type":"","overlay-color":"","overlay-opacity":"","overlay-gradient":""},"tablet":{"background-color":"var(--ast-global-color-5)","background-image":"","background-repeat":"repeat","background-position":"center center","background-size":"auto","background-attachment":"scroll","background-type":"","background-media":"","overlay-type":"","overlay-color":"","overlay-opacity":"","overlay-gradient":""},"mobile":{"background-color":"var(--ast-global-color-5)","background-image":"","background-repeat":"repeat","background-position":"center center","background-size":"auto","background-attachment":"scroll","background-type":"","background-media":"","overlay-type":"","overlay-color":"","overlay-opacity":"","overlay-gradient":""}},"_joinchat":[]},"product_brand":[],"product_cat":[42],"product_tag":[],"class_list":{"0":"post-4712","1":"product","2":"type-product","3":"status-publish","4":"has-post-thumbnail","6":"product_cat-dvd","7":"desktop-align-left","8":"tablet-align-left","9":"mobile-align-left","11":"first","12":"instock","13":"sale","14":"shipping-taxable","15":"purchasable","16":"product-type-simple"},"_links":{"self":[{"href":"https:\/\/cinemasoul.es\/index.php?rest_route=\/wp\/v2\/product\/4712","targetHints":{"allow":["GET"]}}],"collection":[{"href":"https:\/\/cinemasoul.es\/index.php?rest_route=\/wp\/v2\/product"}],"about":[{"href":"https:\/\/cinemasoul.es\/index.php?rest_route=\/wp\/v2\/types\/product"}],"replies":[{"embeddable":true,"href":"https:\/\/cinemasoul.es\/index.php?rest_route=%2Fwp%2Fv2%2Fcomments&post=4712"}],"version-history":[{"count":1,"href":"https:\/\/cinemasoul.es\/index.php?rest_route=\/wp\/v2\/product\/4712\/revisions"}],"predecessor-version":[{"id":4715,"href":"https:\/\/cinemasoul.es\/index.php?rest_route=\/wp\/v2\/product\/4712\/revisions\/4715"}],"wp:featuredmedia":[{"embeddable":true,"href":"https:\/\/cinemasoul.es\/index.php?rest_route=\/wp\/v2\/media\/4713"}],"wp:attachment":[{"href":"https:\/\/cinemasoul.es\/index.php?rest_route=%2Fwp%2Fv2%2Fmedia&parent=4712"}],"wp:term":[{"taxonomy":"product_brand","embeddable":true,"href":"https:\/\/cinemasoul.es\/index.php?rest_route=%2Fwp%2Fv2%2Fproduct_brand&post=4712"},{"taxonomy":"product_cat","embeddable":true,"href":"https:\/\/cinemasoul.es\/index.php?rest_route=%2Fwp%2Fv2%2Fproduct_cat&post=4712"},{"taxonomy":"product_tag","embeddable":true,"href":"https:\/\/cinemasoul.es\/index.php?rest_route=%2Fwp%2Fv2%2Fproduct_tag&post=4712"}],"curies":[{"name":"wp","href":"https:\/\/api.w.org\/{rel}","templated":true}]}}