{"id":4691,"date":"2022-04-18T18:04:52","date_gmt":"2022-04-18T18:04:52","guid":{"rendered":"https:\/\/www.cinemasoul.es\/?post_type=product&#038;p=4691"},"modified":"2022-04-18T18:04:52","modified_gmt":"2022-04-18T18:04:52","slug":"apache-dvd","status":"publish","type":"product","link":"https:\/\/cinemasoul.es\/?product=apache-dvd","title":{"rendered":"Apache [DVD]"},"content":{"rendered":"","protected":false},"excerpt":{"rendered":"<p><strong>T\u00edtulo<\/strong> <strong>original <\/strong>Apache\u00a0<strong>A\u00f1o <\/strong>1954\u00a0<strong>Duraci\u00f3n <\/strong>91 min.\u00a0<strong>Pa\u00eds <\/strong>Estados Unidos\u00a0<strong>Direcci\u00f3n <\/strong>Robert Aldrich\u00a0<strong>Guion <\/strong>James R. Webb.\u00a0<strong>M\u00fasica <\/strong>David Raksin\u00a0<strong>Fotograf\u00eda <\/strong>Ernest Laszlo\u00a0<strong>Reparto <\/strong>Burt Lancaster, Jean Peters, Charles Bronson, John Dehner, John McIntire, Paul Guilfoyle, Ian MacDonald, Monte Blue, Morris Ankrum, Walter Sande\u00a0<strong>Productora <\/strong>Hecht-Lancaster Productions\u00a0<strong>G\u00e9nero <\/strong>Western<\/p>\n<p><strong>Sinopsis <\/strong>Despu\u00e9s de a\u00f1os de sangrienta lucha contra los colonos y el ej\u00e9rcito, el jefe apache Ger\u00f3nimo se ve obligado a abandonar su tierra. Pero Massai (Lancaster), el guerrero m\u00e1s orgulloso de la tribu, se niega a aceptar la derrota y se enfrenta con astucia a la caballer\u00eda. Y a medida que su cruzada se acerca al final, se dar\u00e1 cuenta de que debe perseverar, no s\u00f3lo para salvar su vida, sino tambi\u00e9n para preservar el orgullo de su raza.<\/p>\n","protected":false},"featured_media":4692,"comment_status":"open","ping_status":"closed","template":"","meta":{"site-sidebar-layout":"default","site-content-layout":"default","ast-site-content-layout":"default","site-content-style":"default","site-sidebar-style":"default","ast-global-header-display":"","ast-banner-title-visibility":"","ast-main-header-display":"","ast-hfb-above-header-display":"","ast-hfb-below-header-display":"","ast-hfb-mobile-header-display":"","site-post-title":"","ast-breadcrumbs-content":"","ast-featured-img":"","footer-sml-layout":"","ast-disable-related-posts":"","theme-transparent-header-meta":"","adv-header-id-meta":"","stick-header-meta":"","header-above-stick-meta":"","header-main-stick-meta":"","header-below-stick-meta":"","astra-migrate-meta-layouts":"default","ast-page-background-enabled":"default","ast-page-background-meta":{"desktop":{"background-color":"","background-image":"","background-repeat":"repeat","background-position":"center center","background-size":"auto","background-attachment":"scroll","background-type":"","background-media":"","overlay-type":"","overlay-color":"","overlay-opacity":"","overlay-gradient":""},"tablet":{"background-color":"","background-image":"","background-repeat":"repeat","background-position":"center center","background-size":"auto","background-attachment":"scroll","background-type":"","background-media":"","overlay-type":"","overlay-color":"","overlay-opacity":"","overlay-gradient":""},"mobile":{"background-color":"","background-image":"","background-repeat":"repeat","background-position":"center center","background-size":"auto","background-attachment":"scroll","background-type":"","background-media":"","overlay-type":"","overlay-color":"","overlay-opacity":"","overlay-gradient":""}},"ast-content-background-meta":{"desktop":{"background-color":"var(--ast-global-color-5)","background-image":"","background-repeat":"repeat","background-position":"center center","background-size":"auto","background-attachment":"scroll","background-type":"","background-media":"","overlay-type":"","overlay-color":"","overlay-opacity":"","overlay-gradient":""},"tablet":{"background-color":"var(--ast-global-color-5)","background-image":"","background-repeat":"repeat","background-position":"center center","background-size":"auto","background-attachment":"scroll","background-type":"","background-media":"","overlay-type":"","overlay-color":"","overlay-opacity":"","overlay-gradient":""},"mobile":{"background-color":"var(--ast-global-color-5)","background-image":"","background-repeat":"repeat","background-position":"center center","background-size":"auto","background-attachment":"scroll","background-type":"","background-media":"","overlay-type":"","overlay-color":"","overlay-opacity":"","overlay-gradient":""}},"_joinchat":[]},"product_brand":[],"product_cat":[42],"product_tag":[],"class_list":{"0":"post-4691","1":"product","2":"type-product","3":"status-publish","4":"has-post-thumbnail","6":"product_cat-dvd","7":"desktop-align-left","8":"tablet-align-left","9":"mobile-align-left","11":"first","12":"instock","13":"sale","14":"shipping-taxable","15":"purchasable","16":"product-type-simple"},"_links":{"self":[{"href":"https:\/\/cinemasoul.es\/index.php?rest_route=\/wp\/v2\/product\/4691","targetHints":{"allow":["GET"]}}],"collection":[{"href":"https:\/\/cinemasoul.es\/index.php?rest_route=\/wp\/v2\/product"}],"about":[{"href":"https:\/\/cinemasoul.es\/index.php?rest_route=\/wp\/v2\/types\/product"}],"replies":[{"embeddable":true,"href":"https:\/\/cinemasoul.es\/index.php?rest_route=%2Fwp%2Fv2%2Fcomments&post=4691"}],"version-history":[{"count":1,"href":"https:\/\/cinemasoul.es\/index.php?rest_route=\/wp\/v2\/product\/4691\/revisions"}],"predecessor-version":[{"id":4695,"href":"https:\/\/cinemasoul.es\/index.php?rest_route=\/wp\/v2\/product\/4691\/revisions\/4695"}],"wp:featuredmedia":[{"embeddable":true,"href":"https:\/\/cinemasoul.es\/index.php?rest_route=\/wp\/v2\/media\/4692"}],"wp:attachment":[{"href":"https:\/\/cinemasoul.es\/index.php?rest_route=%2Fwp%2Fv2%2Fmedia&parent=4691"}],"wp:term":[{"taxonomy":"product_brand","embeddable":true,"href":"https:\/\/cinemasoul.es\/index.php?rest_route=%2Fwp%2Fv2%2Fproduct_brand&post=4691"},{"taxonomy":"product_cat","embeddable":true,"href":"https:\/\/cinemasoul.es\/index.php?rest_route=%2Fwp%2Fv2%2Fproduct_cat&post=4691"},{"taxonomy":"product_tag","embeddable":true,"href":"https:\/\/cinemasoul.es\/index.php?rest_route=%2Fwp%2Fv2%2Fproduct_tag&post=4691"}],"curies":[{"name":"wp","href":"https:\/\/api.w.org\/{rel}","templated":true}]}}