{"id":4687,"date":"2022-04-18T17:48:48","date_gmt":"2022-04-18T17:48:48","guid":{"rendered":"https:\/\/www.cinemasoul.es\/?post_type=product&#038;p=4687"},"modified":"2022-04-18T17:48:48","modified_gmt":"2022-04-18T17:48:48","slug":"adios-sabata-dvd","status":"publish","type":"product","link":"https:\/\/cinemasoul.es\/?product=adios-sabata-dvd","title":{"rendered":"Adi\u00f3s, S\u00e1bata [DVD]"},"content":{"rendered":"","protected":false},"excerpt":{"rendered":"<p><strong>T\u00edtulo original<\/strong> Indio Black, sai che ti dico: Sei un gran figlio di&#8230;\u00a0<strong>A\u00f1o<\/strong> 1971\u00a0<strong>Duraci\u00f3n<\/strong> 104 min.\u00a0<strong>Pa\u00eds<\/strong> Italia\u00a0<strong>Direcci\u00f3n<\/strong> Gianfranco Parolini\u00a0<strong>Guion<\/strong> Renato Izzo, Gianfranco Parolini\u00a0<strong>M\u00fasica<\/strong> Bruno Nicolai\u00a0<strong>Fotograf\u00eda<\/strong> Sandro Mancori\u00a0<strong>Reparto<\/strong> Yul Brynner, Dean Reed, Ignazio Spalla, G\u00e9rard Herter, Salvatore Borghese, Franco Fantasia, Joseph P. Persaud, Andrea Scotti, Nieves Navarro, Luciano Casamonica\u00a0<strong>Productora<\/strong> Coproducci\u00f3n Italia-Espa\u00f1a;\u00a0<strong>G\u00e9nero<\/strong> Western. Acci\u00f3n | Spaghetti Western.<\/p>\n<p><strong>Sinopsis<\/strong> M\u00e9xico, 1867. Durante la revoluci\u00f3n de Benito Ju\u00e1rez contra las tropas de Maximiliano de Austria, uno de los l\u00edderes del pueblo planea robar un ingente cargamento de oro en poder del despiadado coronel Skimmel que servir\u00e1 para financiar la revuelta. Para ello deciden contratar al hombre m\u00e1s adecuado para la empresa, un mercenario conocido por su punter\u00eda que responde al nombre de S\u00e1bata.<\/p>\n","protected":false},"featured_media":4688,"comment_status":"open","ping_status":"closed","template":"","meta":{"site-sidebar-layout":"default","site-content-layout":"default","ast-site-content-layout":"default","site-content-style":"default","site-sidebar-style":"default","ast-global-header-display":"","ast-banner-title-visibility":"","ast-main-header-display":"","ast-hfb-above-header-display":"","ast-hfb-below-header-display":"","ast-hfb-mobile-header-display":"","site-post-title":"","ast-breadcrumbs-content":"","ast-featured-img":"","footer-sml-layout":"","ast-disable-related-posts":"","theme-transparent-header-meta":"","adv-header-id-meta":"","stick-header-meta":"","header-above-stick-meta":"","header-main-stick-meta":"","header-below-stick-meta":"","astra-migrate-meta-layouts":"default","ast-page-background-enabled":"default","ast-page-background-meta":{"desktop":{"background-color":"","background-image":"","background-repeat":"repeat","background-position":"center center","background-size":"auto","background-attachment":"scroll","background-type":"","background-media":"","overlay-type":"","overlay-color":"","overlay-opacity":"","overlay-gradient":""},"tablet":{"background-color":"","background-image":"","background-repeat":"repeat","background-position":"center center","background-size":"auto","background-attachment":"scroll","background-type":"","background-media":"","overlay-type":"","overlay-color":"","overlay-opacity":"","overlay-gradient":""},"mobile":{"background-color":"","background-image":"","background-repeat":"repeat","background-position":"center center","background-size":"auto","background-attachment":"scroll","background-type":"","background-media":"","overlay-type":"","overlay-color":"","overlay-opacity":"","overlay-gradient":""}},"ast-content-background-meta":{"desktop":{"background-color":"var(--ast-global-color-5)","background-image":"","background-repeat":"repeat","background-position":"center center","background-size":"auto","background-attachment":"scroll","background-type":"","background-media":"","overlay-type":"","overlay-color":"","overlay-opacity":"","overlay-gradient":""},"tablet":{"background-color":"var(--ast-global-color-5)","background-image":"","background-repeat":"repeat","background-position":"center center","background-size":"auto","background-attachment":"scroll","background-type":"","background-media":"","overlay-type":"","overlay-color":"","overlay-opacity":"","overlay-gradient":""},"mobile":{"background-color":"var(--ast-global-color-5)","background-image":"","background-repeat":"repeat","background-position":"center center","background-size":"auto","background-attachment":"scroll","background-type":"","background-media":"","overlay-type":"","overlay-color":"","overlay-opacity":"","overlay-gradient":""}},"_joinchat":[]},"product_brand":[],"product_cat":[42],"product_tag":[],"class_list":{"0":"post-4687","1":"product","2":"type-product","3":"status-publish","4":"has-post-thumbnail","6":"product_cat-dvd","7":"desktop-align-left","8":"tablet-align-left","9":"mobile-align-left","11":"first","12":"instock","13":"sale","14":"shipping-taxable","15":"purchasable","16":"product-type-simple"},"_links":{"self":[{"href":"https:\/\/cinemasoul.es\/index.php?rest_route=\/wp\/v2\/product\/4687","targetHints":{"allow":["GET"]}}],"collection":[{"href":"https:\/\/cinemasoul.es\/index.php?rest_route=\/wp\/v2\/product"}],"about":[{"href":"https:\/\/cinemasoul.es\/index.php?rest_route=\/wp\/v2\/types\/product"}],"replies":[{"embeddable":true,"href":"https:\/\/cinemasoul.es\/index.php?rest_route=%2Fwp%2Fv2%2Fcomments&post=4687"}],"version-history":[{"count":1,"href":"https:\/\/cinemasoul.es\/index.php?rest_route=\/wp\/v2\/product\/4687\/revisions"}],"predecessor-version":[{"id":4690,"href":"https:\/\/cinemasoul.es\/index.php?rest_route=\/wp\/v2\/product\/4687\/revisions\/4690"}],"wp:featuredmedia":[{"embeddable":true,"href":"https:\/\/cinemasoul.es\/index.php?rest_route=\/wp\/v2\/media\/4688"}],"wp:attachment":[{"href":"https:\/\/cinemasoul.es\/index.php?rest_route=%2Fwp%2Fv2%2Fmedia&parent=4687"}],"wp:term":[{"taxonomy":"product_brand","embeddable":true,"href":"https:\/\/cinemasoul.es\/index.php?rest_route=%2Fwp%2Fv2%2Fproduct_brand&post=4687"},{"taxonomy":"product_cat","embeddable":true,"href":"https:\/\/cinemasoul.es\/index.php?rest_route=%2Fwp%2Fv2%2Fproduct_cat&post=4687"},{"taxonomy":"product_tag","embeddable":true,"href":"https:\/\/cinemasoul.es\/index.php?rest_route=%2Fwp%2Fv2%2Fproduct_tag&post=4687"}],"curies":[{"name":"wp","href":"https:\/\/api.w.org\/{rel}","templated":true}]}}