{"id":4675,"date":"2022-04-18T17:17:28","date_gmt":"2022-04-18T17:17:28","guid":{"rendered":"https:\/\/www.cinemasoul.es\/?post_type=product&#038;p=4675"},"modified":"2022-04-18T17:17:28","modified_gmt":"2022-04-18T17:17:28","slug":"el-guateque-dvd","status":"publish","type":"product","link":"https:\/\/cinemasoul.es\/?product=el-guateque-dvd","title":{"rendered":"El Guateque [DVD]"},"content":{"rendered":"","protected":false},"excerpt":{"rendered":"<p><strong>T\u00edtulo<\/strong> <strong>original<\/strong> The Party\u00a0<strong>A\u00f1o<\/strong> 1968\u00a0<strong>Duraci\u00f3n<\/strong> 99 min.\u00a0<strong>Pa\u00eds<\/strong> Estados Unidos Estados Unidos\u00a0<strong>Direcci\u00f3n<\/strong> Blake Edwards\u00a0<strong>Guion<\/strong> Blake Edwards, Tom Waldman, Frank Waldman <strong>M\u00fasica<\/strong> Henry Mancini\u00a0<strong>Fotograf\u00eda<\/strong> Lucien Ballard\u00a0<strong>Reparto<\/strong> Peter Sellers, Claudine Longet, Marge Champion, J. Edward McKinley, Natalia Borisova, Fay McKenzie, Jean Carson, Al Checco, Corinne Cole, Dick Crockett\u00a0<strong>Productora<\/strong> The Mirisch Corporation.\u00a0<strong>Distribuidora<\/strong>: United Artists <strong>G\u00e9nero<\/strong> Comedia<\/p>\n<p><strong>Sinopsis<\/strong> Hrundi V. Bakshi es un patoso actor de origen hind\u00fa que se encuentra rodando una pel\u00edcula en el desierto. Por sus continuas meteduras de pata, es despedido del rodaje. Inesperadamente, recibe una invitaci\u00f3n para asistir a una sofisticada fiesta organizada por el productor de su \u00faltima pel\u00edcula. Gracias a Hrundi, en la fiesta se producir\u00e1n las situaciones m\u00e1s disparatadas.<\/p>\n","protected":false},"featured_media":4676,"comment_status":"open","ping_status":"closed","template":"","meta":{"site-sidebar-layout":"default","site-content-layout":"default","ast-site-content-layout":"default","site-content-style":"default","site-sidebar-style":"default","ast-global-header-display":"","ast-banner-title-visibility":"","ast-main-header-display":"","ast-hfb-above-header-display":"","ast-hfb-below-header-display":"","ast-hfb-mobile-header-display":"","site-post-title":"","ast-breadcrumbs-content":"","ast-featured-img":"","footer-sml-layout":"","ast-disable-related-posts":"","theme-transparent-header-meta":"","adv-header-id-meta":"","stick-header-meta":"","header-above-stick-meta":"","header-main-stick-meta":"","header-below-stick-meta":"","astra-migrate-meta-layouts":"default","ast-page-background-enabled":"default","ast-page-background-meta":{"desktop":{"background-color":"","background-image":"","background-repeat":"repeat","background-position":"center center","background-size":"auto","background-attachment":"scroll","background-type":"","background-media":"","overlay-type":"","overlay-color":"","overlay-opacity":"","overlay-gradient":""},"tablet":{"background-color":"","background-image":"","background-repeat":"repeat","background-position":"center center","background-size":"auto","background-attachment":"scroll","background-type":"","background-media":"","overlay-type":"","overlay-color":"","overlay-opacity":"","overlay-gradient":""},"mobile":{"background-color":"","background-image":"","background-repeat":"repeat","background-position":"center center","background-size":"auto","background-attachment":"scroll","background-type":"","background-media":"","overlay-type":"","overlay-color":"","overlay-opacity":"","overlay-gradient":""}},"ast-content-background-meta":{"desktop":{"background-color":"var(--ast-global-color-5)","background-image":"","background-repeat":"repeat","background-position":"center center","background-size":"auto","background-attachment":"scroll","background-type":"","background-media":"","overlay-type":"","overlay-color":"","overlay-opacity":"","overlay-gradient":""},"tablet":{"background-color":"var(--ast-global-color-5)","background-image":"","background-repeat":"repeat","background-position":"center center","background-size":"auto","background-attachment":"scroll","background-type":"","background-media":"","overlay-type":"","overlay-color":"","overlay-opacity":"","overlay-gradient":""},"mobile":{"background-color":"var(--ast-global-color-5)","background-image":"","background-repeat":"repeat","background-position":"center center","background-size":"auto","background-attachment":"scroll","background-type":"","background-media":"","overlay-type":"","overlay-color":"","overlay-opacity":"","overlay-gradient":""}},"_joinchat":[]},"product_brand":[],"product_cat":[42],"product_tag":[],"class_list":{"0":"post-4675","1":"product","2":"type-product","3":"status-publish","4":"has-post-thumbnail","6":"product_cat-dvd","7":"desktop-align-left","8":"tablet-align-left","9":"mobile-align-left","11":"first","12":"instock","13":"shipping-taxable","14":"purchasable","15":"product-type-simple"},"_links":{"self":[{"href":"https:\/\/cinemasoul.es\/index.php?rest_route=\/wp\/v2\/product\/4675","targetHints":{"allow":["GET"]}}],"collection":[{"href":"https:\/\/cinemasoul.es\/index.php?rest_route=\/wp\/v2\/product"}],"about":[{"href":"https:\/\/cinemasoul.es\/index.php?rest_route=\/wp\/v2\/types\/product"}],"replies":[{"embeddable":true,"href":"https:\/\/cinemasoul.es\/index.php?rest_route=%2Fwp%2Fv2%2Fcomments&post=4675"}],"version-history":[{"count":1,"href":"https:\/\/cinemasoul.es\/index.php?rest_route=\/wp\/v2\/product\/4675\/revisions"}],"predecessor-version":[{"id":4678,"href":"https:\/\/cinemasoul.es\/index.php?rest_route=\/wp\/v2\/product\/4675\/revisions\/4678"}],"wp:featuredmedia":[{"embeddable":true,"href":"https:\/\/cinemasoul.es\/index.php?rest_route=\/wp\/v2\/media\/4676"}],"wp:attachment":[{"href":"https:\/\/cinemasoul.es\/index.php?rest_route=%2Fwp%2Fv2%2Fmedia&parent=4675"}],"wp:term":[{"taxonomy":"product_brand","embeddable":true,"href":"https:\/\/cinemasoul.es\/index.php?rest_route=%2Fwp%2Fv2%2Fproduct_brand&post=4675"},{"taxonomy":"product_cat","embeddable":true,"href":"https:\/\/cinemasoul.es\/index.php?rest_route=%2Fwp%2Fv2%2Fproduct_cat&post=4675"},{"taxonomy":"product_tag","embeddable":true,"href":"https:\/\/cinemasoul.es\/index.php?rest_route=%2Fwp%2Fv2%2Fproduct_tag&post=4675"}],"curies":[{"name":"wp","href":"https:\/\/api.w.org\/{rel}","templated":true}]}}