{"id":4662,"date":"2022-04-12T12:30:01","date_gmt":"2022-04-12T12:30:01","guid":{"rendered":"https:\/\/www.cinemasoul.es\/?post_type=product&#038;p=4662"},"modified":"2022-04-12T12:30:02","modified_gmt":"2022-04-12T12:30:02","slug":"ejecucion-inminente-dvd","status":"publish","type":"product","link":"https:\/\/cinemasoul.es\/?product=ejecucion-inminente-dvd","title":{"rendered":"Ejecuci\u00f3n Inminente [DVD]"},"content":{"rendered":"","protected":false},"excerpt":{"rendered":"<p><strong>T\u00edtulo original<\/strong> True Crime\u00a0<strong>A\u00f1o <\/strong>1999\u00a0<strong>Duraci\u00f3n<\/strong> 127 min.\u00a0<strong>Pa\u00eds <\/strong>Estados Unidos\u00a0<strong>Direcci\u00f3n<\/strong> Clint Eastwood\u00a0<strong>Guion<\/strong> Larry Gross, Paul Brickman, Stephen Schiff. <strong>Novela<\/strong>: Andrew Klavan\u00a0<strong>M\u00fasica<\/strong> Lennie Niehaus\u00a0<strong>Fotograf\u00eda <\/strong>Jack N. Green\u00a0<strong>Reparto<\/strong> Clint Eastwood, Isaiah Washington, James Woods, Denis Leary, Lisa Gay Hamilton, Diane Venora, Bernard Hill, Michael McKean, Michael Jeter, Mary McCormack, Graham Beckel, Lucy Liu, Penny Bae Bridges.\u00a0<strong>Productora<\/strong> Zanuck Company, Malpaso Productions. <strong>Distribuidora<\/strong>: Warner Bros.<\/p>\n<p><strong>G\u00e9nero<\/strong> Intriga. Thriller | Periodismo<\/p>\n<p><strong>Sinopsis<\/strong> Steve Everett es un periodista de investigaci\u00f3n alcoh\u00f3lico y mujeriego. Su estilo de vida no s\u00f3lo lo ha desprestigiado profesionalmente, sino que adem\u00e1s ha arruinado su matrimonio. Encuentra una inesperada oportunidad de rehabilitaci\u00f3n cuando le encargan una entrevista con un condenado a muerte en la v\u00edspera de su ejecuci\u00f3n. A pesar de ello, decide investigar por su cuenta y ciertos indicios le hacen sospechar que el hombre que va a ser ejecutado es inocente. Sin embargo, dispone de muy poco tiempo para conseguir la informaci\u00f3n necesaria que haga posible el indulto e impida la ejecuci\u00f3n de la sentencia.<\/p>\n","protected":false},"featured_media":4663,"comment_status":"open","ping_status":"closed","template":"","meta":{"site-sidebar-layout":"default","site-content-layout":"default","ast-site-content-layout":"default","site-content-style":"default","site-sidebar-style":"default","ast-global-header-display":"","ast-banner-title-visibility":"","ast-main-header-display":"","ast-hfb-above-header-display":"","ast-hfb-below-header-display":"","ast-hfb-mobile-header-display":"","site-post-title":"","ast-breadcrumbs-content":"","ast-featured-img":"","footer-sml-layout":"","ast-disable-related-posts":"","theme-transparent-header-meta":"","adv-header-id-meta":"","stick-header-meta":"","header-above-stick-meta":"","header-main-stick-meta":"","header-below-stick-meta":"","astra-migrate-meta-layouts":"default","ast-page-background-enabled":"default","ast-page-background-meta":{"desktop":{"background-color":"","background-image":"","background-repeat":"repeat","background-position":"center center","background-size":"auto","background-attachment":"scroll","background-type":"","background-media":"","overlay-type":"","overlay-color":"","overlay-opacity":"","overlay-gradient":""},"tablet":{"background-color":"","background-image":"","background-repeat":"repeat","background-position":"center center","background-size":"auto","background-attachment":"scroll","background-type":"","background-media":"","overlay-type":"","overlay-color":"","overlay-opacity":"","overlay-gradient":""},"mobile":{"background-color":"","background-image":"","background-repeat":"repeat","background-position":"center center","background-size":"auto","background-attachment":"scroll","background-type":"","background-media":"","overlay-type":"","overlay-color":"","overlay-opacity":"","overlay-gradient":""}},"ast-content-background-meta":{"desktop":{"background-color":"var(--ast-global-color-5)","background-image":"","background-repeat":"repeat","background-position":"center center","background-size":"auto","background-attachment":"scroll","background-type":"","background-media":"","overlay-type":"","overlay-color":"","overlay-opacity":"","overlay-gradient":""},"tablet":{"background-color":"var(--ast-global-color-5)","background-image":"","background-repeat":"repeat","background-position":"center center","background-size":"auto","background-attachment":"scroll","background-type":"","background-media":"","overlay-type":"","overlay-color":"","overlay-opacity":"","overlay-gradient":""},"mobile":{"background-color":"var(--ast-global-color-5)","background-image":"","background-repeat":"repeat","background-position":"center center","background-size":"auto","background-attachment":"scroll","background-type":"","background-media":"","overlay-type":"","overlay-color":"","overlay-opacity":"","overlay-gradient":""}},"_joinchat":[]},"product_brand":[],"product_cat":[42],"product_tag":[],"class_list":{"0":"post-4662","1":"product","2":"type-product","3":"status-publish","4":"has-post-thumbnail","6":"product_cat-dvd","7":"desktop-align-left","8":"tablet-align-left","9":"mobile-align-left","11":"first","12":"instock","13":"shipping-taxable","14":"purchasable","15":"product-type-simple"},"_links":{"self":[{"href":"https:\/\/cinemasoul.es\/index.php?rest_route=\/wp\/v2\/product\/4662","targetHints":{"allow":["GET"]}}],"collection":[{"href":"https:\/\/cinemasoul.es\/index.php?rest_route=\/wp\/v2\/product"}],"about":[{"href":"https:\/\/cinemasoul.es\/index.php?rest_route=\/wp\/v2\/types\/product"}],"replies":[{"embeddable":true,"href":"https:\/\/cinemasoul.es\/index.php?rest_route=%2Fwp%2Fv2%2Fcomments&post=4662"}],"version-history":[{"count":1,"href":"https:\/\/cinemasoul.es\/index.php?rest_route=\/wp\/v2\/product\/4662\/revisions"}],"predecessor-version":[{"id":4665,"href":"https:\/\/cinemasoul.es\/index.php?rest_route=\/wp\/v2\/product\/4662\/revisions\/4665"}],"wp:featuredmedia":[{"embeddable":true,"href":"https:\/\/cinemasoul.es\/index.php?rest_route=\/wp\/v2\/media\/4663"}],"wp:attachment":[{"href":"https:\/\/cinemasoul.es\/index.php?rest_route=%2Fwp%2Fv2%2Fmedia&parent=4662"}],"wp:term":[{"taxonomy":"product_brand","embeddable":true,"href":"https:\/\/cinemasoul.es\/index.php?rest_route=%2Fwp%2Fv2%2Fproduct_brand&post=4662"},{"taxonomy":"product_cat","embeddable":true,"href":"https:\/\/cinemasoul.es\/index.php?rest_route=%2Fwp%2Fv2%2Fproduct_cat&post=4662"},{"taxonomy":"product_tag","embeddable":true,"href":"https:\/\/cinemasoul.es\/index.php?rest_route=%2Fwp%2Fv2%2Fproduct_tag&post=4662"}],"curies":[{"name":"wp","href":"https:\/\/api.w.org\/{rel}","templated":true}]}}