{"id":4658,"date":"2022-04-12T12:21:09","date_gmt":"2022-04-12T12:21:09","guid":{"rendered":"https:\/\/www.cinemasoul.es\/?post_type=product&#038;p=4658"},"modified":"2022-04-12T12:21:11","modified_gmt":"2022-04-12T12:21:11","slug":"los-bajos-fondos-dvd","status":"publish","type":"product","link":"https:\/\/cinemasoul.es\/?product=los-bajos-fondos-dvd","title":{"rendered":"Los bajos fondos [DVD]"},"content":{"rendered":"","protected":false},"excerpt":{"rendered":"<p><strong>T\u00edtulo original<\/strong> Donzoko\u00a0<strong>A\u00f1o<\/strong> 1957\u00a0<strong>Duraci\u00f3n<\/strong> 137 min.\u00a0<strong>Pa\u00eds<\/strong> Jap\u00f3n\u00a0<strong>Direcci\u00f3n<\/strong> Akira Kurosawa\u00a0<strong>Guion <\/strong>Akira Kurosawa.\u00a0<strong>Obra<\/strong>: Maksim Gorki\u00a0<strong>M\u00fasica<\/strong> Masaru Sat\u00f4\u00a0<strong>Fotograf\u00eda<\/strong> Ichio Yamazaki (B&amp;W)\u00a0<strong>Reparto<\/strong> Toshir\u00f4 Mifune, Isuzu Yamada, Ky\u00f4ko Kagawa, Ganjiro Nakamura, Minoru Chiaki, Kamatari Fujiwara, Akemi Negishi, Nijiko Kiyokawa, Koji Mitsui, Eijir\u00f4 Tono, Haruo Tanaka, Eiko Miyoshi, Bokuzen Hidari, Atsushi Watanabe, Kichijiro Ueda\u00a0<strong>Productora <\/strong>Toho\u00a0<strong>G\u00e9nero<\/strong> Drama | Remake. Drama social. Pobreza<\/p>\n<p><strong>Sinopsis<\/strong> En un barrio miserable e insalubre del Tokio feudal, hay un albergue, regentado por Robukei y su mujer, en el que se puede encontrar alojamiento por poco dinero. All\u00ed conviven gentes de todos los estratos sociales, que ahora pertenecen al bajo proletariado: un antiguo polic\u00eda, un viejo artesano, un actor fracasado, un ladr\u00f3n, una prostituta: todos ellos conforman el paisaje cotidiano de la miseria.<\/p>\n","protected":false},"featured_media":4659,"comment_status":"open","ping_status":"closed","template":"","meta":{"site-sidebar-layout":"default","site-content-layout":"default","ast-site-content-layout":"default","site-content-style":"default","site-sidebar-style":"default","ast-global-header-display":"","ast-banner-title-visibility":"","ast-main-header-display":"","ast-hfb-above-header-display":"","ast-hfb-below-header-display":"","ast-hfb-mobile-header-display":"","site-post-title":"","ast-breadcrumbs-content":"","ast-featured-img":"","footer-sml-layout":"","ast-disable-related-posts":"","theme-transparent-header-meta":"","adv-header-id-meta":"","stick-header-meta":"","header-above-stick-meta":"","header-main-stick-meta":"","header-below-stick-meta":"","astra-migrate-meta-layouts":"default","ast-page-background-enabled":"default","ast-page-background-meta":{"desktop":{"background-color":"","background-image":"","background-repeat":"repeat","background-position":"center center","background-size":"auto","background-attachment":"scroll","background-type":"","background-media":"","overlay-type":"","overlay-color":"","overlay-opacity":"","overlay-gradient":""},"tablet":{"background-color":"","background-image":"","background-repeat":"repeat","background-position":"center center","background-size":"auto","background-attachment":"scroll","background-type":"","background-media":"","overlay-type":"","overlay-color":"","overlay-opacity":"","overlay-gradient":""},"mobile":{"background-color":"","background-image":"","background-repeat":"repeat","background-position":"center center","background-size":"auto","background-attachment":"scroll","background-type":"","background-media":"","overlay-type":"","overlay-color":"","overlay-opacity":"","overlay-gradient":""}},"ast-content-background-meta":{"desktop":{"background-color":"var(--ast-global-color-5)","background-image":"","background-repeat":"repeat","background-position":"center center","background-size":"auto","background-attachment":"scroll","background-type":"","background-media":"","overlay-type":"","overlay-color":"","overlay-opacity":"","overlay-gradient":""},"tablet":{"background-color":"var(--ast-global-color-5)","background-image":"","background-repeat":"repeat","background-position":"center center","background-size":"auto","background-attachment":"scroll","background-type":"","background-media":"","overlay-type":"","overlay-color":"","overlay-opacity":"","overlay-gradient":""},"mobile":{"background-color":"var(--ast-global-color-5)","background-image":"","background-repeat":"repeat","background-position":"center center","background-size":"auto","background-attachment":"scroll","background-type":"","background-media":"","overlay-type":"","overlay-color":"","overlay-opacity":"","overlay-gradient":""}},"_joinchat":[]},"product_brand":[],"product_cat":[42],"product_tag":[],"class_list":{"0":"post-4658","1":"product","2":"type-product","3":"status-publish","4":"has-post-thumbnail","6":"product_cat-dvd","7":"desktop-align-left","8":"tablet-align-left","9":"mobile-align-left","11":"first","12":"instock","13":"sale","14":"shipping-taxable","15":"purchasable","16":"product-type-simple"},"_links":{"self":[{"href":"https:\/\/cinemasoul.es\/index.php?rest_route=\/wp\/v2\/product\/4658","targetHints":{"allow":["GET"]}}],"collection":[{"href":"https:\/\/cinemasoul.es\/index.php?rest_route=\/wp\/v2\/product"}],"about":[{"href":"https:\/\/cinemasoul.es\/index.php?rest_route=\/wp\/v2\/types\/product"}],"replies":[{"embeddable":true,"href":"https:\/\/cinemasoul.es\/index.php?rest_route=%2Fwp%2Fv2%2Fcomments&post=4658"}],"version-history":[{"count":1,"href":"https:\/\/cinemasoul.es\/index.php?rest_route=\/wp\/v2\/product\/4658\/revisions"}],"predecessor-version":[{"id":4661,"href":"https:\/\/cinemasoul.es\/index.php?rest_route=\/wp\/v2\/product\/4658\/revisions\/4661"}],"wp:featuredmedia":[{"embeddable":true,"href":"https:\/\/cinemasoul.es\/index.php?rest_route=\/wp\/v2\/media\/4659"}],"wp:attachment":[{"href":"https:\/\/cinemasoul.es\/index.php?rest_route=%2Fwp%2Fv2%2Fmedia&parent=4658"}],"wp:term":[{"taxonomy":"product_brand","embeddable":true,"href":"https:\/\/cinemasoul.es\/index.php?rest_route=%2Fwp%2Fv2%2Fproduct_brand&post=4658"},{"taxonomy":"product_cat","embeddable":true,"href":"https:\/\/cinemasoul.es\/index.php?rest_route=%2Fwp%2Fv2%2Fproduct_cat&post=4658"},{"taxonomy":"product_tag","embeddable":true,"href":"https:\/\/cinemasoul.es\/index.php?rest_route=%2Fwp%2Fv2%2Fproduct_tag&post=4658"}],"curies":[{"name":"wp","href":"https:\/\/api.w.org\/{rel}","templated":true}]}}