{"id":4654,"date":"2022-04-12T11:37:40","date_gmt":"2022-04-12T11:37:40","guid":{"rendered":"https:\/\/www.cinemasoul.es\/?post_type=product&#038;p=4654"},"modified":"2022-04-12T11:37:43","modified_gmt":"2022-04-12T11:37:43","slug":"la-leyenda-del-gran-judo-dvd","status":"publish","type":"product","link":"https:\/\/cinemasoul.es\/?product=la-leyenda-del-gran-judo-dvd","title":{"rendered":"La leyenda del gran Judo [DVD]"},"content":{"rendered":"","protected":false},"excerpt":{"rendered":"<p><strong>T\u00edtulo original<\/strong> Sugata Sanshir\u00f4\u00a0<strong>A\u00f1o<\/strong> 1943\u00a0<strong>Duraci\u00f3n<\/strong> 80 min.\u00a0<strong>Pa\u00eds<\/strong> Jap\u00f3n\u00a0<strong>Direcci\u00f3n<\/strong> Akira Kurosawa\u00a0<strong>Guion<\/strong> Akira Kurosawa.\u00a0<strong>Novela<\/strong>: Tsuneo Tomita\u00a0<strong>M\u00fasica<\/strong> Seiichi Suzuki\u00a0<strong>Fotograf\u00eda<\/strong> Akira Mimura (B&amp;W)\u00a0<strong>Reparto<\/strong> Denjir\u00f4 \u00d4k\u00f4chi, Susumu Fujita, Yukiko Todoroki, Ryunosuke Tsukigata, Takashi Shimura, Ranko Hanai, Sugisaku Aoyama, Ichiro Sugai, Yoshio Kosugi, Kokuten K\u00f4d\u00f4 <strong>Productora<\/strong> Toho\u00a0<strong>G\u00e9nero<\/strong> Aventuras. Acci\u00f3n. Drama | Artes marciales. Judo. Siglo XIX\u00a0<strong>Sinopsis<\/strong> 1883, a principios de la era Meijii. Sanshiro Sugata es disc\u00edpulo de Shogoro Yano, un maestro de judo. A lo largo de su aprendizaje y de sus combates aprender\u00e1 los principios y valores primordiales de una filosof\u00eda que le permitir\u00e1 guiar sus pasos en la vida.<\/p>\n","protected":false},"featured_media":4655,"comment_status":"open","ping_status":"closed","template":"","meta":{"site-sidebar-layout":"default","site-content-layout":"default","ast-site-content-layout":"default","site-content-style":"default","site-sidebar-style":"default","ast-global-header-display":"","ast-banner-title-visibility":"","ast-main-header-display":"","ast-hfb-above-header-display":"","ast-hfb-below-header-display":"","ast-hfb-mobile-header-display":"","site-post-title":"","ast-breadcrumbs-content":"","ast-featured-img":"","footer-sml-layout":"","ast-disable-related-posts":"","theme-transparent-header-meta":"","adv-header-id-meta":"","stick-header-meta":"","header-above-stick-meta":"","header-main-stick-meta":"","header-below-stick-meta":"","astra-migrate-meta-layouts":"default","ast-page-background-enabled":"default","ast-page-background-meta":{"desktop":{"background-color":"","background-image":"","background-repeat":"repeat","background-position":"center center","background-size":"auto","background-attachment":"scroll","background-type":"","background-media":"","overlay-type":"","overlay-color":"","overlay-opacity":"","overlay-gradient":""},"tablet":{"background-color":"","background-image":"","background-repeat":"repeat","background-position":"center center","background-size":"auto","background-attachment":"scroll","background-type":"","background-media":"","overlay-type":"","overlay-color":"","overlay-opacity":"","overlay-gradient":""},"mobile":{"background-color":"","background-image":"","background-repeat":"repeat","background-position":"center center","background-size":"auto","background-attachment":"scroll","background-type":"","background-media":"","overlay-type":"","overlay-color":"","overlay-opacity":"","overlay-gradient":""}},"ast-content-background-meta":{"desktop":{"background-color":"var(--ast-global-color-5)","background-image":"","background-repeat":"repeat","background-position":"center center","background-size":"auto","background-attachment":"scroll","background-type":"","background-media":"","overlay-type":"","overlay-color":"","overlay-opacity":"","overlay-gradient":""},"tablet":{"background-color":"var(--ast-global-color-5)","background-image":"","background-repeat":"repeat","background-position":"center center","background-size":"auto","background-attachment":"scroll","background-type":"","background-media":"","overlay-type":"","overlay-color":"","overlay-opacity":"","overlay-gradient":""},"mobile":{"background-color":"var(--ast-global-color-5)","background-image":"","background-repeat":"repeat","background-position":"center center","background-size":"auto","background-attachment":"scroll","background-type":"","background-media":"","overlay-type":"","overlay-color":"","overlay-opacity":"","overlay-gradient":""}},"_joinchat":[]},"product_brand":[],"product_cat":[42],"product_tag":[],"class_list":{"0":"post-4654","1":"product","2":"type-product","3":"status-publish","4":"has-post-thumbnail","6":"product_cat-dvd","7":"desktop-align-left","8":"tablet-align-left","9":"mobile-align-left","11":"first","12":"instock","13":"sale","14":"shipping-taxable","15":"purchasable","16":"product-type-simple"},"_links":{"self":[{"href":"https:\/\/cinemasoul.es\/index.php?rest_route=\/wp\/v2\/product\/4654","targetHints":{"allow":["GET"]}}],"collection":[{"href":"https:\/\/cinemasoul.es\/index.php?rest_route=\/wp\/v2\/product"}],"about":[{"href":"https:\/\/cinemasoul.es\/index.php?rest_route=\/wp\/v2\/types\/product"}],"replies":[{"embeddable":true,"href":"https:\/\/cinemasoul.es\/index.php?rest_route=%2Fwp%2Fv2%2Fcomments&post=4654"}],"version-history":[{"count":1,"href":"https:\/\/cinemasoul.es\/index.php?rest_route=\/wp\/v2\/product\/4654\/revisions"}],"predecessor-version":[{"id":4657,"href":"https:\/\/cinemasoul.es\/index.php?rest_route=\/wp\/v2\/product\/4654\/revisions\/4657"}],"wp:featuredmedia":[{"embeddable":true,"href":"https:\/\/cinemasoul.es\/index.php?rest_route=\/wp\/v2\/media\/4655"}],"wp:attachment":[{"href":"https:\/\/cinemasoul.es\/index.php?rest_route=%2Fwp%2Fv2%2Fmedia&parent=4654"}],"wp:term":[{"taxonomy":"product_brand","embeddable":true,"href":"https:\/\/cinemasoul.es\/index.php?rest_route=%2Fwp%2Fv2%2Fproduct_brand&post=4654"},{"taxonomy":"product_cat","embeddable":true,"href":"https:\/\/cinemasoul.es\/index.php?rest_route=%2Fwp%2Fv2%2Fproduct_cat&post=4654"},{"taxonomy":"product_tag","embeddable":true,"href":"https:\/\/cinemasoul.es\/index.php?rest_route=%2Fwp%2Fv2%2Fproduct_tag&post=4654"}],"curies":[{"name":"wp","href":"https:\/\/api.w.org\/{rel}","templated":true}]}}