{"id":4644,"date":"2022-04-12T11:03:03","date_gmt":"2022-04-12T11:03:03","guid":{"rendered":"https:\/\/www.cinemasoul.es\/?post_type=product&#038;p=4644"},"modified":"2022-04-12T11:03:06","modified_gmt":"2022-04-12T11:03:06","slug":"los-canallas-duermen-en-paz-dvd","status":"publish","type":"product","link":"https:\/\/cinemasoul.es\/?product=los-canallas-duermen-en-paz-dvd","title":{"rendered":"Los Canallas Duermen en Paz [DVD]"},"content":{"rendered":"","protected":false},"excerpt":{"rendered":"<p><strong>T\u00cdTULO ORIGINAL<\/strong>:\u00a0THE BAD SLEEP WELL\u00a0<strong>DIRIGIDA<\/strong> POR AKIRA KUROSAWA <strong>GUI\u00d3N<\/strong> DE\u00a0SHINOBU HASHIMOTO, EIJIR\u00d4 HISAITA, RYUZO KIKUSHIMA, HIDEO OGUNI, AKIRA KUROSAWA\u00a0<strong>M\u00daSICA<\/strong> DE\u00a0MASARU SAT\u00d4 <strong>FOTOGRAFIA<\/strong> DE\u00a0YUZURU AIZAWA\u00a0<strong>REPARTO<\/strong>: TOSHIR\u00d4 MIFUNE, MASAYUKI MORI, KY\u00d4KO KAGAWA, TATSUYA MIHASHI, TAKASHI SHIMURA, K\u00d4 NISHIMURA<\/p>\n<p><strong>NACIONALIDAD<\/strong>: JAP\u00d3N\u00a0<strong>A\u00d1O<\/strong>: 1960\u00a0<strong>G\u00c9NERO<\/strong>: CRIMEN, DRAMA <strong>DURACI\u00d3N<\/strong>: 144 MIN.APROX.\u00a0<strong>FORMATO<\/strong>: 16\/9 2.35:1\u00a0<strong>COLOR<\/strong>: B\/N\u00a0<strong>IDIOMAS<\/strong>: CASTELLANO Y JAPONES\u00a0<strong>SUBT\u00cdTULOS<\/strong>: ESPA\u00d1OL\u00a0CERTIFICADO DE CALIFICACI\u00d3N\u00a0N\u00ba\u00a074.728\u00a0<strong>CLASIFICACI\u00d3N<\/strong>: NO RECOMENDADA PARA MENORES DE 13 A\u00d1OS<\/p>\n<p>La pel\u00edcula <em>Los canallas duermen en paz<\/em> comienza con una suntuosa celebraci\u00f3n de una boda en la que el protagonista, Nishi, acaba de casarse con Yoshiko, la lisiada hija del vicepresidente de una importante empresa inmobiliaria. Nishi, antiguo vendedor de coches, es amigo del vividor hijo del vicepresidente Iwabuchi.\u00a0En esta boda tanto los medios como muchos miembros de la compa\u00f1\u00eda han cre\u00eddo ver una simple jugada de Nishi para ascender en la escala social. Sin embargo la aparente felicidad y el equilibrio de paz dentro de la empresa se romper\u00e1n cuando en la misma celebraci\u00f3n de boda comienzan, ciertos rumores y comentarios entre los invitados sobre la muerte injusta, cinco a\u00f1os atr\u00e1s, del padre de Nishi, y una posible venganza que implicar\u00eda a yerno y suegro.<\/p>\n","protected":false},"featured_media":4645,"comment_status":"open","ping_status":"closed","template":"","meta":{"site-sidebar-layout":"default","site-content-layout":"default","ast-site-content-layout":"default","site-content-style":"default","site-sidebar-style":"default","ast-global-header-display":"","ast-banner-title-visibility":"","ast-main-header-display":"","ast-hfb-above-header-display":"","ast-hfb-below-header-display":"","ast-hfb-mobile-header-display":"","site-post-title":"","ast-breadcrumbs-content":"","ast-featured-img":"","footer-sml-layout":"","ast-disable-related-posts":"","theme-transparent-header-meta":"","adv-header-id-meta":"","stick-header-meta":"","header-above-stick-meta":"","header-main-stick-meta":"","header-below-stick-meta":"","astra-migrate-meta-layouts":"default","ast-page-background-enabled":"default","ast-page-background-meta":{"desktop":{"background-color":"","background-image":"","background-repeat":"repeat","background-position":"center center","background-size":"auto","background-attachment":"scroll","background-type":"","background-media":"","overlay-type":"","overlay-color":"","overlay-opacity":"","overlay-gradient":""},"tablet":{"background-color":"","background-image":"","background-repeat":"repeat","background-position":"center center","background-size":"auto","background-attachment":"scroll","background-type":"","background-media":"","overlay-type":"","overlay-color":"","overlay-opacity":"","overlay-gradient":""},"mobile":{"background-color":"","background-image":"","background-repeat":"repeat","background-position":"center center","background-size":"auto","background-attachment":"scroll","background-type":"","background-media":"","overlay-type":"","overlay-color":"","overlay-opacity":"","overlay-gradient":""}},"ast-content-background-meta":{"desktop":{"background-color":"var(--ast-global-color-5)","background-image":"","background-repeat":"repeat","background-position":"center center","background-size":"auto","background-attachment":"scroll","background-type":"","background-media":"","overlay-type":"","overlay-color":"","overlay-opacity":"","overlay-gradient":""},"tablet":{"background-color":"var(--ast-global-color-5)","background-image":"","background-repeat":"repeat","background-position":"center center","background-size":"auto","background-attachment":"scroll","background-type":"","background-media":"","overlay-type":"","overlay-color":"","overlay-opacity":"","overlay-gradient":""},"mobile":{"background-color":"var(--ast-global-color-5)","background-image":"","background-repeat":"repeat","background-position":"center center","background-size":"auto","background-attachment":"scroll","background-type":"","background-media":"","overlay-type":"","overlay-color":"","overlay-opacity":"","overlay-gradient":""}},"_joinchat":[]},"product_brand":[],"product_cat":[42],"product_tag":[],"class_list":{"0":"post-4644","1":"product","2":"type-product","3":"status-publish","4":"has-post-thumbnail","6":"product_cat-dvd","7":"desktop-align-left","8":"tablet-align-left","9":"mobile-align-left","11":"first","12":"instock","13":"shipping-taxable","14":"purchasable","15":"product-type-simple"},"_links":{"self":[{"href":"https:\/\/cinemasoul.es\/index.php?rest_route=\/wp\/v2\/product\/4644","targetHints":{"allow":["GET"]}}],"collection":[{"href":"https:\/\/cinemasoul.es\/index.php?rest_route=\/wp\/v2\/product"}],"about":[{"href":"https:\/\/cinemasoul.es\/index.php?rest_route=\/wp\/v2\/types\/product"}],"replies":[{"embeddable":true,"href":"https:\/\/cinemasoul.es\/index.php?rest_route=%2Fwp%2Fv2%2Fcomments&post=4644"}],"version-history":[{"count":2,"href":"https:\/\/cinemasoul.es\/index.php?rest_route=\/wp\/v2\/product\/4644\/revisions"}],"predecessor-version":[{"id":4650,"href":"https:\/\/cinemasoul.es\/index.php?rest_route=\/wp\/v2\/product\/4644\/revisions\/4650"}],"wp:featuredmedia":[{"embeddable":true,"href":"https:\/\/cinemasoul.es\/index.php?rest_route=\/wp\/v2\/media\/4645"}],"wp:attachment":[{"href":"https:\/\/cinemasoul.es\/index.php?rest_route=%2Fwp%2Fv2%2Fmedia&parent=4644"}],"wp:term":[{"taxonomy":"product_brand","embeddable":true,"href":"https:\/\/cinemasoul.es\/index.php?rest_route=%2Fwp%2Fv2%2Fproduct_brand&post=4644"},{"taxonomy":"product_cat","embeddable":true,"href":"https:\/\/cinemasoul.es\/index.php?rest_route=%2Fwp%2Fv2%2Fproduct_cat&post=4644"},{"taxonomy":"product_tag","embeddable":true,"href":"https:\/\/cinemasoul.es\/index.php?rest_route=%2Fwp%2Fv2%2Fproduct_tag&post=4644"}],"curies":[{"name":"wp","href":"https:\/\/api.w.org\/{rel}","templated":true}]}}