{"id":4636,"date":"2022-04-07T17:24:40","date_gmt":"2022-04-07T17:24:40","guid":{"rendered":"https:\/\/www.cinemasoul.es\/?post_type=product&#038;p=4636"},"modified":"2022-04-07T17:24:40","modified_gmt":"2022-04-07T17:24:40","slug":"el-bosque-del-lobo","status":"publish","type":"product","link":"https:\/\/cinemasoul.es\/?product=el-bosque-del-lobo","title":{"rendered":"El bosque del lobo"},"content":{"rendered":"<p>Benito Freire es un buhonero que vive miserablemente en un ambiente dominado por la ignorancia y la superstici\u00f3n. Se dedica a la venta ambulante por los pueblos gallegos y padece severos ataques de epilepsia. Por la comarca empieza a extenderse el rumor de que es un hombre lobo y de que est\u00e1 pose\u00eddo por un esp\u00edritu demon\u00edaco. Y son, precisamente, las historias que de \u00e9l se cuentan las que comienzan a hacerle enloquecer.<\/p>\n<ul class=\"a-unordered-list a-nostyle a-vertical a-spacing-none detail-bullet-list\">\n<li><span class=\"a-list-item\"><span class=\"a-text-bold\">Relaci\u00f3n de aspecto \u200f : \u200e\u00a0<\/span>1.66:1<\/span><\/li>\n<li><span class=\"a-list-item\"><span class=\"a-text-bold\">Clasificado \u200f : \u200e\u00a0<\/span>No recomendada para menores de 12 a\u00f1os<\/span><\/li>\n<li><span class=\"a-list-item\"><span class=\"a-text-bold\">Dimensiones del paquete \u200f : \u200e\u00a0<\/span>17 x 13.5 x 2 cm; 100 gramos<\/span><\/li>\n<li><span class=\"a-list-item\"><span class=\"a-text-bold\">Director \u200f : \u200e\u00a0<\/span>Pedro Olea<\/span><\/li>\n<li><span class=\"a-list-item\"><span class=\"a-text-bold\">Tiempo de ejecuci\u00f3n \u200f : \u200e\u00a0<\/span>1 hora y 30 minutos<\/span><\/li>\n<li><span class=\"a-list-item\"><span class=\"a-text-bold\">Fecha de lanzamiento \u200f : \u200e\u00a0<\/span>1 abril 2022<\/span><\/li>\n<li><span class=\"a-list-item\"><span class=\"a-text-bold\">Actores \u200f : \u200e\u00a0<\/span>Jos\u00e9 Luis L\u00f3pez V\u00e1zquez, \u00a0Amparo Soler Leal, \u00a0Antonio Casas, \u00a0Nuria Torray, Alfredo Mayo<\/span><\/li>\n<li><span class=\"a-list-item\"><span class=\"a-text-bold\">Subtitulado: \u200f : \u200e\u00a0<\/span>Ninguno<\/span><\/li>\n<li><span class=\"a-list-item\"><span class=\"a-text-bold\">Subt\u00edtulos: \u200f : \u200e\u00a0<\/span>Espa\u00f1ol, Ingl\u00e9s<\/span><\/li>\n<li><span class=\"a-list-item\"><span class=\"a-text-bold\">Idioma \u200f : \u200e\u00a0<\/span>Espa\u00f1ol (Dolby Digital 2.0)<\/span><\/li>\n<li><span class=\"a-list-item\"><span class=\"a-text-bold\">Estudio \u200f : \u200e\u00a0<\/span>Ediciones 79<\/span><\/li>\n<li><span class=\"a-list-item\"><span class=\"a-text-bold\">Productores \u200f : \u200e\u00a0<\/span>Amboto P.C<\/span><\/li>\n<li><span class=\"a-list-item\"><span class=\"a-text-bold\">ASIN \u200f : \u200e\u00a0<\/span>B09VWF4WX7<\/span><\/li>\n<li><span class=\"a-list-item\"><span class=\"a-text-bold\">Pa\u00eds de origen \u200f : \u200e\u00a0<\/span>Espa\u00f1a<\/span><\/li>\n<li><span class=\"a-list-item\"><span class=\"a-text-bold\">N\u00famero de discos \u200f : \u200e\u00a0<\/span>1<\/span><\/li>\n<\/ul>\n<p>&nbsp;<\/p>\n","protected":false},"excerpt":{"rendered":"<p>Benito Freire es un buhonero que vive miserablemente en un ambiente dominado por la ignorancia y la superstici\u00f3n. Se dedica a la venta ambulante por los pueblos gallegos y padece severos ataques de epilepsia. Por la comarca empieza a extenderse el rumor de que es un hombre lobo y de que est\u00e1 pose\u00eddo por un [&hellip;]<\/p>\n","protected":false},"featured_media":4596,"comment_status":"open","ping_status":"closed","template":"","meta":{"site-sidebar-layout":"default","site-content-layout":"default","ast-site-content-layout":"default","site-content-style":"default","site-sidebar-style":"default","ast-global-header-display":"","ast-banner-title-visibility":"","ast-main-header-display":"","ast-hfb-above-header-display":"","ast-hfb-below-header-display":"","ast-hfb-mobile-header-display":"","site-post-title":"","ast-breadcrumbs-content":"","ast-featured-img":"","footer-sml-layout":"","ast-disable-related-posts":"","theme-transparent-header-meta":"","adv-header-id-meta":"","stick-header-meta":"","header-above-stick-meta":"","header-main-stick-meta":"","header-below-stick-meta":"","astra-migrate-meta-layouts":"default","ast-page-background-enabled":"default","ast-page-background-meta":{"desktop":{"background-color":"","background-image":"","background-repeat":"repeat","background-position":"center center","background-size":"auto","background-attachment":"scroll","background-type":"","background-media":"","overlay-type":"","overlay-color":"","overlay-opacity":"","overlay-gradient":""},"tablet":{"background-color":"","background-image":"","background-repeat":"repeat","background-position":"center center","background-size":"auto","background-attachment":"scroll","background-type":"","background-media":"","overlay-type":"","overlay-color":"","overlay-opacity":"","overlay-gradient":""},"mobile":{"background-color":"","background-image":"","background-repeat":"repeat","background-position":"center center","background-size":"auto","background-attachment":"scroll","background-type":"","background-media":"","overlay-type":"","overlay-color":"","overlay-opacity":"","overlay-gradient":""}},"ast-content-background-meta":{"desktop":{"background-color":"var(--ast-global-color-5)","background-image":"","background-repeat":"repeat","background-position":"center center","background-size":"auto","background-attachment":"scroll","background-type":"","background-media":"","overlay-type":"","overlay-color":"","overlay-opacity":"","overlay-gradient":""},"tablet":{"background-color":"var(--ast-global-color-5)","background-image":"","background-repeat":"repeat","background-position":"center center","background-size":"auto","background-attachment":"scroll","background-type":"","background-media":"","overlay-type":"","overlay-color":"","overlay-opacity":"","overlay-gradient":""},"mobile":{"background-color":"var(--ast-global-color-5)","background-image":"","background-repeat":"repeat","background-position":"center center","background-size":"auto","background-attachment":"scroll","background-type":"","background-media":"","overlay-type":"","overlay-color":"","overlay-opacity":"","overlay-gradient":""}},"_joinchat":[]},"product_brand":[],"product_cat":[43],"product_tag":[],"class_list":{"0":"post-4636","1":"product","2":"type-product","3":"status-publish","4":"has-post-thumbnail","6":"product_cat-bluray","7":"desktop-align-left","8":"tablet-align-left","9":"mobile-align-left","11":"first","12":"instock","13":"shipping-taxable","14":"purchasable","15":"product-type-simple"},"_links":{"self":[{"href":"https:\/\/cinemasoul.es\/index.php?rest_route=\/wp\/v2\/product\/4636","targetHints":{"allow":["GET"]}}],"collection":[{"href":"https:\/\/cinemasoul.es\/index.php?rest_route=\/wp\/v2\/product"}],"about":[{"href":"https:\/\/cinemasoul.es\/index.php?rest_route=\/wp\/v2\/types\/product"}],"replies":[{"embeddable":true,"href":"https:\/\/cinemasoul.es\/index.php?rest_route=%2Fwp%2Fv2%2Fcomments&post=4636"}],"version-history":[{"count":1,"href":"https:\/\/cinemasoul.es\/index.php?rest_route=\/wp\/v2\/product\/4636\/revisions"}],"predecessor-version":[{"id":4637,"href":"https:\/\/cinemasoul.es\/index.php?rest_route=\/wp\/v2\/product\/4636\/revisions\/4637"}],"wp:featuredmedia":[{"embeddable":true,"href":"https:\/\/cinemasoul.es\/index.php?rest_route=\/wp\/v2\/media\/4596"}],"wp:attachment":[{"href":"https:\/\/cinemasoul.es\/index.php?rest_route=%2Fwp%2Fv2%2Fmedia&parent=4636"}],"wp:term":[{"taxonomy":"product_brand","embeddable":true,"href":"https:\/\/cinemasoul.es\/index.php?rest_route=%2Fwp%2Fv2%2Fproduct_brand&post=4636"},{"taxonomy":"product_cat","embeddable":true,"href":"https:\/\/cinemasoul.es\/index.php?rest_route=%2Fwp%2Fv2%2Fproduct_cat&post=4636"},{"taxonomy":"product_tag","embeddable":true,"href":"https:\/\/cinemasoul.es\/index.php?rest_route=%2Fwp%2Fv2%2Fproduct_tag&post=4636"}],"curies":[{"name":"wp","href":"https:\/\/api.w.org\/{rel}","templated":true}]}}