{"id":4579,"date":"2022-04-06T18:00:12","date_gmt":"2022-04-06T18:00:12","guid":{"rendered":"https:\/\/www.cinemasoul.es\/?post_type=product&#038;p=4579"},"modified":"2022-04-06T18:00:13","modified_gmt":"2022-04-06T18:00:13","slug":"dos-mulas-y-una-mujer-dvd","status":"publish","type":"product","link":"https:\/\/cinemasoul.es\/?product=dos-mulas-y-una-mujer-dvd","title":{"rendered":"Dos mulas y una mujer [DVD]"},"content":{"rendered":"","protected":false},"excerpt":{"rendered":"<p><strong>T\u00edtulo original<\/strong> Two Mules for Sister Sara\u00a0<strong>A\u00f1o<\/strong> 1970\u00a0 <strong>Duraci\u00f3n<\/strong> 105 min.\u00a0<strong>Pa\u00eds<\/strong> Estados Unidos\u00a0<strong>Direcci\u00f3n <\/strong>Don Siegel\u00a0<strong>Guion <\/strong>Albert Maltz.\u00a0<strong>Argumento<\/strong> Budd Boetticher\u00a0<strong>M\u00fasica<\/strong> Ennio\u00a0 Morricone\u00a0<strong>Fotograf\u00eda<\/strong> Gabriel Figueroa\u00a0<strong>Reparto<\/strong> Clint Eastwood, Shirley MacLaine, Manolo F\u00e1bregas, Alberto Morin, David Povall, Armando Silvestre, John Kelly, Ada Carrasco, Jos\u00e9 \u00c1ngel Espinosa &#8216;Ferrusquilla&#8217;, Pancho C\u00f3rdova, Jos\u00e9 Ch\u00e1vez, Pedro Galv\u00e1n, Enrique Lucero, Jos\u00e9 Torvay\u00a0<strong>Productora<\/strong> Coproducci\u00f3n Estados Unidos-M\u00e9xico; Universal Pictures, Malpaso Productions, Sanen Productions\u00a0<strong>G\u00e9nero<\/strong> Western. Comedia. Aventuras | Amistad<\/p>\n<p><strong>Sinopsis<\/strong> En M\u00e9xico ha estallado la guerra entre los seguidores de Ju\u00e1rez y las tropas francesas del emperador Maximiliano de Austria. Hogan (Clint Eastwood), un duro mercenario, salva a una monja (Shirley MacLaine) del ataque de unos malhechores. Juntos emprenden un accidentado viaje en el que, a pesar de sus diferencias, quedar\u00e1 de manifiesto que tienen mucho en com\u00fan.<\/p>\n","protected":false},"featured_media":4580,"comment_status":"open","ping_status":"closed","template":"","meta":{"site-sidebar-layout":"default","site-content-layout":"default","ast-site-content-layout":"default","site-content-style":"default","site-sidebar-style":"default","ast-global-header-display":"","ast-banner-title-visibility":"","ast-main-header-display":"","ast-hfb-above-header-display":"","ast-hfb-below-header-display":"","ast-hfb-mobile-header-display":"","site-post-title":"","ast-breadcrumbs-content":"","ast-featured-img":"","footer-sml-layout":"","ast-disable-related-posts":"","theme-transparent-header-meta":"","adv-header-id-meta":"","stick-header-meta":"","header-above-stick-meta":"","header-main-stick-meta":"","header-below-stick-meta":"","astra-migrate-meta-layouts":"default","ast-page-background-enabled":"default","ast-page-background-meta":{"desktop":{"background-color":"","background-image":"","background-repeat":"repeat","background-position":"center center","background-size":"auto","background-attachment":"scroll","background-type":"","background-media":"","overlay-type":"","overlay-color":"","overlay-opacity":"","overlay-gradient":""},"tablet":{"background-color":"","background-image":"","background-repeat":"repeat","background-position":"center center","background-size":"auto","background-attachment":"scroll","background-type":"","background-media":"","overlay-type":"","overlay-color":"","overlay-opacity":"","overlay-gradient":""},"mobile":{"background-color":"","background-image":"","background-repeat":"repeat","background-position":"center center","background-size":"auto","background-attachment":"scroll","background-type":"","background-media":"","overlay-type":"","overlay-color":"","overlay-opacity":"","overlay-gradient":""}},"ast-content-background-meta":{"desktop":{"background-color":"var(--ast-global-color-5)","background-image":"","background-repeat":"repeat","background-position":"center center","background-size":"auto","background-attachment":"scroll","background-type":"","background-media":"","overlay-type":"","overlay-color":"","overlay-opacity":"","overlay-gradient":""},"tablet":{"background-color":"var(--ast-global-color-5)","background-image":"","background-repeat":"repeat","background-position":"center center","background-size":"auto","background-attachment":"scroll","background-type":"","background-media":"","overlay-type":"","overlay-color":"","overlay-opacity":"","overlay-gradient":""},"mobile":{"background-color":"var(--ast-global-color-5)","background-image":"","background-repeat":"repeat","background-position":"center center","background-size":"auto","background-attachment":"scroll","background-type":"","background-media":"","overlay-type":"","overlay-color":"","overlay-opacity":"","overlay-gradient":""}},"_joinchat":[]},"product_brand":[],"product_cat":[42],"product_tag":[],"class_list":{"0":"post-4579","1":"product","2":"type-product","3":"status-publish","4":"has-post-thumbnail","6":"product_cat-dvd","7":"desktop-align-left","8":"tablet-align-left","9":"mobile-align-left","11":"first","12":"instock","13":"sale","14":"shipping-taxable","15":"purchasable","16":"product-type-simple"},"_links":{"self":[{"href":"https:\/\/cinemasoul.es\/index.php?rest_route=\/wp\/v2\/product\/4579","targetHints":{"allow":["GET"]}}],"collection":[{"href":"https:\/\/cinemasoul.es\/index.php?rest_route=\/wp\/v2\/product"}],"about":[{"href":"https:\/\/cinemasoul.es\/index.php?rest_route=\/wp\/v2\/types\/product"}],"replies":[{"embeddable":true,"href":"https:\/\/cinemasoul.es\/index.php?rest_route=%2Fwp%2Fv2%2Fcomments&post=4579"}],"version-history":[{"count":1,"href":"https:\/\/cinemasoul.es\/index.php?rest_route=\/wp\/v2\/product\/4579\/revisions"}],"predecessor-version":[{"id":4582,"href":"https:\/\/cinemasoul.es\/index.php?rest_route=\/wp\/v2\/product\/4579\/revisions\/4582"}],"wp:featuredmedia":[{"embeddable":true,"href":"https:\/\/cinemasoul.es\/index.php?rest_route=\/wp\/v2\/media\/4580"}],"wp:attachment":[{"href":"https:\/\/cinemasoul.es\/index.php?rest_route=%2Fwp%2Fv2%2Fmedia&parent=4579"}],"wp:term":[{"taxonomy":"product_brand","embeddable":true,"href":"https:\/\/cinemasoul.es\/index.php?rest_route=%2Fwp%2Fv2%2Fproduct_brand&post=4579"},{"taxonomy":"product_cat","embeddable":true,"href":"https:\/\/cinemasoul.es\/index.php?rest_route=%2Fwp%2Fv2%2Fproduct_cat&post=4579"},{"taxonomy":"product_tag","embeddable":true,"href":"https:\/\/cinemasoul.es\/index.php?rest_route=%2Fwp%2Fv2%2Fproduct_tag&post=4579"}],"curies":[{"name":"wp","href":"https:\/\/api.w.org\/{rel}","templated":true}]}}