{"id":4572,"date":"2022-04-06T17:45:23","date_gmt":"2022-04-06T17:45:23","guid":{"rendered":"https:\/\/www.cinemasoul.es\/?post_type=product&#038;p=4572"},"modified":"2022-04-06T17:45:23","modified_gmt":"2022-04-06T17:45:23","slug":"cometieron-dos-errores-dvd","status":"publish","type":"product","link":"https:\/\/cinemasoul.es\/?product=cometieron-dos-errores-dvd","title":{"rendered":"Cometieron dos errores [DVD]"},"content":{"rendered":"","protected":false},"excerpt":{"rendered":"<p><strong><em>Eastwood es Juez, Jurado y Ejecutor<\/em><\/strong><\/p>\n<p>Clint Eastwood <strong>en<\/strong> \u201cCometieron Dos errores\u201d (Hang\u00b4em High)\u00a0<strong>Co-protagonistas\u00a0<\/strong>Leonard Freeman, Inger Stevens, Ed Begley, Pat Ingle.\u00a0<strong>Escrita por\u00a0<\/strong>Leonard Freeman y Mel Goldberg.\u00a0<strong>Dirigida por\u00a0<\/strong>Ted Post.\u00a0<strong>Producida por\u00a0<\/strong>Leonard Freeman.\u00a0<strong>M\u00fasica\u00a0<\/strong>Dominic Frontiere.\u00a0<strong>Una co-producci\u00f3n de\u00a0<\/strong>Leonard Freeman Productions <strong>y<\/strong> The Malpaso Company \u2013 Color Deluxe.<\/p>\n<p><strong>Caracter\u00edsticas Especiales:\u00a0<\/strong>Tr\u00e1iler original de cine.\u00a0Folleto con notas de producci\u00f3n.\u00a0<strong>Audio:\u00a0<\/strong>Ingl\u00e9s, Franc\u00e9s, Alem\u00e1n, Italiano, Castellano.\u00a0<strong>Subt\u00edtulos<\/strong>: Ingl\u00e9s, Holand\u00e9s, Portugu\u00e9s, Sueco, Dan\u00e9s, Noruego, Finland\u00e9s, Polaco.\u00a0<strong>Versi\u00f3n:\u00a0<\/strong>Castellana.\u00a0<strong>Para sordos:\u00a0<\/strong>Ingl\u00e9s, Alem\u00e1n.\u00a0<strong>Duraci\u00f3n:\u00a0<\/strong>110 min.\u00a0<strong>Color.\u00a0Certificado de calificaci\u00f3n<\/strong>: 62.923.\u00a0<strong>No recomendada para menores de 18 a\u00f1os.\u00a0Dep\u00f3sito legal<\/strong>: TF: 179-2008<\/p>\n<p>Le acribillaron a balazos. Le ahorcaron y le dejaron morir. Pero cometieron dos errores mortales: ahorcaron a la persona equivocada\u2026y no terminaron con \u00e9l.\u00a0En su primera pel\u00edcula norteamericana del oeste, Clint Eastwood se labra ya su fama de tipo duro con una mente fr\u00eda y una voluntad de acero y totalmente implacable en su b\u00fasqueda de venganza.\u00a0En 1873 en la cuidad de Oklahoma, Jed Cooper (Eastwood), es confundido con un asesino y ladr\u00f3n de ganado.\u00a0En este lugar es a donde el malvado oficial de la justicia el Capit\u00e1n Wilson (Ed Begley) y una temible banda de vigilantes linchas a Jed Cooper.\u00a0Pero Wilson y su banda desaparecen de la escena dejando pasar por alto un detalle muy importante: \u00a1Cooper todav\u00eda est\u00e1 vivo!\u00a0En su b\u00fasqueda de justicia y venganza, Cooper asume el trabajo de oficial de la justicia\u2026y averigua el paredero de cada uno de los nueve hombres que \u201cle lincharon en el pasado\u201d.<\/p>\n","protected":false},"featured_media":4573,"comment_status":"open","ping_status":"closed","template":"","meta":{"site-sidebar-layout":"default","site-content-layout":"default","ast-site-content-layout":"default","site-content-style":"default","site-sidebar-style":"default","ast-global-header-display":"","ast-banner-title-visibility":"","ast-main-header-display":"","ast-hfb-above-header-display":"","ast-hfb-below-header-display":"","ast-hfb-mobile-header-display":"","site-post-title":"","ast-breadcrumbs-content":"","ast-featured-img":"","footer-sml-layout":"","ast-disable-related-posts":"","theme-transparent-header-meta":"","adv-header-id-meta":"","stick-header-meta":"","header-above-stick-meta":"","header-main-stick-meta":"","header-below-stick-meta":"","astra-migrate-meta-layouts":"default","ast-page-background-enabled":"default","ast-page-background-meta":{"desktop":{"background-color":"","background-image":"","background-repeat":"repeat","background-position":"center center","background-size":"auto","background-attachment":"scroll","background-type":"","background-media":"","overlay-type":"","overlay-color":"","overlay-opacity":"","overlay-gradient":""},"tablet":{"background-color":"","background-image":"","background-repeat":"repeat","background-position":"center center","background-size":"auto","background-attachment":"scroll","background-type":"","background-media":"","overlay-type":"","overlay-color":"","overlay-opacity":"","overlay-gradient":""},"mobile":{"background-color":"","background-image":"","background-repeat":"repeat","background-position":"center center","background-size":"auto","background-attachment":"scroll","background-type":"","background-media":"","overlay-type":"","overlay-color":"","overlay-opacity":"","overlay-gradient":""}},"ast-content-background-meta":{"desktop":{"background-color":"var(--ast-global-color-5)","background-image":"","background-repeat":"repeat","background-position":"center center","background-size":"auto","background-attachment":"scroll","background-type":"","background-media":"","overlay-type":"","overlay-color":"","overlay-opacity":"","overlay-gradient":""},"tablet":{"background-color":"var(--ast-global-color-5)","background-image":"","background-repeat":"repeat","background-position":"center center","background-size":"auto","background-attachment":"scroll","background-type":"","background-media":"","overlay-type":"","overlay-color":"","overlay-opacity":"","overlay-gradient":""},"mobile":{"background-color":"var(--ast-global-color-5)","background-image":"","background-repeat":"repeat","background-position":"center center","background-size":"auto","background-attachment":"scroll","background-type":"","background-media":"","overlay-type":"","overlay-color":"","overlay-opacity":"","overlay-gradient":""}},"_joinchat":[]},"product_brand":[],"product_cat":[42],"product_tag":[],"class_list":{"0":"post-4572","1":"product","2":"type-product","3":"status-publish","4":"has-post-thumbnail","6":"product_cat-dvd","7":"desktop-align-left","8":"tablet-align-left","9":"mobile-align-left","11":"first","12":"instock","13":"shipping-taxable","14":"purchasable","15":"product-type-simple"},"_links":{"self":[{"href":"https:\/\/cinemasoul.es\/index.php?rest_route=\/wp\/v2\/product\/4572","targetHints":{"allow":["GET"]}}],"collection":[{"href":"https:\/\/cinemasoul.es\/index.php?rest_route=\/wp\/v2\/product"}],"about":[{"href":"https:\/\/cinemasoul.es\/index.php?rest_route=\/wp\/v2\/types\/product"}],"replies":[{"embeddable":true,"href":"https:\/\/cinemasoul.es\/index.php?rest_route=%2Fwp%2Fv2%2Fcomments&post=4572"}],"version-history":[{"count":1,"href":"https:\/\/cinemasoul.es\/index.php?rest_route=\/wp\/v2\/product\/4572\/revisions"}],"predecessor-version":[{"id":4575,"href":"https:\/\/cinemasoul.es\/index.php?rest_route=\/wp\/v2\/product\/4572\/revisions\/4575"}],"wp:featuredmedia":[{"embeddable":true,"href":"https:\/\/cinemasoul.es\/index.php?rest_route=\/wp\/v2\/media\/4573"}],"wp:attachment":[{"href":"https:\/\/cinemasoul.es\/index.php?rest_route=%2Fwp%2Fv2%2Fmedia&parent=4572"}],"wp:term":[{"taxonomy":"product_brand","embeddable":true,"href":"https:\/\/cinemasoul.es\/index.php?rest_route=%2Fwp%2Fv2%2Fproduct_brand&post=4572"},{"taxonomy":"product_cat","embeddable":true,"href":"https:\/\/cinemasoul.es\/index.php?rest_route=%2Fwp%2Fv2%2Fproduct_cat&post=4572"},{"taxonomy":"product_tag","embeddable":true,"href":"https:\/\/cinemasoul.es\/index.php?rest_route=%2Fwp%2Fv2%2Fproduct_tag&post=4572"}],"curies":[{"name":"wp","href":"https:\/\/api.w.org\/{rel}","templated":true}]}}