{"id":4565,"date":"2022-04-06T17:33:33","date_gmt":"2022-04-06T17:33:33","guid":{"rendered":"https:\/\/www.cinemasoul.es\/?post_type=product&#038;p=4565"},"modified":"2022-04-06T17:33:33","modified_gmt":"2022-04-06T17:33:33","slug":"banderas-de-nuestros-padres-dvd","status":"publish","type":"product","link":"https:\/\/cinemasoul.es\/?product=banderas-de-nuestros-padres-dvd","title":{"rendered":"Banderas de nuestros padres [DVD]"},"content":{"rendered":"","protected":false},"excerpt":{"rendered":"<p><strong>T\u00edtulo original <\/strong>Flags of Our Fathers\u00a0<strong>A\u00f1o <\/strong>2006\u00a0<strong>Duraci\u00f3n <\/strong>132 min.\u00a0<strong>Pa\u00eds <\/strong>Estados Unidos\u00a0<strong>Direcci\u00f3n <\/strong>Clint Eastwood\u00a0<strong>Guion <\/strong>William Broyles Jr., Paul Haggis.\u00a0<strong>M\u00fasica<\/strong> Clint Eastwood\u00a0<strong>Fotograf\u00eda <\/strong>Tom Stern <strong>Reparto <\/strong>Ryan Phillippe, Jesse Bradford, Adam Beach, John Benjamin Hickey, John Slattery, Barry Pepper, Jamie Bell, Paul Walker, Robert Patrick, Neal McDonough, Melanie Lynskey, Tom McCarthy, Chris Bauer, \u2026\u00a0<strong>Productora <\/strong>DreamWorks SKG, Warner Bros., Malpaso Productions, Amblin Entertainment\u00a0<strong>G\u00e9nero <\/strong>B\u00e9lico. Drama | II Guerra Mundial.<\/p>\n<p><strong>Sinopsis <\/strong>Segunda Guerra Mundial (1939-1945). La batalla de Iwo Jima (1945), el episodio m\u00e1s cruento de la guerra del Pac\u00edfico, qued\u00f3 inmortalizada en la foto de unos soldados que izaban una bandera norteamericana. El objetivo de esta batalla era la toma de un islote insignificante, pero de gran valor estrat\u00e9gico, pues desde all\u00ed los japoneses defend\u00edan su territorio. En la contienda cayeron m\u00e1s de 20.000 japoneses y 7.000 estadounidenses. Mientras tanto, en los Estados Unidos la c\u00e9lebre foto en la que seis soldados izaban la bandera americana fue un instrumento propagand\u00edstico para conseguir fondos que permitieran seguir sufragando los gastos de la guerra. El mismo a\u00f1o el propio Eastwood dirigi\u00f3 \u00bbCartas desde Iwo Jima\u00bb, que narra la misma batalla desde el punto de vista japon\u00e9s.<\/p>\n<p>&nbsp;<\/p>\n<p>&nbsp;<\/p>\n<p>&nbsp;<\/p>\n<p>&nbsp;<\/p>\n<p>&nbsp;<\/p>\n","protected":false},"featured_media":4566,"comment_status":"open","ping_status":"closed","template":"","meta":{"site-sidebar-layout":"default","site-content-layout":"default","ast-site-content-layout":"default","site-content-style":"default","site-sidebar-style":"default","ast-global-header-display":"","ast-banner-title-visibility":"","ast-main-header-display":"","ast-hfb-above-header-display":"","ast-hfb-below-header-display":"","ast-hfb-mobile-header-display":"","site-post-title":"","ast-breadcrumbs-content":"","ast-featured-img":"","footer-sml-layout":"","ast-disable-related-posts":"","theme-transparent-header-meta":"","adv-header-id-meta":"","stick-header-meta":"","header-above-stick-meta":"","header-main-stick-meta":"","header-below-stick-meta":"","astra-migrate-meta-layouts":"default","ast-page-background-enabled":"default","ast-page-background-meta":{"desktop":{"background-color":"","background-image":"","background-repeat":"repeat","background-position":"center center","background-size":"auto","background-attachment":"scroll","background-type":"","background-media":"","overlay-type":"","overlay-color":"","overlay-opacity":"","overlay-gradient":""},"tablet":{"background-color":"","background-image":"","background-repeat":"repeat","background-position":"center center","background-size":"auto","background-attachment":"scroll","background-type":"","background-media":"","overlay-type":"","overlay-color":"","overlay-opacity":"","overlay-gradient":""},"mobile":{"background-color":"","background-image":"","background-repeat":"repeat","background-position":"center center","background-size":"auto","background-attachment":"scroll","background-type":"","background-media":"","overlay-type":"","overlay-color":"","overlay-opacity":"","overlay-gradient":""}},"ast-content-background-meta":{"desktop":{"background-color":"var(--ast-global-color-5)","background-image":"","background-repeat":"repeat","background-position":"center center","background-size":"auto","background-attachment":"scroll","background-type":"","background-media":"","overlay-type":"","overlay-color":"","overlay-opacity":"","overlay-gradient":""},"tablet":{"background-color":"var(--ast-global-color-5)","background-image":"","background-repeat":"repeat","background-position":"center center","background-size":"auto","background-attachment":"scroll","background-type":"","background-media":"","overlay-type":"","overlay-color":"","overlay-opacity":"","overlay-gradient":""},"mobile":{"background-color":"var(--ast-global-color-5)","background-image":"","background-repeat":"repeat","background-position":"center center","background-size":"auto","background-attachment":"scroll","background-type":"","background-media":"","overlay-type":"","overlay-color":"","overlay-opacity":"","overlay-gradient":""}},"_joinchat":[]},"product_brand":[],"product_cat":[42],"product_tag":[],"class_list":{"0":"post-4565","1":"product","2":"type-product","3":"status-publish","4":"has-post-thumbnail","6":"product_cat-dvd","7":"desktop-align-left","8":"tablet-align-left","9":"mobile-align-left","11":"first","12":"instock","13":"shipping-taxable","14":"purchasable","15":"product-type-simple"},"_links":{"self":[{"href":"https:\/\/cinemasoul.es\/index.php?rest_route=\/wp\/v2\/product\/4565","targetHints":{"allow":["GET"]}}],"collection":[{"href":"https:\/\/cinemasoul.es\/index.php?rest_route=\/wp\/v2\/product"}],"about":[{"href":"https:\/\/cinemasoul.es\/index.php?rest_route=\/wp\/v2\/types\/product"}],"replies":[{"embeddable":true,"href":"https:\/\/cinemasoul.es\/index.php?rest_route=%2Fwp%2Fv2%2Fcomments&post=4565"}],"version-history":[{"count":1,"href":"https:\/\/cinemasoul.es\/index.php?rest_route=\/wp\/v2\/product\/4565\/revisions"}],"predecessor-version":[{"id":4568,"href":"https:\/\/cinemasoul.es\/index.php?rest_route=\/wp\/v2\/product\/4565\/revisions\/4568"}],"wp:featuredmedia":[{"embeddable":true,"href":"https:\/\/cinemasoul.es\/index.php?rest_route=\/wp\/v2\/media\/4566"}],"wp:attachment":[{"href":"https:\/\/cinemasoul.es\/index.php?rest_route=%2Fwp%2Fv2%2Fmedia&parent=4565"}],"wp:term":[{"taxonomy":"product_brand","embeddable":true,"href":"https:\/\/cinemasoul.es\/index.php?rest_route=%2Fwp%2Fv2%2Fproduct_brand&post=4565"},{"taxonomy":"product_cat","embeddable":true,"href":"https:\/\/cinemasoul.es\/index.php?rest_route=%2Fwp%2Fv2%2Fproduct_cat&post=4565"},{"taxonomy":"product_tag","embeddable":true,"href":"https:\/\/cinemasoul.es\/index.php?rest_route=%2Fwp%2Fv2%2Fproduct_tag&post=4565"}],"curies":[{"name":"wp","href":"https:\/\/api.w.org\/{rel}","templated":true}]}}