{"id":4532,"date":"2022-04-06T10:27:42","date_gmt":"2022-04-06T10:27:42","guid":{"rendered":"https:\/\/www.cinemasoul.es\/?post_type=product&#038;p=4532"},"modified":"2022-06-29T12:14:00","modified_gmt":"2022-06-29T12:14:00","slug":"narciso-negro-blu-ray","status":"publish","type":"product","link":"https:\/\/cinemasoul.es\/?product=narciso-negro-blu-ray","title":{"rendered":"Narciso Negro [Blu Ray]"},"content":{"rendered":"","protected":false},"excerpt":{"rendered":"<p><strong>TITULO ORIGINAL<\/strong>: BLACK NARCISSUS\u00a0<strong>DIRIGIDA<\/strong>\u00a0Y\u00a0<strong>PRODUCIDA<\/strong>\u00a0POR MICHAEL POWELL y EMERIC PRESSBURGER\u00a0<strong>GUI\u00d3N<\/strong>\u00a0DE MICHAEL POWELL y EMERIC PRESSBURGER\u00a0<strong>M\u00daSICA<\/strong>\u00a0DE BRIAN EASDALE\u00a0<strong>FOTOGRAF\u00cdA<\/strong>\u00a0DE JACK CARDIFF\u00a0<strong>REPARTO<\/strong>: DEBORAH KERR, SABU, DAVID FARRAR, JEAN SIMMONS, FLORA ROBSON, KATHLEEN BYRON, JENNY LAIRD, ESMOND KNIGHT<\/p>\n<p><strong>A\u00d1O<\/strong>: 1947\u00a0<strong>GENERO<\/strong>: DRAMA\u00a0<strong>NACIONALIDAD<\/strong>: DRAMA\u00a0<strong>COLOR<\/strong>: COLOR\u00a0<strong>IDIOMAS<\/strong>: ESPA\u00d1OL e INGL\u00c9S\u00a0<strong>SUBT\u00cdTULOS<\/strong>: ESPA\u00d1OL\u00a0<strong>FORMATO DE PANTALLA<\/strong>: 1.37:1 FULL HD 1080\u00a0<strong>ICAA N\u00ba<\/strong>: 12.225\u00a0<strong>DURACI\u00d3N<\/strong>: 100 MIN. APROX.<\/p>\n<p>\u2018Narciso Negro\u2019 es un drama en el que unas monjas de occidente deciden abrir un hospital en el Himalaya, en lo que con anterioridad fue un templo payano, para expandir la doctrina cat\u00f3lica. Se encuentran, sin embargo, con la hostilidad de los habitantes de la zona y tienen que lidiar, adem\u00e1s, con la pobreza y los pocos medios de los que disponen. Cuando aparecen tensiones entre las hermanas, un agente brit\u00e1nico les ayudar\u00e1 a resolver sus problemas, aunque su presencia despertar\u00e1, de manera fat\u00eddica, la sexualidad reprimida de algunas monjas.<\/p>\n","protected":false},"featured_media":4533,"comment_status":"open","ping_status":"closed","template":"","meta":{"site-sidebar-layout":"default","site-content-layout":"default","ast-site-content-layout":"default","site-content-style":"default","site-sidebar-style":"default","ast-global-header-display":"","ast-banner-title-visibility":"","ast-main-header-display":"","ast-hfb-above-header-display":"","ast-hfb-below-header-display":"","ast-hfb-mobile-header-display":"","site-post-title":"","ast-breadcrumbs-content":"","ast-featured-img":"","footer-sml-layout":"","ast-disable-related-posts":"","theme-transparent-header-meta":"","adv-header-id-meta":"","stick-header-meta":"","header-above-stick-meta":"","header-main-stick-meta":"","header-below-stick-meta":"","astra-migrate-meta-layouts":"default","ast-page-background-enabled":"default","ast-page-background-meta":{"desktop":{"background-color":"","background-image":"","background-repeat":"repeat","background-position":"center center","background-size":"auto","background-attachment":"scroll","background-type":"","background-media":"","overlay-type":"","overlay-color":"","overlay-opacity":"","overlay-gradient":""},"tablet":{"background-color":"","background-image":"","background-repeat":"repeat","background-position":"center center","background-size":"auto","background-attachment":"scroll","background-type":"","background-media":"","overlay-type":"","overlay-color":"","overlay-opacity":"","overlay-gradient":""},"mobile":{"background-color":"","background-image":"","background-repeat":"repeat","background-position":"center center","background-size":"auto","background-attachment":"scroll","background-type":"","background-media":"","overlay-type":"","overlay-color":"","overlay-opacity":"","overlay-gradient":""}},"ast-content-background-meta":{"desktop":{"background-color":"var(--ast-global-color-5)","background-image":"","background-repeat":"repeat","background-position":"center center","background-size":"auto","background-attachment":"scroll","background-type":"","background-media":"","overlay-type":"","overlay-color":"","overlay-opacity":"","overlay-gradient":""},"tablet":{"background-color":"var(--ast-global-color-5)","background-image":"","background-repeat":"repeat","background-position":"center center","background-size":"auto","background-attachment":"scroll","background-type":"","background-media":"","overlay-type":"","overlay-color":"","overlay-opacity":"","overlay-gradient":""},"mobile":{"background-color":"var(--ast-global-color-5)","background-image":"","background-repeat":"repeat","background-position":"center center","background-size":"auto","background-attachment":"scroll","background-type":"","background-media":"","overlay-type":"","overlay-color":"","overlay-opacity":"","overlay-gradient":""}},"_joinchat":[]},"product_brand":[],"product_cat":[43],"product_tag":[],"class_list":{"0":"post-4532","1":"product","2":"type-product","3":"status-publish","4":"has-post-thumbnail","6":"product_cat-bluray","7":"desktop-align-left","8":"tablet-align-left","9":"mobile-align-left","11":"first","12":"instock","13":"sale","14":"shipping-taxable","15":"purchasable","16":"product-type-simple"},"_links":{"self":[{"href":"https:\/\/cinemasoul.es\/index.php?rest_route=\/wp\/v2\/product\/4532","targetHints":{"allow":["GET"]}}],"collection":[{"href":"https:\/\/cinemasoul.es\/index.php?rest_route=\/wp\/v2\/product"}],"about":[{"href":"https:\/\/cinemasoul.es\/index.php?rest_route=\/wp\/v2\/types\/product"}],"replies":[{"embeddable":true,"href":"https:\/\/cinemasoul.es\/index.php?rest_route=%2Fwp%2Fv2%2Fcomments&post=4532"}],"version-history":[{"count":1,"href":"https:\/\/cinemasoul.es\/index.php?rest_route=\/wp\/v2\/product\/4532\/revisions"}],"predecessor-version":[{"id":4534,"href":"https:\/\/cinemasoul.es\/index.php?rest_route=\/wp\/v2\/product\/4532\/revisions\/4534"}],"wp:featuredmedia":[{"embeddable":true,"href":"https:\/\/cinemasoul.es\/index.php?rest_route=\/wp\/v2\/media\/4533"}],"wp:attachment":[{"href":"https:\/\/cinemasoul.es\/index.php?rest_route=%2Fwp%2Fv2%2Fmedia&parent=4532"}],"wp:term":[{"taxonomy":"product_brand","embeddable":true,"href":"https:\/\/cinemasoul.es\/index.php?rest_route=%2Fwp%2Fv2%2Fproduct_brand&post=4532"},{"taxonomy":"product_cat","embeddable":true,"href":"https:\/\/cinemasoul.es\/index.php?rest_route=%2Fwp%2Fv2%2Fproduct_cat&post=4532"},{"taxonomy":"product_tag","embeddable":true,"href":"https:\/\/cinemasoul.es\/index.php?rest_route=%2Fwp%2Fv2%2Fproduct_tag&post=4532"}],"curies":[{"name":"wp","href":"https:\/\/api.w.org\/{rel}","templated":true}]}}