{"id":4473,"date":"2022-02-25T20:16:26","date_gmt":"2022-02-25T20:16:26","guid":{"rendered":"https:\/\/www.cinemasoul.es\/?post_type=product&#038;p=4473"},"modified":"2022-02-25T20:16:26","modified_gmt":"2022-02-25T20:16:26","slug":"el-agujero-del-infierno-dvd","status":"publish","type":"product","link":"https:\/\/cinemasoul.es\/?product=el-agujero-del-infierno-dvd","title":{"rendered":"El Agujero del Infierno [DVD]"},"content":{"rendered":"","protected":false},"excerpt":{"rendered":"<div id=\"tab-description\" class=\"tab-content\">\n<p><strong>T\u00cdTULO ORIGINAL<\/strong>: HELLHOLE\u00a0<strong>A\u00d1O<\/strong>: 1985\u00a0<strong>G\u00c9NERO<\/strong>: ACCI\u00d3N, DRAMA\u00a0<strong>NACIONALIDAD<\/strong>: ESTADOS UNIDOS\u00a0<strong>COLOR<\/strong>: COLOR <strong>IDIOMAS<\/strong>: ESPA\u00d1OL e ITALIANO\u00a0<strong>FORMATO DE PANTALLA<\/strong>: 16\/9 (1.85:1) <strong>DURACI\u00d3N<\/strong>: 91 MIN. APRX.\u00a0NO RECOMENDADA PARA MENORES DE 18 A\u00d1OS.<\/p>\n<p><strong>DIRIGIDA<\/strong> POR PIERRE DE MORO\u00a0<strong>PRODUCIDA<\/strong> POR LOUIS S. ARKOFF, BILLY FINE\u00a0<strong>GUI\u00d3N<\/strong>: AARON BUTLER, LANCE DICKSON, MARK EVAN SCHWARTZ\u00a0<strong>FOTOGRAF\u00cdA<\/strong>: STEPHEN L. POSEY\u00a0<strong>M\u00daSICA<\/strong>: JEFF STURGES\u00a0<strong>REPARTO<\/strong>: RAY SHARKEY, JUDY LANDERS, RICHARD COX, MARJOE GORTNER, LAMYA DERVAL, ROBERT Z\u2019DART, CLIFF EMMICH, EDY WILLIAMS, NATALIE MAIN, MARY WORONOV, MARTIN BECK, MARNEEN FIELDS, MARIE LAMARRE, LYNN BORDEN, TERRY MOORE.<\/p>\n<p>Debido a unos turbios negocios, la madre de Susan (Judy Lander) es asesinada en su presencia por un extra\u00f1o, lo que le origina un trauma que le hace perder la memoria. Para curar esta herida traumatizante, que le llev\u00f3 a la amnesia, Susan es internada en un psiqui\u00e1trico femenino. Pero lejos de ser un lugar de reposo y curaci\u00f3n, el hospital termina revel\u00e1ndose como un campo de siniestros experimentos con los internos de la perturbadora Doctora Fletcher.<\/p>\n<\/div>\n","protected":false},"featured_media":4474,"comment_status":"open","ping_status":"closed","template":"","meta":{"site-sidebar-layout":"default","site-content-layout":"default","ast-site-content-layout":"default","site-content-style":"default","site-sidebar-style":"default","ast-global-header-display":"","ast-banner-title-visibility":"","ast-main-header-display":"","ast-hfb-above-header-display":"","ast-hfb-below-header-display":"","ast-hfb-mobile-header-display":"","site-post-title":"","ast-breadcrumbs-content":"","ast-featured-img":"","footer-sml-layout":"","ast-disable-related-posts":"","theme-transparent-header-meta":"","adv-header-id-meta":"","stick-header-meta":"","header-above-stick-meta":"","header-main-stick-meta":"","header-below-stick-meta":"","astra-migrate-meta-layouts":"default","ast-page-background-enabled":"default","ast-page-background-meta":{"desktop":{"background-color":"","background-image":"","background-repeat":"repeat","background-position":"center center","background-size":"auto","background-attachment":"scroll","background-type":"","background-media":"","overlay-type":"","overlay-color":"","overlay-opacity":"","overlay-gradient":""},"tablet":{"background-color":"","background-image":"","background-repeat":"repeat","background-position":"center center","background-size":"auto","background-attachment":"scroll","background-type":"","background-media":"","overlay-type":"","overlay-color":"","overlay-opacity":"","overlay-gradient":""},"mobile":{"background-color":"","background-image":"","background-repeat":"repeat","background-position":"center center","background-size":"auto","background-attachment":"scroll","background-type":"","background-media":"","overlay-type":"","overlay-color":"","overlay-opacity":"","overlay-gradient":""}},"ast-content-background-meta":{"desktop":{"background-color":"var(--ast-global-color-5)","background-image":"","background-repeat":"repeat","background-position":"center center","background-size":"auto","background-attachment":"scroll","background-type":"","background-media":"","overlay-type":"","overlay-color":"","overlay-opacity":"","overlay-gradient":""},"tablet":{"background-color":"var(--ast-global-color-5)","background-image":"","background-repeat":"repeat","background-position":"center center","background-size":"auto","background-attachment":"scroll","background-type":"","background-media":"","overlay-type":"","overlay-color":"","overlay-opacity":"","overlay-gradient":""},"mobile":{"background-color":"var(--ast-global-color-5)","background-image":"","background-repeat":"repeat","background-position":"center center","background-size":"auto","background-attachment":"scroll","background-type":"","background-media":"","overlay-type":"","overlay-color":"","overlay-opacity":"","overlay-gradient":""}},"_joinchat":[]},"product_brand":[],"product_cat":[42],"product_tag":[],"class_list":{"0":"post-4473","1":"product","2":"type-product","3":"status-publish","4":"has-post-thumbnail","6":"product_cat-dvd","7":"desktop-align-left","8":"tablet-align-left","9":"mobile-align-left","11":"first","12":"instock","13":"shipping-taxable","14":"purchasable","15":"product-type-simple"},"_links":{"self":[{"href":"https:\/\/cinemasoul.es\/index.php?rest_route=\/wp\/v2\/product\/4473","targetHints":{"allow":["GET"]}}],"collection":[{"href":"https:\/\/cinemasoul.es\/index.php?rest_route=\/wp\/v2\/product"}],"about":[{"href":"https:\/\/cinemasoul.es\/index.php?rest_route=\/wp\/v2\/types\/product"}],"replies":[{"embeddable":true,"href":"https:\/\/cinemasoul.es\/index.php?rest_route=%2Fwp%2Fv2%2Fcomments&post=4473"}],"version-history":[{"count":1,"href":"https:\/\/cinemasoul.es\/index.php?rest_route=\/wp\/v2\/product\/4473\/revisions"}],"predecessor-version":[{"id":4475,"href":"https:\/\/cinemasoul.es\/index.php?rest_route=\/wp\/v2\/product\/4473\/revisions\/4475"}],"wp:featuredmedia":[{"embeddable":true,"href":"https:\/\/cinemasoul.es\/index.php?rest_route=\/wp\/v2\/media\/4474"}],"wp:attachment":[{"href":"https:\/\/cinemasoul.es\/index.php?rest_route=%2Fwp%2Fv2%2Fmedia&parent=4473"}],"wp:term":[{"taxonomy":"product_brand","embeddable":true,"href":"https:\/\/cinemasoul.es\/index.php?rest_route=%2Fwp%2Fv2%2Fproduct_brand&post=4473"},{"taxonomy":"product_cat","embeddable":true,"href":"https:\/\/cinemasoul.es\/index.php?rest_route=%2Fwp%2Fv2%2Fproduct_cat&post=4473"},{"taxonomy":"product_tag","embeddable":true,"href":"https:\/\/cinemasoul.es\/index.php?rest_route=%2Fwp%2Fv2%2Fproduct_tag&post=4473"}],"curies":[{"name":"wp","href":"https:\/\/api.w.org\/{rel}","templated":true}]}}