{"id":4444,"date":"2022-02-24T20:10:36","date_gmt":"2022-02-24T20:10:36","guid":{"rendered":"https:\/\/www.cinemasoul.es\/?post_type=product&#038;p=4444"},"modified":"2022-02-24T20:10:37","modified_gmt":"2022-02-24T20:10:37","slug":"chantaje-contra-una-mujer-dvd","status":"publish","type":"product","link":"https:\/\/cinemasoul.es\/?product=chantaje-contra-una-mujer-dvd","title":{"rendered":"Chantaje contra una mujer [DVD]"},"content":{"rendered":"","protected":false},"excerpt":{"rendered":"<p><strong>T\u00edtulo original<\/strong> Experiment in Terror\u00a0<strong>A\u00f1o<\/strong> 1962\u00a0<strong>Duraci\u00f3n<\/strong> 123 min.\u00a0<strong>Pa\u00eds<\/strong> Estados Unidos\u00a0<strong>Direcci\u00f3n<\/strong> Blake Edwards\u00a0<strong>Guion<\/strong> Gordon Gordon. <em>Novela:<\/em> Mildred Gordon <strong>M\u00fasica<\/strong> Jack Hayes, Leo Shuken, Henry Mancini\u00a0<strong>Fotograf\u00eda<\/strong> Philip H. Lathrop (B&amp;W)\u00a0<strong>Reparto<\/strong> Glenn Ford, Lee Remick, Stefanie Powers, Roy Poole, Ned Glass, Anita Loo, Patricia Huston, Gilbert Green, Clifton James, William Bryant, Ross Martin. <strong>Productora<\/strong> Columbia Pictures\u00a0<strong>G\u00e9nero<\/strong> Cine negro. Thriller. Polic\u00edaco. Crimen.<\/p>\n<p>Cuando Kelly Sherwood, una joven empleada de banca, regresa a su domicilio en un barrio de San Francisco, es atacada por un desconocido que le exige que robe cien mil d\u00f3lares del banco donde trabaja; si no cumple sus \u00f3rdenes, asesinar\u00e1 a su hermana Toby. Aterrorizada, la joven se pone en contacto con el FBI, pero las pistas que aporta son muy escasas.<\/p>\n","protected":false},"featured_media":4445,"comment_status":"open","ping_status":"closed","template":"","meta":{"site-sidebar-layout":"default","site-content-layout":"default","ast-site-content-layout":"default","site-content-style":"default","site-sidebar-style":"default","ast-global-header-display":"","ast-banner-title-visibility":"","ast-main-header-display":"","ast-hfb-above-header-display":"","ast-hfb-below-header-display":"","ast-hfb-mobile-header-display":"","site-post-title":"","ast-breadcrumbs-content":"","ast-featured-img":"","footer-sml-layout":"","ast-disable-related-posts":"","theme-transparent-header-meta":"","adv-header-id-meta":"","stick-header-meta":"","header-above-stick-meta":"","header-main-stick-meta":"","header-below-stick-meta":"","astra-migrate-meta-layouts":"default","ast-page-background-enabled":"default","ast-page-background-meta":{"desktop":{"background-color":"","background-image":"","background-repeat":"repeat","background-position":"center center","background-size":"auto","background-attachment":"scroll","background-type":"","background-media":"","overlay-type":"","overlay-color":"","overlay-opacity":"","overlay-gradient":""},"tablet":{"background-color":"","background-image":"","background-repeat":"repeat","background-position":"center center","background-size":"auto","background-attachment":"scroll","background-type":"","background-media":"","overlay-type":"","overlay-color":"","overlay-opacity":"","overlay-gradient":""},"mobile":{"background-color":"","background-image":"","background-repeat":"repeat","background-position":"center center","background-size":"auto","background-attachment":"scroll","background-type":"","background-media":"","overlay-type":"","overlay-color":"","overlay-opacity":"","overlay-gradient":""}},"ast-content-background-meta":{"desktop":{"background-color":"var(--ast-global-color-5)","background-image":"","background-repeat":"repeat","background-position":"center center","background-size":"auto","background-attachment":"scroll","background-type":"","background-media":"","overlay-type":"","overlay-color":"","overlay-opacity":"","overlay-gradient":""},"tablet":{"background-color":"var(--ast-global-color-5)","background-image":"","background-repeat":"repeat","background-position":"center center","background-size":"auto","background-attachment":"scroll","background-type":"","background-media":"","overlay-type":"","overlay-color":"","overlay-opacity":"","overlay-gradient":""},"mobile":{"background-color":"var(--ast-global-color-5)","background-image":"","background-repeat":"repeat","background-position":"center center","background-size":"auto","background-attachment":"scroll","background-type":"","background-media":"","overlay-type":"","overlay-color":"","overlay-opacity":"","overlay-gradient":""}},"_joinchat":[]},"product_brand":[],"product_cat":[49],"product_tag":[],"class_list":{"0":"post-4444","1":"product","2":"type-product","3":"status-publish","4":"has-post-thumbnail","6":"product_cat-limpiadores","7":"desktop-align-left","8":"tablet-align-left","9":"mobile-align-left","11":"first","12":"instock","13":"sale","14":"shipping-taxable","15":"purchasable","16":"product-type-simple"},"_links":{"self":[{"href":"https:\/\/cinemasoul.es\/index.php?rest_route=\/wp\/v2\/product\/4444","targetHints":{"allow":["GET"]}}],"collection":[{"href":"https:\/\/cinemasoul.es\/index.php?rest_route=\/wp\/v2\/product"}],"about":[{"href":"https:\/\/cinemasoul.es\/index.php?rest_route=\/wp\/v2\/types\/product"}],"replies":[{"embeddable":true,"href":"https:\/\/cinemasoul.es\/index.php?rest_route=%2Fwp%2Fv2%2Fcomments&post=4444"}],"version-history":[{"count":1,"href":"https:\/\/cinemasoul.es\/index.php?rest_route=\/wp\/v2\/product\/4444\/revisions"}],"predecessor-version":[{"id":4447,"href":"https:\/\/cinemasoul.es\/index.php?rest_route=\/wp\/v2\/product\/4444\/revisions\/4447"}],"wp:featuredmedia":[{"embeddable":true,"href":"https:\/\/cinemasoul.es\/index.php?rest_route=\/wp\/v2\/media\/4445"}],"wp:attachment":[{"href":"https:\/\/cinemasoul.es\/index.php?rest_route=%2Fwp%2Fv2%2Fmedia&parent=4444"}],"wp:term":[{"taxonomy":"product_brand","embeddable":true,"href":"https:\/\/cinemasoul.es\/index.php?rest_route=%2Fwp%2Fv2%2Fproduct_brand&post=4444"},{"taxonomy":"product_cat","embeddable":true,"href":"https:\/\/cinemasoul.es\/index.php?rest_route=%2Fwp%2Fv2%2Fproduct_cat&post=4444"},{"taxonomy":"product_tag","embeddable":true,"href":"https:\/\/cinemasoul.es\/index.php?rest_route=%2Fwp%2Fv2%2Fproduct_tag&post=4444"}],"curies":[{"name":"wp","href":"https:\/\/api.w.org\/{rel}","templated":true}]}}