{"id":4404,"date":"2022-02-24T13:50:39","date_gmt":"2022-02-24T13:50:39","guid":{"rendered":"https:\/\/www.cinemasoul.es\/?post_type=product&#038;p=4404"},"modified":"2022-02-24T13:50:39","modified_gmt":"2022-02-24T13:50:39","slug":"doce-del-patibulo-4-contra-el-iv-reich-dvd","status":"publish","type":"product","link":"https:\/\/cinemasoul.es\/?product=doce-del-patibulo-4-contra-el-iv-reich-dvd","title":{"rendered":"Doce del pat\u00edbulo 4: Contra el IV Reich [DVD]"},"content":{"rendered":"","protected":false},"excerpt":{"rendered":"<p><strong>T\u00edtulo original<\/strong> The Dirty Dozen: The Fatal Mission (The Dirty Dozen 4) (TV)\u00a0<strong>A\u00f1o<\/strong> 1988\u00a0<strong>Duraci\u00f3n<\/strong> 100 min.\u00a0<strong>Pa\u00eds<\/strong> Estados Unidos\u00a0<strong>Direcci\u00f3n<\/strong> Lee H. Katzin\u00a0<strong>Guion<\/strong> Mark Rodgers\u00a0<strong>M\u00fasica<\/strong> John Cacavas\u00a0<strong>Fotograf\u00eda<\/strong> Tomislav Pinter\u00a0<strong>Reparto<\/strong> Telly Savalas, Ernest Borgnine, Hunt Block, Matthew Burton, Jeff Conaway, Ernie Hudson\u00a0<strong>Productora<\/strong> Coproducci\u00f3n Estados Unidos-Yugoslavia-Italia;\u00a0<strong>G\u00e9nero<\/strong> B\u00e9lico<\/p>\n<p>El mayor Wright (Telly Savalas) es un hombre duro y violento con una fe y lealtad a su pa\u00eds fuera de toda duda. Su misi\u00f3n actual consiste en desbaratar un complot alem\u00e1n cuyo objetivo es llevar al poder a un poderoso grupo de generales nazis que act\u00faan en nombre del III Reich. El comando lo forman doce presidiarios que s\u00f3lo tienen dos posibilidades: la libertad o la muerte. Su objetivo: asaltar y destruir un convoy, que es el centro de operaciones de los conspiradores.<\/p>\n<p>&nbsp;<\/p>\n","protected":false},"featured_media":4405,"comment_status":"open","ping_status":"closed","template":"","meta":{"site-sidebar-layout":"default","site-content-layout":"default","ast-site-content-layout":"default","site-content-style":"default","site-sidebar-style":"default","ast-global-header-display":"","ast-banner-title-visibility":"","ast-main-header-display":"","ast-hfb-above-header-display":"","ast-hfb-below-header-display":"","ast-hfb-mobile-header-display":"","site-post-title":"","ast-breadcrumbs-content":"","ast-featured-img":"","footer-sml-layout":"","ast-disable-related-posts":"","theme-transparent-header-meta":"","adv-header-id-meta":"","stick-header-meta":"","header-above-stick-meta":"","header-main-stick-meta":"","header-below-stick-meta":"","astra-migrate-meta-layouts":"default","ast-page-background-enabled":"default","ast-page-background-meta":{"desktop":{"background-color":"","background-image":"","background-repeat":"repeat","background-position":"center center","background-size":"auto","background-attachment":"scroll","background-type":"","background-media":"","overlay-type":"","overlay-color":"","overlay-opacity":"","overlay-gradient":""},"tablet":{"background-color":"","background-image":"","background-repeat":"repeat","background-position":"center center","background-size":"auto","background-attachment":"scroll","background-type":"","background-media":"","overlay-type":"","overlay-color":"","overlay-opacity":"","overlay-gradient":""},"mobile":{"background-color":"","background-image":"","background-repeat":"repeat","background-position":"center center","background-size":"auto","background-attachment":"scroll","background-type":"","background-media":"","overlay-type":"","overlay-color":"","overlay-opacity":"","overlay-gradient":""}},"ast-content-background-meta":{"desktop":{"background-color":"var(--ast-global-color-5)","background-image":"","background-repeat":"repeat","background-position":"center center","background-size":"auto","background-attachment":"scroll","background-type":"","background-media":"","overlay-type":"","overlay-color":"","overlay-opacity":"","overlay-gradient":""},"tablet":{"background-color":"var(--ast-global-color-5)","background-image":"","background-repeat":"repeat","background-position":"center center","background-size":"auto","background-attachment":"scroll","background-type":"","background-media":"","overlay-type":"","overlay-color":"","overlay-opacity":"","overlay-gradient":""},"mobile":{"background-color":"var(--ast-global-color-5)","background-image":"","background-repeat":"repeat","background-position":"center center","background-size":"auto","background-attachment":"scroll","background-type":"","background-media":"","overlay-type":"","overlay-color":"","overlay-opacity":"","overlay-gradient":""}},"_joinchat":[]},"product_brand":[],"product_cat":[42],"product_tag":[],"class_list":{"0":"post-4404","1":"product","2":"type-product","3":"status-publish","4":"has-post-thumbnail","6":"product_cat-dvd","7":"desktop-align-left","8":"tablet-align-left","9":"mobile-align-left","11":"first","12":"instock","13":"sale","14":"shipping-taxable","15":"purchasable","16":"product-type-simple"},"_links":{"self":[{"href":"https:\/\/cinemasoul.es\/index.php?rest_route=\/wp\/v2\/product\/4404","targetHints":{"allow":["GET"]}}],"collection":[{"href":"https:\/\/cinemasoul.es\/index.php?rest_route=\/wp\/v2\/product"}],"about":[{"href":"https:\/\/cinemasoul.es\/index.php?rest_route=\/wp\/v2\/types\/product"}],"replies":[{"embeddable":true,"href":"https:\/\/cinemasoul.es\/index.php?rest_route=%2Fwp%2Fv2%2Fcomments&post=4404"}],"version-history":[{"count":1,"href":"https:\/\/cinemasoul.es\/index.php?rest_route=\/wp\/v2\/product\/4404\/revisions"}],"predecessor-version":[{"id":4407,"href":"https:\/\/cinemasoul.es\/index.php?rest_route=\/wp\/v2\/product\/4404\/revisions\/4407"}],"wp:featuredmedia":[{"embeddable":true,"href":"https:\/\/cinemasoul.es\/index.php?rest_route=\/wp\/v2\/media\/4405"}],"wp:attachment":[{"href":"https:\/\/cinemasoul.es\/index.php?rest_route=%2Fwp%2Fv2%2Fmedia&parent=4404"}],"wp:term":[{"taxonomy":"product_brand","embeddable":true,"href":"https:\/\/cinemasoul.es\/index.php?rest_route=%2Fwp%2Fv2%2Fproduct_brand&post=4404"},{"taxonomy":"product_cat","embeddable":true,"href":"https:\/\/cinemasoul.es\/index.php?rest_route=%2Fwp%2Fv2%2Fproduct_cat&post=4404"},{"taxonomy":"product_tag","embeddable":true,"href":"https:\/\/cinemasoul.es\/index.php?rest_route=%2Fwp%2Fv2%2Fproduct_tag&post=4404"}],"curies":[{"name":"wp","href":"https:\/\/api.w.org\/{rel}","templated":true}]}}