{"id":4389,"date":"2022-02-24T13:24:37","date_gmt":"2022-02-24T13:24:37","guid":{"rendered":"https:\/\/www.cinemasoul.es\/?post_type=product&#038;p=4389"},"modified":"2022-02-24T13:24:38","modified_gmt":"2022-02-24T13:24:38","slug":"barcos-del-infierno-dvd","status":"publish","type":"product","link":"https:\/\/cinemasoul.es\/?product=barcos-del-infierno-dvd","title":{"rendered":"Barcos del infierno [DVD]"},"content":{"rendered":"","protected":false},"excerpt":{"rendered":"<p><strong>T\u00edtulo original<\/strong> Hell Boats\u00a0<strong>A\u00f1o<\/strong> 1970\u00a0<strong>Duraci\u00f3n<\/strong> 95 min.\u00a0<strong>Pa\u00eds<\/strong> Estados Unidos\u00a0<strong>Direcci\u00f3n<\/strong> Paul Wendkos\u00a0<strong>Guion<\/strong> Anthony Spinner, Donald Ford, Derek Ford. <em>Relato:<\/em> S.S. Schweitzer <strong>M\u00fasica<\/strong> Frank Cordell\u00a0<strong>Fotograf\u00eda<\/strong> Paul Beeson\u00a0<strong>Reparto<\/strong> James Franciscus, Elizabeth Shepherd, Ronald Allen, Reuven Bar-Yotam, Mark Hawkins, Magda Konopka, Drewe Henley, Inigo Jackson, Takis Emmanuel, Philip Madoc, John G. Heller, David Savile, Sean Barrett\u00a0<strong>Productora<\/strong> Oakmont Productions, Mirisch Films Limited <strong>G\u00e9nero<\/strong> B\u00e9lico. Drama<\/p>\n<p>La armada brit\u00e1nica est\u00e1 enfrascada en una encarnizada lucha con las fuerzas alemanas por el control de las rutas de suministro del Mediterr\u00e1neo durante el a\u00f1o 1942. Todo el oeste de Europa est\u00e1 en manos nazis y Rommel avanza imparable a trav\u00e9s de la costa norte de \u00c1frica para adue\u00f1arse del control absoluto de todo el mar. La \u00fanica esperanza para los aliados pasa por la isla de Malta. El Comandante Tom Jeffords es enviado al lugar para romper el bloqueo y as\u00ed abrir las comunicaciones. El \u00e9xito pasa por el uso generalizado de unos botes r\u00e1pidos armados con torpedos conocidos por Hell Boats (Barcos del infierno).<\/p>\n","protected":false},"featured_media":4390,"comment_status":"open","ping_status":"closed","template":"","meta":{"site-sidebar-layout":"default","site-content-layout":"default","ast-site-content-layout":"default","site-content-style":"default","site-sidebar-style":"default","ast-global-header-display":"","ast-banner-title-visibility":"","ast-main-header-display":"","ast-hfb-above-header-display":"","ast-hfb-below-header-display":"","ast-hfb-mobile-header-display":"","site-post-title":"","ast-breadcrumbs-content":"","ast-featured-img":"","footer-sml-layout":"","ast-disable-related-posts":"","theme-transparent-header-meta":"","adv-header-id-meta":"","stick-header-meta":"","header-above-stick-meta":"","header-main-stick-meta":"","header-below-stick-meta":"","astra-migrate-meta-layouts":"default","ast-page-background-enabled":"default","ast-page-background-meta":{"desktop":{"background-color":"","background-image":"","background-repeat":"repeat","background-position":"center center","background-size":"auto","background-attachment":"scroll","background-type":"","background-media":"","overlay-type":"","overlay-color":"","overlay-opacity":"","overlay-gradient":""},"tablet":{"background-color":"","background-image":"","background-repeat":"repeat","background-position":"center center","background-size":"auto","background-attachment":"scroll","background-type":"","background-media":"","overlay-type":"","overlay-color":"","overlay-opacity":"","overlay-gradient":""},"mobile":{"background-color":"","background-image":"","background-repeat":"repeat","background-position":"center center","background-size":"auto","background-attachment":"scroll","background-type":"","background-media":"","overlay-type":"","overlay-color":"","overlay-opacity":"","overlay-gradient":""}},"ast-content-background-meta":{"desktop":{"background-color":"var(--ast-global-color-5)","background-image":"","background-repeat":"repeat","background-position":"center center","background-size":"auto","background-attachment":"scroll","background-type":"","background-media":"","overlay-type":"","overlay-color":"","overlay-opacity":"","overlay-gradient":""},"tablet":{"background-color":"var(--ast-global-color-5)","background-image":"","background-repeat":"repeat","background-position":"center center","background-size":"auto","background-attachment":"scroll","background-type":"","background-media":"","overlay-type":"","overlay-color":"","overlay-opacity":"","overlay-gradient":""},"mobile":{"background-color":"var(--ast-global-color-5)","background-image":"","background-repeat":"repeat","background-position":"center center","background-size":"auto","background-attachment":"scroll","background-type":"","background-media":"","overlay-type":"","overlay-color":"","overlay-opacity":"","overlay-gradient":""}},"_joinchat":[]},"product_brand":[],"product_cat":[42],"product_tag":[],"class_list":{"0":"post-4389","1":"product","2":"type-product","3":"status-publish","4":"has-post-thumbnail","6":"product_cat-dvd","7":"desktop-align-left","8":"tablet-align-left","9":"mobile-align-left","11":"first","12":"instock","13":"sale","14":"shipping-taxable","15":"purchasable","16":"product-type-simple"},"_links":{"self":[{"href":"https:\/\/cinemasoul.es\/index.php?rest_route=\/wp\/v2\/product\/4389","targetHints":{"allow":["GET"]}}],"collection":[{"href":"https:\/\/cinemasoul.es\/index.php?rest_route=\/wp\/v2\/product"}],"about":[{"href":"https:\/\/cinemasoul.es\/index.php?rest_route=\/wp\/v2\/types\/product"}],"replies":[{"embeddable":true,"href":"https:\/\/cinemasoul.es\/index.php?rest_route=%2Fwp%2Fv2%2Fcomments&post=4389"}],"version-history":[{"count":1,"href":"https:\/\/cinemasoul.es\/index.php?rest_route=\/wp\/v2\/product\/4389\/revisions"}],"predecessor-version":[{"id":4391,"href":"https:\/\/cinemasoul.es\/index.php?rest_route=\/wp\/v2\/product\/4389\/revisions\/4391"}],"wp:featuredmedia":[{"embeddable":true,"href":"https:\/\/cinemasoul.es\/index.php?rest_route=\/wp\/v2\/media\/4390"}],"wp:attachment":[{"href":"https:\/\/cinemasoul.es\/index.php?rest_route=%2Fwp%2Fv2%2Fmedia&parent=4389"}],"wp:term":[{"taxonomy":"product_brand","embeddable":true,"href":"https:\/\/cinemasoul.es\/index.php?rest_route=%2Fwp%2Fv2%2Fproduct_brand&post=4389"},{"taxonomy":"product_cat","embeddable":true,"href":"https:\/\/cinemasoul.es\/index.php?rest_route=%2Fwp%2Fv2%2Fproduct_cat&post=4389"},{"taxonomy":"product_tag","embeddable":true,"href":"https:\/\/cinemasoul.es\/index.php?rest_route=%2Fwp%2Fv2%2Fproduct_tag&post=4389"}],"curies":[{"name":"wp","href":"https:\/\/api.w.org\/{rel}","templated":true}]}}