{"id":4385,"date":"2022-02-24T13:16:41","date_gmt":"2022-02-24T13:16:41","guid":{"rendered":"https:\/\/www.cinemasoul.es\/?post_type=product&#038;p=4385"},"modified":"2022-02-24T13:17:27","modified_gmt":"2022-02-24T13:17:27","slug":"soberbia-dvd","status":"publish","type":"product","link":"https:\/\/cinemasoul.es\/?product=soberbia-dvd","title":{"rendered":"Soberbia [DVD]"},"content":{"rendered":"","protected":false},"excerpt":{"rendered":"<p><strong>T\u00edtulo original<\/strong> The Moon and Sixpence\u00a0<strong>A\u00f1o<\/strong> 1943\u00a0<strong>Duraci\u00f3n<\/strong> 89 min.\u00a0<strong>Pa\u00eds<\/strong> Estados Unidos\u00a0<strong>Direcci\u00f3n<\/strong> Albert Lewin\u00a0<strong>Guion<\/strong> Albert Lewin. <em>Novela:<\/em> William Somerset Maugham\u00a0<strong>M\u00fasica<\/strong> Dimitri Tiomkin\u00a0<strong>Fotograf\u00eda<\/strong> John F. Seitz\u00a0<strong>Reparto<\/strong> George Sanders, Herbert Marshall, Doris Dudley, Eric Blore, Albert Basserman, Florence Bates, Steven Geray, Elena Verdugo, Mike Mazurki\u00a0<strong>Productora<\/strong> United Artists\u00a0<strong>G\u00e9nero<\/strong> Drama<\/p>\n<p>Charles Strickland es un agente de bolsa, casado, con dos hijos, y sin conflicto visible con su familia. Un d\u00eda cualquiera, la esposa encuentra una nota donde su esposo le anuncia que se ha separado y que se ha marchado para siempre a Par\u00eds. Cuando todo el mundo presupone que lo ha hecho por otra mujer, Geoffrey Wolfe, un escritor que se ha acaba de hacer amigo de la familia Strickland, comprueba que el motivo de su huida es otro muy especial. Pasi\u00f3n y vocaci\u00f3n de un personaje inspirado en la vida del pol\u00e9mico pintor Paul Gauguin.<\/p>\n","protected":false},"featured_media":4386,"comment_status":"open","ping_status":"closed","template":"","meta":{"site-sidebar-layout":"default","site-content-layout":"default","ast-site-content-layout":"default","site-content-style":"default","site-sidebar-style":"default","ast-global-header-display":"","ast-banner-title-visibility":"","ast-main-header-display":"","ast-hfb-above-header-display":"","ast-hfb-below-header-display":"","ast-hfb-mobile-header-display":"","site-post-title":"","ast-breadcrumbs-content":"","ast-featured-img":"","footer-sml-layout":"","ast-disable-related-posts":"","theme-transparent-header-meta":"","adv-header-id-meta":"","stick-header-meta":"","header-above-stick-meta":"","header-main-stick-meta":"","header-below-stick-meta":"","astra-migrate-meta-layouts":"default","ast-page-background-enabled":"default","ast-page-background-meta":{"desktop":{"background-color":"","background-image":"","background-repeat":"repeat","background-position":"center center","background-size":"auto","background-attachment":"scroll","background-type":"","background-media":"","overlay-type":"","overlay-color":"","overlay-opacity":"","overlay-gradient":""},"tablet":{"background-color":"","background-image":"","background-repeat":"repeat","background-position":"center center","background-size":"auto","background-attachment":"scroll","background-type":"","background-media":"","overlay-type":"","overlay-color":"","overlay-opacity":"","overlay-gradient":""},"mobile":{"background-color":"","background-image":"","background-repeat":"repeat","background-position":"center center","background-size":"auto","background-attachment":"scroll","background-type":"","background-media":"","overlay-type":"","overlay-color":"","overlay-opacity":"","overlay-gradient":""}},"ast-content-background-meta":{"desktop":{"background-color":"var(--ast-global-color-5)","background-image":"","background-repeat":"repeat","background-position":"center center","background-size":"auto","background-attachment":"scroll","background-type":"","background-media":"","overlay-type":"","overlay-color":"","overlay-opacity":"","overlay-gradient":""},"tablet":{"background-color":"var(--ast-global-color-5)","background-image":"","background-repeat":"repeat","background-position":"center center","background-size":"auto","background-attachment":"scroll","background-type":"","background-media":"","overlay-type":"","overlay-color":"","overlay-opacity":"","overlay-gradient":""},"mobile":{"background-color":"var(--ast-global-color-5)","background-image":"","background-repeat":"repeat","background-position":"center center","background-size":"auto","background-attachment":"scroll","background-type":"","background-media":"","overlay-type":"","overlay-color":"","overlay-opacity":"","overlay-gradient":""}},"_joinchat":[]},"product_brand":[],"product_cat":[42],"product_tag":[],"class_list":{"0":"post-4385","1":"product","2":"type-product","3":"status-publish","4":"has-post-thumbnail","6":"product_cat-dvd","7":"desktop-align-left","8":"tablet-align-left","9":"mobile-align-left","11":"first","12":"instock","13":"sale","14":"shipping-taxable","15":"purchasable","16":"product-type-simple"},"_links":{"self":[{"href":"https:\/\/cinemasoul.es\/index.php?rest_route=\/wp\/v2\/product\/4385","targetHints":{"allow":["GET"]}}],"collection":[{"href":"https:\/\/cinemasoul.es\/index.php?rest_route=\/wp\/v2\/product"}],"about":[{"href":"https:\/\/cinemasoul.es\/index.php?rest_route=\/wp\/v2\/types\/product"}],"replies":[{"embeddable":true,"href":"https:\/\/cinemasoul.es\/index.php?rest_route=%2Fwp%2Fv2%2Fcomments&post=4385"}],"version-history":[{"count":1,"href":"https:\/\/cinemasoul.es\/index.php?rest_route=\/wp\/v2\/product\/4385\/revisions"}],"predecessor-version":[{"id":4388,"href":"https:\/\/cinemasoul.es\/index.php?rest_route=\/wp\/v2\/product\/4385\/revisions\/4388"}],"wp:featuredmedia":[{"embeddable":true,"href":"https:\/\/cinemasoul.es\/index.php?rest_route=\/wp\/v2\/media\/4386"}],"wp:attachment":[{"href":"https:\/\/cinemasoul.es\/index.php?rest_route=%2Fwp%2Fv2%2Fmedia&parent=4385"}],"wp:term":[{"taxonomy":"product_brand","embeddable":true,"href":"https:\/\/cinemasoul.es\/index.php?rest_route=%2Fwp%2Fv2%2Fproduct_brand&post=4385"},{"taxonomy":"product_cat","embeddable":true,"href":"https:\/\/cinemasoul.es\/index.php?rest_route=%2Fwp%2Fv2%2Fproduct_cat&post=4385"},{"taxonomy":"product_tag","embeddable":true,"href":"https:\/\/cinemasoul.es\/index.php?rest_route=%2Fwp%2Fv2%2Fproduct_tag&post=4385"}],"curies":[{"name":"wp","href":"https:\/\/api.w.org\/{rel}","templated":true}]}}