{"id":4361,"date":"2022-02-24T11:45:44","date_gmt":"2022-02-24T11:45:44","guid":{"rendered":"https:\/\/www.cinemasoul.es\/?post_type=product&#038;p=4361"},"modified":"2022-02-24T13:13:46","modified_gmt":"2022-02-24T13:13:46","slug":"mi-obsesion-por-helena","status":"publish","type":"product","link":"https:\/\/cinemasoul.es\/?product=mi-obsesion-por-helena","title":{"rendered":"Mi obsesi\u00f3n por Helena [DVD]"},"content":{"rendered":"","protected":false},"excerpt":{"rendered":"<p><strong>T\u00edtulo original <\/strong>Boxing Helena\u00a0<strong>A\u00f1o <\/strong>1993\u00a0<strong>Duraci\u00f3n <\/strong>105 min.\u00a0<strong>Pa\u00eds <\/strong>Estados Unidos\u00a0<strong>Direcci\u00f3n <\/strong>Jennifer Lynch <strong>Guion <\/strong>Jennifer Lynch\u00a0<strong>M\u00fasica <\/strong>Graeme Revell\u00a0<strong>Fotograf\u00eda <\/strong>Frank Byers\u00a0<strong>Reparto <\/strong>Julian Sands, Sherilyn Fenn, Bill Paxton, Art Garfunkel, Kurtwood Smith\u00a0<strong>Productora <\/strong>Orion Classics\u00a0<strong>G\u00e9nero <\/strong>Drama Cine independiente USA<\/p>\n<p>Nick Cavanaugh (Julian Sands), cirujano jefe de un hospital, es un hombre inteligente, trabajador y soltero que ha pasado ya los cuarenta. La reciente muerte de su madre hace que Nick reflexione sobre su vida y su futuro. Adem\u00e1s, Nick vive perseguido todav\u00eda por el recuerdo de una breve aventura con la mujer que aparece en la fantas\u00eda de todos los hombres: Elena.<\/p>\n","protected":false},"featured_media":4362,"comment_status":"open","ping_status":"closed","template":"","meta":{"site-sidebar-layout":"default","site-content-layout":"default","ast-site-content-layout":"default","site-content-style":"default","site-sidebar-style":"default","ast-global-header-display":"","ast-banner-title-visibility":"","ast-main-header-display":"","ast-hfb-above-header-display":"","ast-hfb-below-header-display":"","ast-hfb-mobile-header-display":"","site-post-title":"","ast-breadcrumbs-content":"","ast-featured-img":"","footer-sml-layout":"","ast-disable-related-posts":"","theme-transparent-header-meta":"","adv-header-id-meta":"","stick-header-meta":"","header-above-stick-meta":"","header-main-stick-meta":"","header-below-stick-meta":"","astra-migrate-meta-layouts":"default","ast-page-background-enabled":"default","ast-page-background-meta":{"desktop":{"background-color":"","background-image":"","background-repeat":"repeat","background-position":"center center","background-size":"auto","background-attachment":"scroll","background-type":"","background-media":"","overlay-type":"","overlay-color":"","overlay-opacity":"","overlay-gradient":""},"tablet":{"background-color":"","background-image":"","background-repeat":"repeat","background-position":"center center","background-size":"auto","background-attachment":"scroll","background-type":"","background-media":"","overlay-type":"","overlay-color":"","overlay-opacity":"","overlay-gradient":""},"mobile":{"background-color":"","background-image":"","background-repeat":"repeat","background-position":"center center","background-size":"auto","background-attachment":"scroll","background-type":"","background-media":"","overlay-type":"","overlay-color":"","overlay-opacity":"","overlay-gradient":""}},"ast-content-background-meta":{"desktop":{"background-color":"var(--ast-global-color-5)","background-image":"","background-repeat":"repeat","background-position":"center center","background-size":"auto","background-attachment":"scroll","background-type":"","background-media":"","overlay-type":"","overlay-color":"","overlay-opacity":"","overlay-gradient":""},"tablet":{"background-color":"var(--ast-global-color-5)","background-image":"","background-repeat":"repeat","background-position":"center center","background-size":"auto","background-attachment":"scroll","background-type":"","background-media":"","overlay-type":"","overlay-color":"","overlay-opacity":"","overlay-gradient":""},"mobile":{"background-color":"var(--ast-global-color-5)","background-image":"","background-repeat":"repeat","background-position":"center center","background-size":"auto","background-attachment":"scroll","background-type":"","background-media":"","overlay-type":"","overlay-color":"","overlay-opacity":"","overlay-gradient":""}},"_joinchat":[]},"product_brand":[],"product_cat":[42],"product_tag":[],"class_list":{"0":"post-4361","1":"product","2":"type-product","3":"status-publish","4":"has-post-thumbnail","6":"product_cat-dvd","7":"desktop-align-left","8":"tablet-align-left","9":"mobile-align-left","11":"first","12":"instock","13":"sale","14":"shipping-taxable","15":"purchasable","16":"product-type-simple"},"_links":{"self":[{"href":"https:\/\/cinemasoul.es\/index.php?rest_route=\/wp\/v2\/product\/4361","targetHints":{"allow":["GET"]}}],"collection":[{"href":"https:\/\/cinemasoul.es\/index.php?rest_route=\/wp\/v2\/product"}],"about":[{"href":"https:\/\/cinemasoul.es\/index.php?rest_route=\/wp\/v2\/types\/product"}],"replies":[{"embeddable":true,"href":"https:\/\/cinemasoul.es\/index.php?rest_route=%2Fwp%2Fv2%2Fcomments&post=4361"}],"version-history":[{"count":5,"href":"https:\/\/cinemasoul.es\/index.php?rest_route=\/wp\/v2\/product\/4361\/revisions"}],"predecessor-version":[{"id":4384,"href":"https:\/\/cinemasoul.es\/index.php?rest_route=\/wp\/v2\/product\/4361\/revisions\/4384"}],"wp:featuredmedia":[{"embeddable":true,"href":"https:\/\/cinemasoul.es\/index.php?rest_route=\/wp\/v2\/media\/4362"}],"wp:attachment":[{"href":"https:\/\/cinemasoul.es\/index.php?rest_route=%2Fwp%2Fv2%2Fmedia&parent=4361"}],"wp:term":[{"taxonomy":"product_brand","embeddable":true,"href":"https:\/\/cinemasoul.es\/index.php?rest_route=%2Fwp%2Fv2%2Fproduct_brand&post=4361"},{"taxonomy":"product_cat","embeddable":true,"href":"https:\/\/cinemasoul.es\/index.php?rest_route=%2Fwp%2Fv2%2Fproduct_cat&post=4361"},{"taxonomy":"product_tag","embeddable":true,"href":"https:\/\/cinemasoul.es\/index.php?rest_route=%2Fwp%2Fv2%2Fproduct_tag&post=4361"}],"curies":[{"name":"wp","href":"https:\/\/api.w.org\/{rel}","templated":true}]}}