{"id":4347,"date":"2022-02-04T19:29:06","date_gmt":"2022-02-04T19:29:06","guid":{"rendered":"https:\/\/www.cinemasoul.es\/?post_type=product&#038;p=4347"},"modified":"2022-02-04T19:29:06","modified_gmt":"2022-02-04T19:29:06","slug":"las-lluvias-de-ranchipur-blu-ray","status":"publish","type":"product","link":"https:\/\/cinemasoul.es\/?product=las-lluvias-de-ranchipur-blu-ray","title":{"rendered":"Las Lluvias de Ranchipur [Blu-ray]"},"content":{"rendered":"","protected":false},"excerpt":{"rendered":"<p><strong>T\u00edtulo original<\/strong>: The Rains of Ranchipur\u00a0<strong>A\u00f1o<\/strong>: 1955\u00a0<strong>Duraci\u00f3n<\/strong>: 104 min.\u00a0<strong>Pa\u00eds<\/strong>: Estados Unidos\u00a0<strong>Direcci\u00f3n<\/strong>: Jean Negulesco\u00a0<strong>Guion<\/strong>: Merle Miller. <em>Novela:<\/em> Louis Bromfield\u00a0<strong>M\u00fasica<\/strong>: Hugo Friedhofer\u00a0<strong>Fotograf\u00eda<\/strong>: Milton R. Krasner\u00a0<strong>Reparto<\/strong>: Lana Turner, Richard Burton, Fred MacMurray, Joan Caulfield, Eugenie Leontovich, Michael Rennie, Gladys Hurlbut, Madge Kennedy, Carlo Rizzo, Argentina Brunetti, Paul Frees, King Calder, Rama Bai, Kay Koury, John Banner, Sam Harris\u00a0<strong>Productora<\/strong>: 20th Century Fox\u00a0<strong>G\u00e9nero<\/strong>: Drama | Remake<\/p>\n<p><strong>Sinopsis<\/strong>: Edwina Esketh (Lana Turner) llega a la India en compa\u00f1\u00eda de su marido. Poco despu\u00e9s conoce al m\u00e9dico de una peque\u00f1a localidad, el doctor Safti (Richard Burton), del que acaba enamor\u00e1ndose.<\/p>\n","protected":false},"featured_media":4348,"comment_status":"open","ping_status":"closed","template":"","meta":{"site-sidebar-layout":"default","site-content-layout":"default","ast-site-content-layout":"default","site-content-style":"default","site-sidebar-style":"default","ast-global-header-display":"","ast-banner-title-visibility":"","ast-main-header-display":"","ast-hfb-above-header-display":"","ast-hfb-below-header-display":"","ast-hfb-mobile-header-display":"","site-post-title":"","ast-breadcrumbs-content":"","ast-featured-img":"","footer-sml-layout":"","ast-disable-related-posts":"","theme-transparent-header-meta":"","adv-header-id-meta":"","stick-header-meta":"","header-above-stick-meta":"","header-main-stick-meta":"","header-below-stick-meta":"","astra-migrate-meta-layouts":"default","ast-page-background-enabled":"default","ast-page-background-meta":{"desktop":{"background-color":"","background-image":"","background-repeat":"repeat","background-position":"center center","background-size":"auto","background-attachment":"scroll","background-type":"","background-media":"","overlay-type":"","overlay-color":"","overlay-opacity":"","overlay-gradient":""},"tablet":{"background-color":"","background-image":"","background-repeat":"repeat","background-position":"center center","background-size":"auto","background-attachment":"scroll","background-type":"","background-media":"","overlay-type":"","overlay-color":"","overlay-opacity":"","overlay-gradient":""},"mobile":{"background-color":"","background-image":"","background-repeat":"repeat","background-position":"center center","background-size":"auto","background-attachment":"scroll","background-type":"","background-media":"","overlay-type":"","overlay-color":"","overlay-opacity":"","overlay-gradient":""}},"ast-content-background-meta":{"desktop":{"background-color":"var(--ast-global-color-5)","background-image":"","background-repeat":"repeat","background-position":"center center","background-size":"auto","background-attachment":"scroll","background-type":"","background-media":"","overlay-type":"","overlay-color":"","overlay-opacity":"","overlay-gradient":""},"tablet":{"background-color":"var(--ast-global-color-5)","background-image":"","background-repeat":"repeat","background-position":"center center","background-size":"auto","background-attachment":"scroll","background-type":"","background-media":"","overlay-type":"","overlay-color":"","overlay-opacity":"","overlay-gradient":""},"mobile":{"background-color":"var(--ast-global-color-5)","background-image":"","background-repeat":"repeat","background-position":"center center","background-size":"auto","background-attachment":"scroll","background-type":"","background-media":"","overlay-type":"","overlay-color":"","overlay-opacity":"","overlay-gradient":""}},"_joinchat":[]},"product_brand":[],"product_cat":[43],"product_tag":[],"class_list":{"0":"post-4347","1":"product","2":"type-product","3":"status-publish","4":"has-post-thumbnail","6":"product_cat-bluray","7":"desktop-align-left","8":"tablet-align-left","9":"mobile-align-left","11":"first","12":"instock","13":"shipping-taxable","14":"purchasable","15":"product-type-simple"},"_links":{"self":[{"href":"https:\/\/cinemasoul.es\/index.php?rest_route=\/wp\/v2\/product\/4347","targetHints":{"allow":["GET"]}}],"collection":[{"href":"https:\/\/cinemasoul.es\/index.php?rest_route=\/wp\/v2\/product"}],"about":[{"href":"https:\/\/cinemasoul.es\/index.php?rest_route=\/wp\/v2\/types\/product"}],"replies":[{"embeddable":true,"href":"https:\/\/cinemasoul.es\/index.php?rest_route=%2Fwp%2Fv2%2Fcomments&post=4347"}],"version-history":[{"count":2,"href":"https:\/\/cinemasoul.es\/index.php?rest_route=\/wp\/v2\/product\/4347\/revisions"}],"predecessor-version":[{"id":4351,"href":"https:\/\/cinemasoul.es\/index.php?rest_route=\/wp\/v2\/product\/4347\/revisions\/4351"}],"wp:featuredmedia":[{"embeddable":true,"href":"https:\/\/cinemasoul.es\/index.php?rest_route=\/wp\/v2\/media\/4348"}],"wp:attachment":[{"href":"https:\/\/cinemasoul.es\/index.php?rest_route=%2Fwp%2Fv2%2Fmedia&parent=4347"}],"wp:term":[{"taxonomy":"product_brand","embeddable":true,"href":"https:\/\/cinemasoul.es\/index.php?rest_route=%2Fwp%2Fv2%2Fproduct_brand&post=4347"},{"taxonomy":"product_cat","embeddable":true,"href":"https:\/\/cinemasoul.es\/index.php?rest_route=%2Fwp%2Fv2%2Fproduct_cat&post=4347"},{"taxonomy":"product_tag","embeddable":true,"href":"https:\/\/cinemasoul.es\/index.php?rest_route=%2Fwp%2Fv2%2Fproduct_tag&post=4347"}],"curies":[{"name":"wp","href":"https:\/\/api.w.org\/{rel}","templated":true}]}}