{"id":4343,"date":"2022-02-04T19:23:26","date_gmt":"2022-02-04T19:23:26","guid":{"rendered":"https:\/\/www.cinemasoul.es\/?post_type=product&#038;p=4343"},"modified":"2022-02-04T19:23:26","modified_gmt":"2022-02-04T19:23:26","slug":"la-furia-de-los-vikingos-bd","status":"publish","type":"product","link":"https:\/\/cinemasoul.es\/?product=la-furia-de-los-vikingos-bd","title":{"rendered":"La furia de los vikingos [BD]"},"content":{"rendered":"","protected":false},"excerpt":{"rendered":"<p><strong>T\u00edtulo original<\/strong>: Gli Invasori <strong>A\u00f1o<\/strong>: 1961\u00a0<strong>Duraci\u00f3n<\/strong>: 98 min.\u00a0<strong>Pa\u00eds<\/strong>: Italia\u00a0<strong>Direcci\u00f3n<\/strong>: Mario Bava\u00a0<strong>Guion<\/strong>: Mario Bava, Oreste Biancoli\u00a0<strong>M\u00fasica<\/strong>: Roberto Nicolosi\u00a0<strong>Fotograf\u00eda<\/strong>: Mario Bava, Ubaldo Terzano\u00a0<strong>Reparto<\/strong>: Cameron Mitchell, Alice, Ellen Kessler, Giorgio Ardisson, Andrea Checchi, Fran\u00e7oise Christophe, Franco Giacobini, Raf Baldassarre, Enzo Doria, Joe Robinson, Gianni Solaro, Franco Ressel, Livia Contardi, Folco Lulli <strong>Productora<\/strong>: Coproducci\u00f3n Italia-Francia; <strong>G\u00e9nero<\/strong>: Aventuras. Drama | Vikingos. Siglo IX. Edad Media<\/p>\n<p><strong>Sinopsis<\/strong>: Harald, el rey de los vikingos, muere durante una batalla contra los britanos. Uno de sus dos hijos, Eron, es puesto a salvo, mientras que el otro, Erik, es adoptado por Alicia, la reina de Britania. Veinte a\u00f1os despu\u00e9s, Eron encabeza la ofensiva vikinga contra los britanos y, por otro lado, Erik est\u00e1 al mando de la flota real de Britania. Los dos j\u00f3venes desconocen su verdadera historia y se enfrentar\u00e1n para defender sus respectivos bandos<\/p>\n","protected":false},"featured_media":4344,"comment_status":"open","ping_status":"closed","template":"","meta":{"site-sidebar-layout":"default","site-content-layout":"default","ast-site-content-layout":"default","site-content-style":"default","site-sidebar-style":"default","ast-global-header-display":"","ast-banner-title-visibility":"","ast-main-header-display":"","ast-hfb-above-header-display":"","ast-hfb-below-header-display":"","ast-hfb-mobile-header-display":"","site-post-title":"","ast-breadcrumbs-content":"","ast-featured-img":"","footer-sml-layout":"","ast-disable-related-posts":"","theme-transparent-header-meta":"","adv-header-id-meta":"","stick-header-meta":"","header-above-stick-meta":"","header-main-stick-meta":"","header-below-stick-meta":"","astra-migrate-meta-layouts":"default","ast-page-background-enabled":"default","ast-page-background-meta":{"desktop":{"background-color":"","background-image":"","background-repeat":"repeat","background-position":"center center","background-size":"auto","background-attachment":"scroll","background-type":"","background-media":"","overlay-type":"","overlay-color":"","overlay-opacity":"","overlay-gradient":""},"tablet":{"background-color":"","background-image":"","background-repeat":"repeat","background-position":"center center","background-size":"auto","background-attachment":"scroll","background-type":"","background-media":"","overlay-type":"","overlay-color":"","overlay-opacity":"","overlay-gradient":""},"mobile":{"background-color":"","background-image":"","background-repeat":"repeat","background-position":"center center","background-size":"auto","background-attachment":"scroll","background-type":"","background-media":"","overlay-type":"","overlay-color":"","overlay-opacity":"","overlay-gradient":""}},"ast-content-background-meta":{"desktop":{"background-color":"var(--ast-global-color-5)","background-image":"","background-repeat":"repeat","background-position":"center center","background-size":"auto","background-attachment":"scroll","background-type":"","background-media":"","overlay-type":"","overlay-color":"","overlay-opacity":"","overlay-gradient":""},"tablet":{"background-color":"var(--ast-global-color-5)","background-image":"","background-repeat":"repeat","background-position":"center center","background-size":"auto","background-attachment":"scroll","background-type":"","background-media":"","overlay-type":"","overlay-color":"","overlay-opacity":"","overlay-gradient":""},"mobile":{"background-color":"var(--ast-global-color-5)","background-image":"","background-repeat":"repeat","background-position":"center center","background-size":"auto","background-attachment":"scroll","background-type":"","background-media":"","overlay-type":"","overlay-color":"","overlay-opacity":"","overlay-gradient":""}},"_joinchat":[]},"product_brand":[],"product_cat":[43],"product_tag":[],"class_list":{"0":"post-4343","1":"product","2":"type-product","3":"status-publish","4":"has-post-thumbnail","6":"product_cat-bluray","7":"desktop-align-left","8":"tablet-align-left","9":"mobile-align-left","11":"first","12":"instock","13":"sale","14":"shipping-taxable","15":"purchasable","16":"product-type-simple"},"_links":{"self":[{"href":"https:\/\/cinemasoul.es\/index.php?rest_route=\/wp\/v2\/product\/4343","targetHints":{"allow":["GET"]}}],"collection":[{"href":"https:\/\/cinemasoul.es\/index.php?rest_route=\/wp\/v2\/product"}],"about":[{"href":"https:\/\/cinemasoul.es\/index.php?rest_route=\/wp\/v2\/types\/product"}],"replies":[{"embeddable":true,"href":"https:\/\/cinemasoul.es\/index.php?rest_route=%2Fwp%2Fv2%2Fcomments&post=4343"}],"version-history":[{"count":1,"href":"https:\/\/cinemasoul.es\/index.php?rest_route=\/wp\/v2\/product\/4343\/revisions"}],"predecessor-version":[{"id":4346,"href":"https:\/\/cinemasoul.es\/index.php?rest_route=\/wp\/v2\/product\/4343\/revisions\/4346"}],"wp:featuredmedia":[{"embeddable":true,"href":"https:\/\/cinemasoul.es\/index.php?rest_route=\/wp\/v2\/media\/4344"}],"wp:attachment":[{"href":"https:\/\/cinemasoul.es\/index.php?rest_route=%2Fwp%2Fv2%2Fmedia&parent=4343"}],"wp:term":[{"taxonomy":"product_brand","embeddable":true,"href":"https:\/\/cinemasoul.es\/index.php?rest_route=%2Fwp%2Fv2%2Fproduct_brand&post=4343"},{"taxonomy":"product_cat","embeddable":true,"href":"https:\/\/cinemasoul.es\/index.php?rest_route=%2Fwp%2Fv2%2Fproduct_cat&post=4343"},{"taxonomy":"product_tag","embeddable":true,"href":"https:\/\/cinemasoul.es\/index.php?rest_route=%2Fwp%2Fv2%2Fproduct_tag&post=4343"}],"curies":[{"name":"wp","href":"https:\/\/api.w.org\/{rel}","templated":true}]}}