{"id":4339,"date":"2022-02-04T19:09:16","date_gmt":"2022-02-04T19:09:16","guid":{"rendered":"https:\/\/www.cinemasoul.es\/?post_type=product&#038;p=4339"},"modified":"2022-02-04T19:09:16","modified_gmt":"2022-02-04T19:09:16","slug":"la-fragata-infernal-bd","status":"publish","type":"product","link":"https:\/\/cinemasoul.es\/?product=la-fragata-infernal-bd","title":{"rendered":"La fragata infernal [BD]"},"content":{"rendered":"","protected":false},"excerpt":{"rendered":"<p><strong>T\u00edtulo original<\/strong>: Billy Budd\u00a0<strong>A\u00f1o<\/strong>: 1962\u00a0<strong>Duraci\u00f3n<\/strong>: 112 min.\u00a0<strong>Pa\u00eds<\/strong>: Reino Unido\u00a0<strong>Direcci\u00f3n<\/strong>: Peter Ustinov\u00a0<strong>Guion<\/strong>: Peter Ustinov, DeWitt Bodeen, Robert Rossen, Louis O. Coxe, Robert H. Chapman. <strong>Novela<\/strong><em>:<\/em> Herman Melville\u00a0<strong>M\u00fasica<\/strong>: Antony Hopkins\u00a0<strong>Fotograf\u00eda<\/strong>: Robert Krasker (B&amp;W)\u00a0 <strong>Reparto<\/strong>: Robert Ryan, Peter Ustinov, Terence Stamp, Melvyn Douglas, Paul Rogers, John Neville, David McCallum, Ronald Lewis, Ray McAnally, Robert Brown, Lee Montague, Thomas Heathcote, John Meillon\u00a0 <strong>Productora<\/strong>: Allied Artists, Anglo Allied\u00a0<strong>G\u00e9nero<\/strong>: Aventuras. Drama | Aventuras marinas. Drama judicial \/ Abogados\/as. Ej\u00e9rcito. Siglo XVIII. Guerras Napole\u00f3nicas<\/p>\n<p><strong>Sinopsis<\/strong>: En 1797, durante las guerras napole\u00f3nicas, un buque de guerra ingl\u00e9s recluta a la fuerza a un inocente joven, que pronto se ganar\u00e1 la simpat\u00eda del resto de la tripulaci\u00f3n. Pero esto no podr\u00e1 soportarlo el suboficial de armas&#8230;<\/p>\n","protected":false},"featured_media":4340,"comment_status":"open","ping_status":"closed","template":"","meta":{"site-sidebar-layout":"default","site-content-layout":"default","ast-site-content-layout":"default","site-content-style":"default","site-sidebar-style":"default","ast-global-header-display":"","ast-banner-title-visibility":"","ast-main-header-display":"","ast-hfb-above-header-display":"","ast-hfb-below-header-display":"","ast-hfb-mobile-header-display":"","site-post-title":"","ast-breadcrumbs-content":"","ast-featured-img":"","footer-sml-layout":"","ast-disable-related-posts":"","theme-transparent-header-meta":"","adv-header-id-meta":"","stick-header-meta":"","header-above-stick-meta":"","header-main-stick-meta":"","header-below-stick-meta":"","astra-migrate-meta-layouts":"default","ast-page-background-enabled":"default","ast-page-background-meta":{"desktop":{"background-color":"","background-image":"","background-repeat":"repeat","background-position":"center center","background-size":"auto","background-attachment":"scroll","background-type":"","background-media":"","overlay-type":"","overlay-color":"","overlay-opacity":"","overlay-gradient":""},"tablet":{"background-color":"","background-image":"","background-repeat":"repeat","background-position":"center center","background-size":"auto","background-attachment":"scroll","background-type":"","background-media":"","overlay-type":"","overlay-color":"","overlay-opacity":"","overlay-gradient":""},"mobile":{"background-color":"","background-image":"","background-repeat":"repeat","background-position":"center center","background-size":"auto","background-attachment":"scroll","background-type":"","background-media":"","overlay-type":"","overlay-color":"","overlay-opacity":"","overlay-gradient":""}},"ast-content-background-meta":{"desktop":{"background-color":"var(--ast-global-color-5)","background-image":"","background-repeat":"repeat","background-position":"center center","background-size":"auto","background-attachment":"scroll","background-type":"","background-media":"","overlay-type":"","overlay-color":"","overlay-opacity":"","overlay-gradient":""},"tablet":{"background-color":"var(--ast-global-color-5)","background-image":"","background-repeat":"repeat","background-position":"center center","background-size":"auto","background-attachment":"scroll","background-type":"","background-media":"","overlay-type":"","overlay-color":"","overlay-opacity":"","overlay-gradient":""},"mobile":{"background-color":"var(--ast-global-color-5)","background-image":"","background-repeat":"repeat","background-position":"center center","background-size":"auto","background-attachment":"scroll","background-type":"","background-media":"","overlay-type":"","overlay-color":"","overlay-opacity":"","overlay-gradient":""}},"_joinchat":[]},"product_brand":[],"product_cat":[43],"product_tag":[],"class_list":{"0":"post-4339","1":"product","2":"type-product","3":"status-publish","4":"has-post-thumbnail","6":"product_cat-bluray","7":"desktop-align-left","8":"tablet-align-left","9":"mobile-align-left","11":"first","12":"instock","13":"sale","14":"shipping-taxable","15":"purchasable","16":"product-type-simple"},"_links":{"self":[{"href":"https:\/\/cinemasoul.es\/index.php?rest_route=\/wp\/v2\/product\/4339","targetHints":{"allow":["GET"]}}],"collection":[{"href":"https:\/\/cinemasoul.es\/index.php?rest_route=\/wp\/v2\/product"}],"about":[{"href":"https:\/\/cinemasoul.es\/index.php?rest_route=\/wp\/v2\/types\/product"}],"replies":[{"embeddable":true,"href":"https:\/\/cinemasoul.es\/index.php?rest_route=%2Fwp%2Fv2%2Fcomments&post=4339"}],"version-history":[{"count":1,"href":"https:\/\/cinemasoul.es\/index.php?rest_route=\/wp\/v2\/product\/4339\/revisions"}],"predecessor-version":[{"id":4342,"href":"https:\/\/cinemasoul.es\/index.php?rest_route=\/wp\/v2\/product\/4339\/revisions\/4342"}],"wp:featuredmedia":[{"embeddable":true,"href":"https:\/\/cinemasoul.es\/index.php?rest_route=\/wp\/v2\/media\/4340"}],"wp:attachment":[{"href":"https:\/\/cinemasoul.es\/index.php?rest_route=%2Fwp%2Fv2%2Fmedia&parent=4339"}],"wp:term":[{"taxonomy":"product_brand","embeddable":true,"href":"https:\/\/cinemasoul.es\/index.php?rest_route=%2Fwp%2Fv2%2Fproduct_brand&post=4339"},{"taxonomy":"product_cat","embeddable":true,"href":"https:\/\/cinemasoul.es\/index.php?rest_route=%2Fwp%2Fv2%2Fproduct_cat&post=4339"},{"taxonomy":"product_tag","embeddable":true,"href":"https:\/\/cinemasoul.es\/index.php?rest_route=%2Fwp%2Fv2%2Fproduct_tag&post=4339"}],"curies":[{"name":"wp","href":"https:\/\/api.w.org\/{rel}","templated":true}]}}