{"id":4315,"date":"2022-02-03T19:27:47","date_gmt":"2022-02-03T19:27:47","guid":{"rendered":"https:\/\/www.cinemasoul.es\/?post_type=product&#038;p=4315"},"modified":"2022-02-03T19:27:47","modified_gmt":"2022-02-03T19:27:47","slug":"el-principe-de-los-zorros-bd","status":"publish","type":"product","link":"https:\/\/cinemasoul.es\/?product=el-principe-de-los-zorros-bd","title":{"rendered":"El pr\u00edncipe de los zorros [BD]"},"content":{"rendered":"<p><strong>T\u00edtulo original<\/strong>: Prince of Foxes\u00a0<strong>A\u00f1o<\/strong>: 1949 <strong>Duraci\u00f3n<\/strong>: 107 min. <strong>Pa\u00eds<\/strong>: \u00a0Estados Unidos <strong>Direcci\u00f3n<\/strong>: Henry King\u00a0<strong>Guion<\/strong>: Milton Krims. <em>Novela:<\/em> Samuel Shellabarger\u00a0<strong>M\u00fasica<\/strong>: Alfred Newman\u00a0<strong>Fotograf\u00eda<\/strong>: Leon Shamroy (B&amp;W)\u00a0<strong>Reparto<\/strong>: Tyrone Power, Wanda Hendrix, Everett Sloane, Orson Welles, Katina Paxinou, Felix Aylmer, Marina Berti, Antonella Lualdi\u00a0<strong>Productora<\/strong>: 20th Century Fox\u00a0<strong>G\u00e9nero<\/strong>: Aventuras. Drama | Hist\u00f3rico. Siglo XV<\/p>\n<p><strong>Sinopsis<\/strong>: Renacimiento italiano (ss. XV y XVI) C\u00e9sar Borgia encarga al ambicioso cortesano Andrea Orsini que se infiltre en una ciudad-estado para que le mande informes que le permitan organizar su invasi\u00f3n. Pero Orsini se enamora de Camilla, la joven esposa del bondadoso conde Varano, que gobierna la ciudad. As\u00ed las cosas, Orsini, finalmente, ser\u00e1 incapaz de traicionarlos.<\/p>\n","protected":false},"excerpt":{"rendered":"<p>T\u00edtulo original: Prince of Foxes\u00a0A\u00f1o: 1949 Duraci\u00f3n: 107 min. Pa\u00eds: \u00a0Estados Unidos Direcci\u00f3n: Henry King\u00a0Guion: Milton Krims. Novela: Samuel Shellabarger\u00a0M\u00fasica: Alfred Newman\u00a0Fotograf\u00eda: Leon Shamroy (B&amp;W)\u00a0Reparto: Tyrone Power, Wanda Hendrix, Everett Sloane, Orson Welles, Katina Paxinou, Felix Aylmer, Marina Berti, Antonella Lualdi\u00a0Productora: 20th Century Fox\u00a0G\u00e9nero: Aventuras. Drama | Hist\u00f3rico. Siglo XV Sinopsis: Renacimiento italiano (ss. XV [&hellip;]<\/p>\n","protected":false},"featured_media":4316,"comment_status":"open","ping_status":"closed","template":"","meta":{"site-sidebar-layout":"default","site-content-layout":"default","ast-site-content-layout":"default","site-content-style":"default","site-sidebar-style":"default","ast-global-header-display":"","ast-banner-title-visibility":"","ast-main-header-display":"","ast-hfb-above-header-display":"","ast-hfb-below-header-display":"","ast-hfb-mobile-header-display":"","site-post-title":"","ast-breadcrumbs-content":"","ast-featured-img":"","footer-sml-layout":"","ast-disable-related-posts":"","theme-transparent-header-meta":"","adv-header-id-meta":"","stick-header-meta":"","header-above-stick-meta":"","header-main-stick-meta":"","header-below-stick-meta":"","astra-migrate-meta-layouts":"default","ast-page-background-enabled":"default","ast-page-background-meta":{"desktop":{"background-color":"","background-image":"","background-repeat":"repeat","background-position":"center center","background-size":"auto","background-attachment":"scroll","background-type":"","background-media":"","overlay-type":"","overlay-color":"","overlay-opacity":"","overlay-gradient":""},"tablet":{"background-color":"","background-image":"","background-repeat":"repeat","background-position":"center center","background-size":"auto","background-attachment":"scroll","background-type":"","background-media":"","overlay-type":"","overlay-color":"","overlay-opacity":"","overlay-gradient":""},"mobile":{"background-color":"","background-image":"","background-repeat":"repeat","background-position":"center center","background-size":"auto","background-attachment":"scroll","background-type":"","background-media":"","overlay-type":"","overlay-color":"","overlay-opacity":"","overlay-gradient":""}},"ast-content-background-meta":{"desktop":{"background-color":"var(--ast-global-color-5)","background-image":"","background-repeat":"repeat","background-position":"center center","background-size":"auto","background-attachment":"scroll","background-type":"","background-media":"","overlay-type":"","overlay-color":"","overlay-opacity":"","overlay-gradient":""},"tablet":{"background-color":"var(--ast-global-color-5)","background-image":"","background-repeat":"repeat","background-position":"center center","background-size":"auto","background-attachment":"scroll","background-type":"","background-media":"","overlay-type":"","overlay-color":"","overlay-opacity":"","overlay-gradient":""},"mobile":{"background-color":"var(--ast-global-color-5)","background-image":"","background-repeat":"repeat","background-position":"center center","background-size":"auto","background-attachment":"scroll","background-type":"","background-media":"","overlay-type":"","overlay-color":"","overlay-opacity":"","overlay-gradient":""}},"_joinchat":[]},"product_brand":[],"product_cat":[43],"product_tag":[],"class_list":{"0":"post-4315","1":"product","2":"type-product","3":"status-publish","4":"has-post-thumbnail","6":"product_cat-bluray","7":"desktop-align-left","8":"tablet-align-left","9":"mobile-align-left","11":"first","12":"instock","13":"sale","14":"shipping-taxable","15":"purchasable","16":"product-type-simple"},"_links":{"self":[{"href":"https:\/\/cinemasoul.es\/index.php?rest_route=\/wp\/v2\/product\/4315","targetHints":{"allow":["GET"]}}],"collection":[{"href":"https:\/\/cinemasoul.es\/index.php?rest_route=\/wp\/v2\/product"}],"about":[{"href":"https:\/\/cinemasoul.es\/index.php?rest_route=\/wp\/v2\/types\/product"}],"replies":[{"embeddable":true,"href":"https:\/\/cinemasoul.es\/index.php?rest_route=%2Fwp%2Fv2%2Fcomments&post=4315"}],"version-history":[{"count":2,"href":"https:\/\/cinemasoul.es\/index.php?rest_route=\/wp\/v2\/product\/4315\/revisions"}],"predecessor-version":[{"id":4319,"href":"https:\/\/cinemasoul.es\/index.php?rest_route=\/wp\/v2\/product\/4315\/revisions\/4319"}],"wp:featuredmedia":[{"embeddable":true,"href":"https:\/\/cinemasoul.es\/index.php?rest_route=\/wp\/v2\/media\/4316"}],"wp:attachment":[{"href":"https:\/\/cinemasoul.es\/index.php?rest_route=%2Fwp%2Fv2%2Fmedia&parent=4315"}],"wp:term":[{"taxonomy":"product_brand","embeddable":true,"href":"https:\/\/cinemasoul.es\/index.php?rest_route=%2Fwp%2Fv2%2Fproduct_brand&post=4315"},{"taxonomy":"product_cat","embeddable":true,"href":"https:\/\/cinemasoul.es\/index.php?rest_route=%2Fwp%2Fv2%2Fproduct_cat&post=4315"},{"taxonomy":"product_tag","embeddable":true,"href":"https:\/\/cinemasoul.es\/index.php?rest_route=%2Fwp%2Fv2%2Fproduct_tag&post=4315"}],"curies":[{"name":"wp","href":"https:\/\/api.w.org\/{rel}","templated":true}]}}