{"id":4310,"date":"2022-02-03T19:20:10","date_gmt":"2022-02-03T19:20:10","guid":{"rendered":"https:\/\/www.cinemasoul.es\/?post_type=product&#038;p=4310"},"modified":"2022-02-03T19:20:23","modified_gmt":"2022-02-03T19:20:23","slug":"el-mono-borracho-en-el-ojo-del-tigre-blu-ray","status":"publish","type":"product","link":"https:\/\/cinemasoul.es\/?product=el-mono-borracho-en-el-ojo-del-tigre-blu-ray","title":{"rendered":"El mono borracho en el ojo del tigre [Blu-ray]"},"content":{"rendered":"<p><strong>T\u00edtulo original<\/strong>: Jui kuen &#8211; Drunken Monkey in the Tiger&#8217;s Eyes\u00a0<strong>A\u00f1o<\/strong>: 1978 <strong>Duraci\u00f3n<\/strong>: 111 min. <strong>Pa\u00eds<\/strong>: Hong Kong\u00a0<strong>Direcci\u00f3n<\/strong>: Yuen Woo-Ping\u00a0<strong>Guion<\/strong>: Hsiao Lung, Ng See-Yuen, Yuen Woo-Ping\u00a0<strong>M\u00fasica<\/strong>: Stanley Chow, Stanley Chow\u00a0<strong>Fotograf\u00eda<\/strong>: Raymond Chang\u00a0<strong>Reparto<\/strong>: Jackie Chan, Yuen Hsiao-Tien, Hwang Jang-lee, Hsu Hsia, Dean Shek, Yuen Shun-Yi, Lam Kau, Linda Lin Ying, Tino Wong, Max Lee, Wang Han-Chen, Choi Fai, Fung Ging-Man\u00a0<strong>Productora<\/strong>: Seasonal Film Corporation\u00a0<strong>G\u00e9nero<\/strong>: Acci\u00f3n. Comedia | Artes marciales<\/p>\n<p><strong>Sinopsis<\/strong>: Wong Fei Hung es hijo de un gran maestro de Kung Fu de la cuidad. Pero, aunque es bueno, en lugar de estudiar Kung Fu se pasa el d\u00eda haciendo el payaso, hasta que por culpa de una gamberrada suya resulta herido el sobrino de un pez gordo de la zona. Entonces su padre decide recurrir a la ayuda de su t\u00edo para que le ense\u00f1e un poco de disciplina.<\/p>\n","protected":false},"excerpt":{"rendered":"<p>T\u00edtulo original: Jui kuen &#8211; Drunken Monkey in the Tiger&#8217;s Eyes\u00a0A\u00f1o: 1978 Duraci\u00f3n: 111 min. Pa\u00eds: Hong Kong\u00a0Direcci\u00f3n: Yuen Woo-Ping\u00a0Guion: Hsiao Lung, Ng See-Yuen, Yuen Woo-Ping\u00a0M\u00fasica: Stanley Chow, Stanley Chow\u00a0Fotograf\u00eda: Raymond Chang\u00a0Reparto: Jackie Chan, Yuen Hsiao-Tien, Hwang Jang-lee, Hsu Hsia, Dean Shek, Yuen Shun-Yi, Lam Kau, Linda Lin Ying, Tino Wong, Max Lee, Wang Han-Chen, [&hellip;]<\/p>\n","protected":false},"featured_media":4311,"comment_status":"open","ping_status":"closed","template":"","meta":{"site-sidebar-layout":"default","site-content-layout":"default","ast-site-content-layout":"default","site-content-style":"default","site-sidebar-style":"default","ast-global-header-display":"","ast-banner-title-visibility":"","ast-main-header-display":"","ast-hfb-above-header-display":"","ast-hfb-below-header-display":"","ast-hfb-mobile-header-display":"","site-post-title":"","ast-breadcrumbs-content":"","ast-featured-img":"","footer-sml-layout":"","ast-disable-related-posts":"","theme-transparent-header-meta":"","adv-header-id-meta":"","stick-header-meta":"","header-above-stick-meta":"","header-main-stick-meta":"","header-below-stick-meta":"","astra-migrate-meta-layouts":"default","ast-page-background-enabled":"default","ast-page-background-meta":{"desktop":{"background-color":"","background-image":"","background-repeat":"repeat","background-position":"center center","background-size":"auto","background-attachment":"scroll","background-type":"","background-media":"","overlay-type":"","overlay-color":"","overlay-opacity":"","overlay-gradient":""},"tablet":{"background-color":"","background-image":"","background-repeat":"repeat","background-position":"center center","background-size":"auto","background-attachment":"scroll","background-type":"","background-media":"","overlay-type":"","overlay-color":"","overlay-opacity":"","overlay-gradient":""},"mobile":{"background-color":"","background-image":"","background-repeat":"repeat","background-position":"center center","background-size":"auto","background-attachment":"scroll","background-type":"","background-media":"","overlay-type":"","overlay-color":"","overlay-opacity":"","overlay-gradient":""}},"ast-content-background-meta":{"desktop":{"background-color":"var(--ast-global-color-5)","background-image":"","background-repeat":"repeat","background-position":"center center","background-size":"auto","background-attachment":"scroll","background-type":"","background-media":"","overlay-type":"","overlay-color":"","overlay-opacity":"","overlay-gradient":""},"tablet":{"background-color":"var(--ast-global-color-5)","background-image":"","background-repeat":"repeat","background-position":"center center","background-size":"auto","background-attachment":"scroll","background-type":"","background-media":"","overlay-type":"","overlay-color":"","overlay-opacity":"","overlay-gradient":""},"mobile":{"background-color":"var(--ast-global-color-5)","background-image":"","background-repeat":"repeat","background-position":"center center","background-size":"auto","background-attachment":"scroll","background-type":"","background-media":"","overlay-type":"","overlay-color":"","overlay-opacity":"","overlay-gradient":""}},"_joinchat":[]},"product_brand":[],"product_cat":[43],"product_tag":[],"class_list":{"0":"post-4310","1":"product","2":"type-product","3":"status-publish","4":"has-post-thumbnail","6":"product_cat-bluray","7":"desktop-align-left","8":"tablet-align-left","9":"mobile-align-left","11":"first","12":"instock","13":"shipping-taxable","14":"purchasable","15":"product-type-simple"},"_links":{"self":[{"href":"https:\/\/cinemasoul.es\/index.php?rest_route=\/wp\/v2\/product\/4310","targetHints":{"allow":["GET"]}}],"collection":[{"href":"https:\/\/cinemasoul.es\/index.php?rest_route=\/wp\/v2\/product"}],"about":[{"href":"https:\/\/cinemasoul.es\/index.php?rest_route=\/wp\/v2\/types\/product"}],"replies":[{"embeddable":true,"href":"https:\/\/cinemasoul.es\/index.php?rest_route=%2Fwp%2Fv2%2Fcomments&post=4310"}],"version-history":[{"count":2,"href":"https:\/\/cinemasoul.es\/index.php?rest_route=\/wp\/v2\/product\/4310\/revisions"}],"predecessor-version":[{"id":4314,"href":"https:\/\/cinemasoul.es\/index.php?rest_route=\/wp\/v2\/product\/4310\/revisions\/4314"}],"wp:featuredmedia":[{"embeddable":true,"href":"https:\/\/cinemasoul.es\/index.php?rest_route=\/wp\/v2\/media\/4311"}],"wp:attachment":[{"href":"https:\/\/cinemasoul.es\/index.php?rest_route=%2Fwp%2Fv2%2Fmedia&parent=4310"}],"wp:term":[{"taxonomy":"product_brand","embeddable":true,"href":"https:\/\/cinemasoul.es\/index.php?rest_route=%2Fwp%2Fv2%2Fproduct_brand&post=4310"},{"taxonomy":"product_cat","embeddable":true,"href":"https:\/\/cinemasoul.es\/index.php?rest_route=%2Fwp%2Fv2%2Fproduct_cat&post=4310"},{"taxonomy":"product_tag","embeddable":true,"href":"https:\/\/cinemasoul.es\/index.php?rest_route=%2Fwp%2Fv2%2Fproduct_tag&post=4310"}],"curies":[{"name":"wp","href":"https:\/\/api.w.org\/{rel}","templated":true}]}}