{"id":4307,"date":"2022-02-03T19:05:23","date_gmt":"2022-02-03T19:05:23","guid":{"rendered":"https:\/\/www.cinemasoul.es\/?post_type=product&#038;p=4307"},"modified":"2022-02-03T19:06:10","modified_gmt":"2022-02-03T19:06:10","slug":"el-heredero-del-billon-de-dolares-blu-ray","status":"publish","type":"product","link":"https:\/\/cinemasoul.es\/?product=el-heredero-del-billon-de-dolares-blu-ray","title":{"rendered":"El heredero del bill\u00f3n de d\u00f3lares [Blu-ray]"},"content":{"rendered":"<p><strong>T\u00edtulo original<\/strong>: Mr. Billion\u00a0<strong>A\u00f1o<\/strong>: 1977 <strong>Duraci\u00f3n<\/strong>: 89 min. <strong>Pa\u00eds<\/strong>: Estados Unidos <strong>Direcci\u00f3n<\/strong>: Jonathan Kaplan <strong>Guion<\/strong>: Ken Friedman, Jonathan Kaplan\u00a0<strong>M\u00fasica<\/strong>: Dave Grusin <strong>Fotograf\u00eda<\/strong>: Matthew F. Leonetti\u00a0<strong>Reparto<\/strong>: Terence Hill, Valerie Perrine, Jackie Gleason, Slim Pickens, William Redfield, Dick Miller, Chill Wills, R.G. Armstrong, Kate Heflin, Sam Laws, Leo Rossi, Bob Minor, Johnny Ray McGhee\u00a0<strong>Productora<\/strong>: Pantheon Films\u00a0 <strong>G\u00e9nero<\/strong>: Drama. Comedia. Acci\u00f3n. Romance<\/p>\n<p><strong>Sinopsis<\/strong>: Pel\u00edcula hecha para el lucimiento personal del c\u00f3mico italiano Terence Hill, con la que trat\u00f3 de hacerse un hueco en el mercado norteamericano. Fue un fracaso de taquilla.<\/p>\n","protected":false},"excerpt":{"rendered":"<p>T\u00edtulo original: Mr. Billion\u00a0A\u00f1o: 1977 Duraci\u00f3n: 89 min. Pa\u00eds: Estados Unidos Direcci\u00f3n: Jonathan Kaplan Guion: Ken Friedman, Jonathan Kaplan\u00a0M\u00fasica: Dave Grusin Fotograf\u00eda: Matthew F. Leonetti\u00a0Reparto: Terence Hill, Valerie Perrine, Jackie Gleason, Slim Pickens, William Redfield, Dick Miller, Chill Wills, R.G. Armstrong, Kate Heflin, Sam Laws, Leo Rossi, Bob Minor, Johnny Ray McGhee\u00a0Productora: Pantheon Films\u00a0 G\u00e9nero: [&hellip;]<\/p>\n","protected":false},"featured_media":4303,"comment_status":"open","ping_status":"closed","template":"","meta":{"site-sidebar-layout":"default","site-content-layout":"default","ast-site-content-layout":"default","site-content-style":"default","site-sidebar-style":"default","ast-global-header-display":"","ast-banner-title-visibility":"","ast-main-header-display":"","ast-hfb-above-header-display":"","ast-hfb-below-header-display":"","ast-hfb-mobile-header-display":"","site-post-title":"","ast-breadcrumbs-content":"","ast-featured-img":"","footer-sml-layout":"","ast-disable-related-posts":"","theme-transparent-header-meta":"","adv-header-id-meta":"","stick-header-meta":"","header-above-stick-meta":"","header-main-stick-meta":"","header-below-stick-meta":"","astra-migrate-meta-layouts":"default","ast-page-background-enabled":"default","ast-page-background-meta":{"desktop":{"background-color":"","background-image":"","background-repeat":"repeat","background-position":"center center","background-size":"auto","background-attachment":"scroll","background-type":"","background-media":"","overlay-type":"","overlay-color":"","overlay-opacity":"","overlay-gradient":""},"tablet":{"background-color":"","background-image":"","background-repeat":"repeat","background-position":"center center","background-size":"auto","background-attachment":"scroll","background-type":"","background-media":"","overlay-type":"","overlay-color":"","overlay-opacity":"","overlay-gradient":""},"mobile":{"background-color":"","background-image":"","background-repeat":"repeat","background-position":"center center","background-size":"auto","background-attachment":"scroll","background-type":"","background-media":"","overlay-type":"","overlay-color":"","overlay-opacity":"","overlay-gradient":""}},"ast-content-background-meta":{"desktop":{"background-color":"var(--ast-global-color-5)","background-image":"","background-repeat":"repeat","background-position":"center center","background-size":"auto","background-attachment":"scroll","background-type":"","background-media":"","overlay-type":"","overlay-color":"","overlay-opacity":"","overlay-gradient":""},"tablet":{"background-color":"var(--ast-global-color-5)","background-image":"","background-repeat":"repeat","background-position":"center center","background-size":"auto","background-attachment":"scroll","background-type":"","background-media":"","overlay-type":"","overlay-color":"","overlay-opacity":"","overlay-gradient":""},"mobile":{"background-color":"var(--ast-global-color-5)","background-image":"","background-repeat":"repeat","background-position":"center center","background-size":"auto","background-attachment":"scroll","background-type":"","background-media":"","overlay-type":"","overlay-color":"","overlay-opacity":"","overlay-gradient":""}},"_joinchat":[]},"product_brand":[],"product_cat":[43],"product_tag":[],"class_list":{"0":"post-4307","1":"product","2":"type-product","3":"status-publish","4":"has-post-thumbnail","6":"product_cat-bluray","7":"desktop-align-left","8":"tablet-align-left","9":"mobile-align-left","11":"first","12":"instock","13":"sale","14":"shipping-taxable","15":"purchasable","16":"product-type-simple"},"_links":{"self":[{"href":"https:\/\/cinemasoul.es\/index.php?rest_route=\/wp\/v2\/product\/4307","targetHints":{"allow":["GET"]}}],"collection":[{"href":"https:\/\/cinemasoul.es\/index.php?rest_route=\/wp\/v2\/product"}],"about":[{"href":"https:\/\/cinemasoul.es\/index.php?rest_route=\/wp\/v2\/types\/product"}],"replies":[{"embeddable":true,"href":"https:\/\/cinemasoul.es\/index.php?rest_route=%2Fwp%2Fv2%2Fcomments&post=4307"}],"version-history":[{"count":2,"href":"https:\/\/cinemasoul.es\/index.php?rest_route=\/wp\/v2\/product\/4307\/revisions"}],"predecessor-version":[{"id":4309,"href":"https:\/\/cinemasoul.es\/index.php?rest_route=\/wp\/v2\/product\/4307\/revisions\/4309"}],"wp:featuredmedia":[{"embeddable":true,"href":"https:\/\/cinemasoul.es\/index.php?rest_route=\/wp\/v2\/media\/4303"}],"wp:attachment":[{"href":"https:\/\/cinemasoul.es\/index.php?rest_route=%2Fwp%2Fv2%2Fmedia&parent=4307"}],"wp:term":[{"taxonomy":"product_brand","embeddable":true,"href":"https:\/\/cinemasoul.es\/index.php?rest_route=%2Fwp%2Fv2%2Fproduct_brand&post=4307"},{"taxonomy":"product_cat","embeddable":true,"href":"https:\/\/cinemasoul.es\/index.php?rest_route=%2Fwp%2Fv2%2Fproduct_cat&post=4307"},{"taxonomy":"product_tag","embeddable":true,"href":"https:\/\/cinemasoul.es\/index.php?rest_route=%2Fwp%2Fv2%2Fproduct_tag&post=4307"}],"curies":[{"name":"wp","href":"https:\/\/api.w.org\/{rel}","templated":true}]}}