{"id":4297,"date":"2022-02-03T18:44:12","date_gmt":"2022-02-03T18:44:12","guid":{"rendered":"https:\/\/www.cinemasoul.es\/?post_type=product&#038;p=4297"},"modified":"2022-02-03T18:50:04","modified_gmt":"2022-02-03T18:50:04","slug":"el-guerrero-del-amanecer-blu-ray","status":"publish","type":"product","link":"https:\/\/cinemasoul.es\/?product=el-guerrero-del-amanecer-blu-ray","title":{"rendered":"El Guerrero del Amanecer [Blu-ray]"},"content":{"rendered":"<p><strong>T\u00edtulo original<\/strong>: Steel Dawn\u00a0<strong>A\u00f1o<\/strong>: 1987\u00a0<strong>Duraci\u00f3n<\/strong>: 100 min.\u00a0<strong>Pa\u00eds<\/strong>: Estados Unidos\u00a0<strong>Direcci\u00f3n<\/strong>: Lance Hool <strong>Guion<\/strong>: Doug Lefler\u00a0<strong>M\u00fasica<\/strong>: Brian May\u00a0<strong>Fotograf\u00eda<\/strong>: George Tirl\u00a0<strong>Reparto<\/strong>: Patrick Swayze, Lisa Niemi, Christopher Neame, Arnold Vosloo, Brion James, John Fujioka, Anthony Zerbe\u00a0<strong>Productora<\/strong>: Vestron Pictures, Sivler Lion Films\u00a0<strong>G\u00e9nero<\/strong>: Ciencia ficci\u00f3n. Acci\u00f3n | Futuro postapocal\u00edptico<\/p>\n<p><strong>Sinopsis<\/strong>: En un futuro post-apocal\u00edptico, un guerrero experto en artes marciales que vaga por el desierto ayudar\u00e1 a unos pac\u00edficos colonos amenazados por una banda de asesinos que desean el control del agua. Veh\u00edculo para lucimiento de Swayze que obtuvo malas cr\u00edticas en Estados Unidos<\/p>\n<p>&nbsp;<\/p>\n","protected":false},"excerpt":{"rendered":"<p>T\u00edtulo original: Steel Dawn\u00a0A\u00f1o: 1987\u00a0Duraci\u00f3n: 100 min.\u00a0Pa\u00eds: Estados Unidos\u00a0Direcci\u00f3n: Lance Hool Guion: Doug Lefler\u00a0M\u00fasica: Brian May\u00a0Fotograf\u00eda: George Tirl\u00a0Reparto: Patrick Swayze, Lisa Niemi, Christopher Neame, Arnold Vosloo, Brion James, John Fujioka, Anthony Zerbe\u00a0Productora: Vestron Pictures, Sivler Lion Films\u00a0G\u00e9nero: Ciencia ficci\u00f3n. Acci\u00f3n | Futuro postapocal\u00edptico Sinopsis: En un futuro post-apocal\u00edptico, un guerrero experto en artes marciales que [&hellip;]<\/p>\n","protected":false},"featured_media":4298,"comment_status":"open","ping_status":"closed","template":"","meta":{"site-sidebar-layout":"default","site-content-layout":"default","ast-site-content-layout":"default","site-content-style":"default","site-sidebar-style":"default","ast-global-header-display":"","ast-banner-title-visibility":"","ast-main-header-display":"","ast-hfb-above-header-display":"","ast-hfb-below-header-display":"","ast-hfb-mobile-header-display":"","site-post-title":"","ast-breadcrumbs-content":"","ast-featured-img":"","footer-sml-layout":"","ast-disable-related-posts":"","theme-transparent-header-meta":"","adv-header-id-meta":"","stick-header-meta":"","header-above-stick-meta":"","header-main-stick-meta":"","header-below-stick-meta":"","astra-migrate-meta-layouts":"default","ast-page-background-enabled":"default","ast-page-background-meta":{"desktop":{"background-color":"","background-image":"","background-repeat":"repeat","background-position":"center center","background-size":"auto","background-attachment":"scroll","background-type":"","background-media":"","overlay-type":"","overlay-color":"","overlay-opacity":"","overlay-gradient":""},"tablet":{"background-color":"","background-image":"","background-repeat":"repeat","background-position":"center center","background-size":"auto","background-attachment":"scroll","background-type":"","background-media":"","overlay-type":"","overlay-color":"","overlay-opacity":"","overlay-gradient":""},"mobile":{"background-color":"","background-image":"","background-repeat":"repeat","background-position":"center center","background-size":"auto","background-attachment":"scroll","background-type":"","background-media":"","overlay-type":"","overlay-color":"","overlay-opacity":"","overlay-gradient":""}},"ast-content-background-meta":{"desktop":{"background-color":"var(--ast-global-color-5)","background-image":"","background-repeat":"repeat","background-position":"center center","background-size":"auto","background-attachment":"scroll","background-type":"","background-media":"","overlay-type":"","overlay-color":"","overlay-opacity":"","overlay-gradient":""},"tablet":{"background-color":"var(--ast-global-color-5)","background-image":"","background-repeat":"repeat","background-position":"center center","background-size":"auto","background-attachment":"scroll","background-type":"","background-media":"","overlay-type":"","overlay-color":"","overlay-opacity":"","overlay-gradient":""},"mobile":{"background-color":"var(--ast-global-color-5)","background-image":"","background-repeat":"repeat","background-position":"center center","background-size":"auto","background-attachment":"scroll","background-type":"","background-media":"","overlay-type":"","overlay-color":"","overlay-opacity":"","overlay-gradient":""}},"_joinchat":[]},"product_brand":[],"product_cat":[43],"product_tag":[],"class_list":{"0":"post-4297","1":"product","2":"type-product","3":"status-publish","4":"has-post-thumbnail","6":"product_cat-bluray","7":"desktop-align-left","8":"tablet-align-left","9":"mobile-align-left","11":"first","12":"instock","13":"sale","14":"shipping-taxable","15":"purchasable","16":"product-type-simple"},"_links":{"self":[{"href":"https:\/\/cinemasoul.es\/index.php?rest_route=\/wp\/v2\/product\/4297","targetHints":{"allow":["GET"]}}],"collection":[{"href":"https:\/\/cinemasoul.es\/index.php?rest_route=\/wp\/v2\/product"}],"about":[{"href":"https:\/\/cinemasoul.es\/index.php?rest_route=\/wp\/v2\/types\/product"}],"replies":[{"embeddable":true,"href":"https:\/\/cinemasoul.es\/index.php?rest_route=%2Fwp%2Fv2%2Fcomments&post=4297"}],"version-history":[{"count":1,"href":"https:\/\/cinemasoul.es\/index.php?rest_route=\/wp\/v2\/product\/4297\/revisions"}],"predecessor-version":[{"id":4300,"href":"https:\/\/cinemasoul.es\/index.php?rest_route=\/wp\/v2\/product\/4297\/revisions\/4300"}],"wp:featuredmedia":[{"embeddable":true,"href":"https:\/\/cinemasoul.es\/index.php?rest_route=\/wp\/v2\/media\/4298"}],"wp:attachment":[{"href":"https:\/\/cinemasoul.es\/index.php?rest_route=%2Fwp%2Fv2%2Fmedia&parent=4297"}],"wp:term":[{"taxonomy":"product_brand","embeddable":true,"href":"https:\/\/cinemasoul.es\/index.php?rest_route=%2Fwp%2Fv2%2Fproduct_brand&post=4297"},{"taxonomy":"product_cat","embeddable":true,"href":"https:\/\/cinemasoul.es\/index.php?rest_route=%2Fwp%2Fv2%2Fproduct_cat&post=4297"},{"taxonomy":"product_tag","embeddable":true,"href":"https:\/\/cinemasoul.es\/index.php?rest_route=%2Fwp%2Fv2%2Fproduct_tag&post=4297"}],"curies":[{"name":"wp","href":"https:\/\/api.w.org\/{rel}","templated":true}]}}