{"id":4289,"date":"2022-02-03T17:38:41","date_gmt":"2022-02-03T17:38:41","guid":{"rendered":"https:\/\/www.cinemasoul.es\/?post_type=product&#038;p=4289"},"modified":"2022-02-03T17:39:21","modified_gmt":"2022-02-03T17:39:21","slug":"duelo-final-blu-ray","status":"publish","type":"product","link":"https:\/\/cinemasoul.es\/?product=duelo-final-blu-ray","title":{"rendered":"Duelo final [Blu Ray]"},"content":{"rendered":"<p><strong>T\u00edtulo original<\/strong>: The Octagon\u00a0<strong>A\u00f1o<\/strong>: 1980 <strong>Duraci\u00f3n<\/strong>: 103 min. <strong>Pa\u00eds<\/strong>: Estados Unidos <strong>Direcci\u00f3n<\/strong>: Eric Karson <strong>Guion<\/strong>: Paul Aaron, Leigh Chapman\u00a0<strong>M\u00fasica<\/strong>: Dick Halligan\u00a0<strong>Fotograf\u00eda<\/strong>: Michel Hugo\u00a0<strong>Reparto<\/strong>: Chuck Norris, Karen Carlson, Lee Van Cleef, Art Hindle, Kim Lankford, Mike Norris, Carol Bagdasarian, Tadashi Yamashita, Larry D. Mann, Kurt Grayson, Ken Gibbel, Richard Norton, Elizabeth Carder, Yuki Shimoda, Aaron Norris, Brian Libby\u00a0<strong>Productora<\/strong>: American Cinema\u00a0<strong>G\u00e9nero<\/strong>: Acci\u00f3n | Artes marciales<\/p>\n<p><strong>Sinopsis<\/strong>:Scott James (Chuck Norris), campe\u00f3n de artes marciales retirado, se ve involucrado en una peligrosa aventura internacional cuando la mujer con la que sale, Nancy (Kim Lankford) es asesinada por una banda de ninjas matones. James se entera de que la familia de Nancy tambi\u00e9n ha sido asesinada, al igual que un importante magnate europeo de la prensa, y decidido a saber el porqu\u00e9 de estos sucesos, se pone en contacto con McCarn (Lee Van Cleef), un experto mercenario.<\/p>\n","protected":false},"excerpt":{"rendered":"<p>T\u00edtulo original: The Octagon\u00a0A\u00f1o: 1980 Duraci\u00f3n: 103 min. Pa\u00eds: Estados Unidos Direcci\u00f3n: Eric Karson Guion: Paul Aaron, Leigh Chapman\u00a0M\u00fasica: Dick Halligan\u00a0Fotograf\u00eda: Michel Hugo\u00a0Reparto: Chuck Norris, Karen Carlson, Lee Van Cleef, Art Hindle, Kim Lankford, Mike Norris, Carol Bagdasarian, Tadashi Yamashita, Larry D. Mann, Kurt Grayson, Ken Gibbel, Richard Norton, Elizabeth Carder, Yuki Shimoda, Aaron Norris, [&hellip;]<\/p>\n","protected":false},"featured_media":4290,"comment_status":"open","ping_status":"closed","template":"","meta":{"site-sidebar-layout":"default","site-content-layout":"default","ast-site-content-layout":"default","site-content-style":"default","site-sidebar-style":"default","ast-global-header-display":"","ast-banner-title-visibility":"","ast-main-header-display":"","ast-hfb-above-header-display":"","ast-hfb-below-header-display":"","ast-hfb-mobile-header-display":"","site-post-title":"","ast-breadcrumbs-content":"","ast-featured-img":"","footer-sml-layout":"","ast-disable-related-posts":"","theme-transparent-header-meta":"","adv-header-id-meta":"","stick-header-meta":"","header-above-stick-meta":"","header-main-stick-meta":"","header-below-stick-meta":"","astra-migrate-meta-layouts":"default","ast-page-background-enabled":"default","ast-page-background-meta":{"desktop":{"background-color":"","background-image":"","background-repeat":"repeat","background-position":"center center","background-size":"auto","background-attachment":"scroll","background-type":"","background-media":"","overlay-type":"","overlay-color":"","overlay-opacity":"","overlay-gradient":""},"tablet":{"background-color":"","background-image":"","background-repeat":"repeat","background-position":"center center","background-size":"auto","background-attachment":"scroll","background-type":"","background-media":"","overlay-type":"","overlay-color":"","overlay-opacity":"","overlay-gradient":""},"mobile":{"background-color":"","background-image":"","background-repeat":"repeat","background-position":"center center","background-size":"auto","background-attachment":"scroll","background-type":"","background-media":"","overlay-type":"","overlay-color":"","overlay-opacity":"","overlay-gradient":""}},"ast-content-background-meta":{"desktop":{"background-color":"var(--ast-global-color-5)","background-image":"","background-repeat":"repeat","background-position":"center center","background-size":"auto","background-attachment":"scroll","background-type":"","background-media":"","overlay-type":"","overlay-color":"","overlay-opacity":"","overlay-gradient":""},"tablet":{"background-color":"var(--ast-global-color-5)","background-image":"","background-repeat":"repeat","background-position":"center center","background-size":"auto","background-attachment":"scroll","background-type":"","background-media":"","overlay-type":"","overlay-color":"","overlay-opacity":"","overlay-gradient":""},"mobile":{"background-color":"var(--ast-global-color-5)","background-image":"","background-repeat":"repeat","background-position":"center center","background-size":"auto","background-attachment":"scroll","background-type":"","background-media":"","overlay-type":"","overlay-color":"","overlay-opacity":"","overlay-gradient":""}},"_joinchat":[]},"product_brand":[],"product_cat":[43],"product_tag":[],"class_list":{"0":"post-4289","1":"product","2":"type-product","3":"status-publish","4":"has-post-thumbnail","6":"product_cat-bluray","7":"desktop-align-left","8":"tablet-align-left","9":"mobile-align-left","11":"first","12":"instock","13":"shipping-taxable","14":"purchasable","15":"product-type-simple"},"_links":{"self":[{"href":"https:\/\/cinemasoul.es\/index.php?rest_route=\/wp\/v2\/product\/4289","targetHints":{"allow":["GET"]}}],"collection":[{"href":"https:\/\/cinemasoul.es\/index.php?rest_route=\/wp\/v2\/product"}],"about":[{"href":"https:\/\/cinemasoul.es\/index.php?rest_route=\/wp\/v2\/types\/product"}],"replies":[{"embeddable":true,"href":"https:\/\/cinemasoul.es\/index.php?rest_route=%2Fwp%2Fv2%2Fcomments&post=4289"}],"version-history":[{"count":1,"href":"https:\/\/cinemasoul.es\/index.php?rest_route=\/wp\/v2\/product\/4289\/revisions"}],"predecessor-version":[{"id":4292,"href":"https:\/\/cinemasoul.es\/index.php?rest_route=\/wp\/v2\/product\/4289\/revisions\/4292"}],"wp:featuredmedia":[{"embeddable":true,"href":"https:\/\/cinemasoul.es\/index.php?rest_route=\/wp\/v2\/media\/4290"}],"wp:attachment":[{"href":"https:\/\/cinemasoul.es\/index.php?rest_route=%2Fwp%2Fv2%2Fmedia&parent=4289"}],"wp:term":[{"taxonomy":"product_brand","embeddable":true,"href":"https:\/\/cinemasoul.es\/index.php?rest_route=%2Fwp%2Fv2%2Fproduct_brand&post=4289"},{"taxonomy":"product_cat","embeddable":true,"href":"https:\/\/cinemasoul.es\/index.php?rest_route=%2Fwp%2Fv2%2Fproduct_cat&post=4289"},{"taxonomy":"product_tag","embeddable":true,"href":"https:\/\/cinemasoul.es\/index.php?rest_route=%2Fwp%2Fv2%2Fproduct_tag&post=4289"}],"curies":[{"name":"wp","href":"https:\/\/api.w.org\/{rel}","templated":true}]}}