{"id":4275,"date":"2022-02-03T13:38:57","date_gmt":"2022-02-03T13:38:57","guid":{"rendered":"https:\/\/www.cinemasoul.es\/?post_type=product&#038;p=4275"},"modified":"2022-02-03T13:38:57","modified_gmt":"2022-02-03T13:38:57","slug":"de-presidio-a-primera-pagina-bd","status":"publish","type":"product","link":"https:\/\/cinemasoul.es\/?product=de-presidio-a-primera-pagina-bd","title":{"rendered":"De presidio a primera p\u00e1gina [BD]"},"content":{"rendered":"<p><strong>T\u00edtulo original<\/strong>: The Domino Principle\u00a0<strong>A\u00f1o<\/strong>: 1977\u00a0<strong>Duraci\u00f3n<\/strong>: 97 min.\u00a0<strong>Pa\u00eds<\/strong>: Estados Unidos\u00a0<strong>Direcci\u00f3n<\/strong>:\u00a0 Stanley Kramer <strong>Guion<\/strong>: Adam Kennedy. <em>Novela:<\/em> Adam Kennedy <strong>M\u00fasica<\/strong>: Billy Goldenberg <strong>Fotograf\u00eda<\/strong>: Ernest Laszlo, Fred J. Koenekamp <strong>Reparto<\/strong>: Gene Hackman, Candice Bergen, Richard Widmark, Mickey Rooney, Edward Albert, Eli Wallach, Ken Swofford, Neva Patterson, Jay Novello, Joseph V. Perry, Ted Gehring, Claire Brennen, George Fisher, Bob Herron, Denver Mattson\u00a0<strong>Productora<\/strong>: Coproducci\u00f3n Estados Unidos-Reino Unido; Associated General Films, ITC\u00a0<strong>G\u00e9nero<\/strong>: Thriller<\/p>\n<p><strong>Sinopsis<\/strong>: Roy Tucker est\u00e1 en prisi\u00f3n por haber matado al s\u00e1dico marido de Ellie Riggens, la mujer a la que ama. Miembros de una organizaci\u00f3n, a cambio de un favor sin determinar, le ofrecen la libertad para que pueda reunirse con ella. Tucker acepta la propuesta, pero cuando llega el momento de cumplir su parte, se da cuenta de la gravedad del compromiso adquirido.<\/p>\n","protected":false},"excerpt":{"rendered":"<p>T\u00edtulo original: The Domino Principle\u00a0A\u00f1o: 1977\u00a0Duraci\u00f3n: 97 min.\u00a0Pa\u00eds: Estados Unidos\u00a0Direcci\u00f3n:\u00a0 Stanley Kramer Guion: Adam Kennedy. Novela: Adam Kennedy M\u00fasica: Billy Goldenberg Fotograf\u00eda: Ernest Laszlo, Fred J. Koenekamp Reparto: Gene Hackman, Candice Bergen, Richard Widmark, Mickey Rooney, Edward Albert, Eli Wallach, Ken Swofford, Neva Patterson, Jay Novello, Joseph V. Perry, Ted Gehring, Claire Brennen, George Fisher, [&hellip;]<\/p>\n","protected":false},"featured_media":4276,"comment_status":"open","ping_status":"closed","template":"","meta":{"site-sidebar-layout":"default","site-content-layout":"default","ast-site-content-layout":"default","site-content-style":"default","site-sidebar-style":"default","ast-global-header-display":"","ast-banner-title-visibility":"","ast-main-header-display":"","ast-hfb-above-header-display":"","ast-hfb-below-header-display":"","ast-hfb-mobile-header-display":"","site-post-title":"","ast-breadcrumbs-content":"","ast-featured-img":"","footer-sml-layout":"","ast-disable-related-posts":"","theme-transparent-header-meta":"","adv-header-id-meta":"","stick-header-meta":"","header-above-stick-meta":"","header-main-stick-meta":"","header-below-stick-meta":"","astra-migrate-meta-layouts":"default","ast-page-background-enabled":"default","ast-page-background-meta":{"desktop":{"background-color":"","background-image":"","background-repeat":"repeat","background-position":"center center","background-size":"auto","background-attachment":"scroll","background-type":"","background-media":"","overlay-type":"","overlay-color":"","overlay-opacity":"","overlay-gradient":""},"tablet":{"background-color":"","background-image":"","background-repeat":"repeat","background-position":"center center","background-size":"auto","background-attachment":"scroll","background-type":"","background-media":"","overlay-type":"","overlay-color":"","overlay-opacity":"","overlay-gradient":""},"mobile":{"background-color":"","background-image":"","background-repeat":"repeat","background-position":"center center","background-size":"auto","background-attachment":"scroll","background-type":"","background-media":"","overlay-type":"","overlay-color":"","overlay-opacity":"","overlay-gradient":""}},"ast-content-background-meta":{"desktop":{"background-color":"var(--ast-global-color-5)","background-image":"","background-repeat":"repeat","background-position":"center center","background-size":"auto","background-attachment":"scroll","background-type":"","background-media":"","overlay-type":"","overlay-color":"","overlay-opacity":"","overlay-gradient":""},"tablet":{"background-color":"var(--ast-global-color-5)","background-image":"","background-repeat":"repeat","background-position":"center center","background-size":"auto","background-attachment":"scroll","background-type":"","background-media":"","overlay-type":"","overlay-color":"","overlay-opacity":"","overlay-gradient":""},"mobile":{"background-color":"var(--ast-global-color-5)","background-image":"","background-repeat":"repeat","background-position":"center center","background-size":"auto","background-attachment":"scroll","background-type":"","background-media":"","overlay-type":"","overlay-color":"","overlay-opacity":"","overlay-gradient":""}},"_joinchat":[]},"product_brand":[],"product_cat":[43],"product_tag":[],"class_list":{"0":"post-4275","1":"product","2":"type-product","3":"status-publish","4":"has-post-thumbnail","6":"product_cat-bluray","7":"desktop-align-left","8":"tablet-align-left","9":"mobile-align-left","11":"first","12":"instock","13":"sale","14":"shipping-taxable","15":"purchasable","16":"product-type-simple"},"_links":{"self":[{"href":"https:\/\/cinemasoul.es\/index.php?rest_route=\/wp\/v2\/product\/4275","targetHints":{"allow":["GET"]}}],"collection":[{"href":"https:\/\/cinemasoul.es\/index.php?rest_route=\/wp\/v2\/product"}],"about":[{"href":"https:\/\/cinemasoul.es\/index.php?rest_route=\/wp\/v2\/types\/product"}],"replies":[{"embeddable":true,"href":"https:\/\/cinemasoul.es\/index.php?rest_route=%2Fwp%2Fv2%2Fcomments&post=4275"}],"version-history":[{"count":2,"href":"https:\/\/cinemasoul.es\/index.php?rest_route=\/wp\/v2\/product\/4275\/revisions"}],"predecessor-version":[{"id":4279,"href":"https:\/\/cinemasoul.es\/index.php?rest_route=\/wp\/v2\/product\/4275\/revisions\/4279"}],"wp:featuredmedia":[{"embeddable":true,"href":"https:\/\/cinemasoul.es\/index.php?rest_route=\/wp\/v2\/media\/4276"}],"wp:attachment":[{"href":"https:\/\/cinemasoul.es\/index.php?rest_route=%2Fwp%2Fv2%2Fmedia&parent=4275"}],"wp:term":[{"taxonomy":"product_brand","embeddable":true,"href":"https:\/\/cinemasoul.es\/index.php?rest_route=%2Fwp%2Fv2%2Fproduct_brand&post=4275"},{"taxonomy":"product_cat","embeddable":true,"href":"https:\/\/cinemasoul.es\/index.php?rest_route=%2Fwp%2Fv2%2Fproduct_cat&post=4275"},{"taxonomy":"product_tag","embeddable":true,"href":"https:\/\/cinemasoul.es\/index.php?rest_route=%2Fwp%2Fv2%2Fproduct_tag&post=4275"}],"curies":[{"name":"wp","href":"https:\/\/api.w.org\/{rel}","templated":true}]}}