{"id":4265,"date":"2022-02-03T12:59:54","date_gmt":"2022-02-03T12:59:54","guid":{"rendered":"https:\/\/www.cinemasoul.es\/?post_type=product&#038;p=4265"},"modified":"2022-02-03T13:20:55","modified_gmt":"2022-02-03T13:20:55","slug":"blastfighter-la-furia-de-la-venganza-blu-ray","status":"publish","type":"product","link":"https:\/\/cinemasoul.es\/?product=blastfighter-la-furia-de-la-venganza-blu-ray","title":{"rendered":"Blastfighter &#8211; La furia de la venganza [Blu-ray]"},"content":{"rendered":"<p><strong>T\u00edtulo original<\/strong>: Blastfighter\u00a0<strong>A\u00f1o<\/strong>: 1984\u00a0<strong>Duraci\u00f3n<\/strong>: 87 min.\u00a0<strong>Pa\u00eds<\/strong>: Italia\u00a0<strong>Direcci\u00f3n<\/strong>: Lamberto Bava <strong>Guion<\/strong>: Luca De Rita, Massimo De Rita, Morando Morandini Jr., Dardano Sacchetti <strong>M\u00fasica<\/strong>: Maurizio De Angelis, Guido De Angelis\u00a0<strong>Fotograf\u00eda<\/strong>: Gianlorenzo Battaglia\u00a0<strong>Reparto<\/strong>: Michael Sopkiw, Valentina Forte, George Eastman, Stefano Mingardo, Ottaviano Dell&#8217;Acqua, Michele Soavi, Elizabeth Forbes, Carl Savage, Giancarlo Prati, Massimo Vanni, Billy Redden, George Williams <strong>Productora<\/strong>: Medusa Produzione, Nuova Dania Cinematografica, National Cinematografica, Les Films Jacques Leitienne <strong>G\u00e9nero<\/strong>: Acci\u00f3n<\/p>\n<p><strong>Sinopsis<\/strong>: Tiger Sharp, un expolic\u00eda con muchos a\u00f1os de experiencia en la secci\u00f3n de homicidios, ha pasado ocho a\u00f1os en la c\u00e1rcel por haber acabado con la vida de un delincuente. Una vez cumplida su condena, decide retirarse a su pueblo natal en busca de paz y sosiego, tratando de olvidar todos los tr\u00e1gicos sucesos acaecidos. All\u00ed encuentra a Tom, su \u00edntimo amigo desde la infancia, que le recibe con alegr\u00eda, tras largos a\u00f1os de separaci\u00f3n. Este se encuentra al frente de una serrer\u00eda de su propiedad que le proporciona un digno y productivo medio de vida. Walter, el hermano de Tom, dedicado a organizar matanzas indiscriminadas de cuervos en la regi\u00f3n para su posterior comercializaci\u00f3n, no ve con buenos ojos la llegada de Tiger y en el primer encuentro de ambos salta la chispa que dar\u00e1 origen a un abierto enfrentamiento.<\/p>\n","protected":false},"excerpt":{"rendered":"<p>T\u00edtulo original: Blastfighter\u00a0A\u00f1o: 1984\u00a0Duraci\u00f3n: 87 min.\u00a0Pa\u00eds: Italia\u00a0Direcci\u00f3n: Lamberto Bava Guion: Luca De Rita, Massimo De Rita, Morando Morandini Jr., Dardano Sacchetti M\u00fasica: Maurizio De Angelis, Guido De Angelis\u00a0Fotograf\u00eda: Gianlorenzo Battaglia\u00a0Reparto: Michael Sopkiw, Valentina Forte, George Eastman, Stefano Mingardo, Ottaviano Dell&#8217;Acqua, Michele Soavi, Elizabeth Forbes, Carl Savage, Giancarlo Prati, Massimo Vanni, Billy Redden, George Williams Productora: [&hellip;]<\/p>\n","protected":false},"featured_media":4269,"comment_status":"open","ping_status":"closed","template":"","meta":{"site-sidebar-layout":"default","site-content-layout":"default","ast-site-content-layout":"default","site-content-style":"default","site-sidebar-style":"default","ast-global-header-display":"","ast-banner-title-visibility":"","ast-main-header-display":"","ast-hfb-above-header-display":"","ast-hfb-below-header-display":"","ast-hfb-mobile-header-display":"","site-post-title":"","ast-breadcrumbs-content":"","ast-featured-img":"","footer-sml-layout":"","ast-disable-related-posts":"","theme-transparent-header-meta":"","adv-header-id-meta":"","stick-header-meta":"","header-above-stick-meta":"","header-main-stick-meta":"","header-below-stick-meta":"","astra-migrate-meta-layouts":"default","ast-page-background-enabled":"default","ast-page-background-meta":{"desktop":{"background-color":"","background-image":"","background-repeat":"repeat","background-position":"center center","background-size":"auto","background-attachment":"scroll","background-type":"","background-media":"","overlay-type":"","overlay-color":"","overlay-opacity":"","overlay-gradient":""},"tablet":{"background-color":"","background-image":"","background-repeat":"repeat","background-position":"center center","background-size":"auto","background-attachment":"scroll","background-type":"","background-media":"","overlay-type":"","overlay-color":"","overlay-opacity":"","overlay-gradient":""},"mobile":{"background-color":"","background-image":"","background-repeat":"repeat","background-position":"center center","background-size":"auto","background-attachment":"scroll","background-type":"","background-media":"","overlay-type":"","overlay-color":"","overlay-opacity":"","overlay-gradient":""}},"ast-content-background-meta":{"desktop":{"background-color":"var(--ast-global-color-5)","background-image":"","background-repeat":"repeat","background-position":"center center","background-size":"auto","background-attachment":"scroll","background-type":"","background-media":"","overlay-type":"","overlay-color":"","overlay-opacity":"","overlay-gradient":""},"tablet":{"background-color":"var(--ast-global-color-5)","background-image":"","background-repeat":"repeat","background-position":"center center","background-size":"auto","background-attachment":"scroll","background-type":"","background-media":"","overlay-type":"","overlay-color":"","overlay-opacity":"","overlay-gradient":""},"mobile":{"background-color":"var(--ast-global-color-5)","background-image":"","background-repeat":"repeat","background-position":"center center","background-size":"auto","background-attachment":"scroll","background-type":"","background-media":"","overlay-type":"","overlay-color":"","overlay-opacity":"","overlay-gradient":""}},"_joinchat":[]},"product_brand":[],"product_cat":[43],"product_tag":[],"class_list":{"0":"post-4265","1":"product","2":"type-product","3":"status-publish","4":"has-post-thumbnail","6":"product_cat-bluray","7":"desktop-align-left","8":"tablet-align-left","9":"mobile-align-left","11":"first","12":"instock","13":"sale","14":"shipping-taxable","15":"purchasable","16":"product-type-simple"},"_links":{"self":[{"href":"https:\/\/cinemasoul.es\/index.php?rest_route=\/wp\/v2\/product\/4265","targetHints":{"allow":["GET"]}}],"collection":[{"href":"https:\/\/cinemasoul.es\/index.php?rest_route=\/wp\/v2\/product"}],"about":[{"href":"https:\/\/cinemasoul.es\/index.php?rest_route=\/wp\/v2\/types\/product"}],"replies":[{"embeddable":true,"href":"https:\/\/cinemasoul.es\/index.php?rest_route=%2Fwp%2Fv2%2Fcomments&post=4265"}],"version-history":[{"count":2,"href":"https:\/\/cinemasoul.es\/index.php?rest_route=\/wp\/v2\/product\/4265\/revisions"}],"predecessor-version":[{"id":4268,"href":"https:\/\/cinemasoul.es\/index.php?rest_route=\/wp\/v2\/product\/4265\/revisions\/4268"}],"wp:featuredmedia":[{"embeddable":true,"href":"https:\/\/cinemasoul.es\/index.php?rest_route=\/wp\/v2\/media\/4269"}],"wp:attachment":[{"href":"https:\/\/cinemasoul.es\/index.php?rest_route=%2Fwp%2Fv2%2Fmedia&parent=4265"}],"wp:term":[{"taxonomy":"product_brand","embeddable":true,"href":"https:\/\/cinemasoul.es\/index.php?rest_route=%2Fwp%2Fv2%2Fproduct_brand&post=4265"},{"taxonomy":"product_cat","embeddable":true,"href":"https:\/\/cinemasoul.es\/index.php?rest_route=%2Fwp%2Fv2%2Fproduct_cat&post=4265"},{"taxonomy":"product_tag","embeddable":true,"href":"https:\/\/cinemasoul.es\/index.php?rest_route=%2Fwp%2Fv2%2Fproduct_tag&post=4265"}],"curies":[{"name":"wp","href":"https:\/\/api.w.org\/{rel}","templated":true}]}}