{"id":4261,"date":"2022-02-03T12:24:03","date_gmt":"2022-02-03T12:24:03","guid":{"rendered":"https:\/\/www.cinemasoul.es\/?post_type=product&#038;p=4261"},"modified":"2022-02-03T12:24:03","modified_gmt":"2022-02-03T12:24:03","slug":"arenas-de-muerte-blu-ray","status":"publish","type":"product","link":"https:\/\/cinemasoul.es\/?product=arenas-de-muerte-blu-ray","title":{"rendered":"Arenas de Muerte [Blu-ray]"},"content":{"rendered":"<p><strong>T\u00edtulo original<\/strong>: Legend of the Lost\u00a0<strong>A\u00f1o<\/strong>: 1957\u00a0<strong>Duraci\u00f3n<\/strong>: 109 min.\u00a0<strong>Pa\u00eds<\/strong>: Estados Unidos\u00a0<strong>Direcci\u00f3n<\/strong>: Henry Hathaway <strong>Guion<\/strong>: Robert Presnell, Ben Hecht <strong>M\u00fasica<\/strong>: Angelo Francesco Lavagnino <strong>Fotograf\u00eda<\/strong>: Jack Cardiff <strong>Reparto<\/strong>: John Wayne, Sophia Loren, Rossano Brazzi, Kurt Kasznar, Sonia Moser, Angela Portaturi, Ibrahim El Hadish <strong>Productora<\/strong>: United Artists <strong>G\u00e9nero<\/strong>: Aventuras | \u00c1frica<\/p>\n<p><strong>Sinopsis<\/strong>: Un joven americano, acompa\u00f1ado de un gu\u00eda, trata de encontrar en el Sahara a su padre.<\/p>\n","protected":false},"excerpt":{"rendered":"<p>T\u00edtulo original: Legend of the Lost\u00a0A\u00f1o: 1957\u00a0Duraci\u00f3n: 109 min.\u00a0Pa\u00eds: Estados Unidos\u00a0Direcci\u00f3n: Henry Hathaway Guion: Robert Presnell, Ben Hecht M\u00fasica: Angelo Francesco Lavagnino Fotograf\u00eda: Jack Cardiff Reparto: John Wayne, Sophia Loren, Rossano Brazzi, Kurt Kasznar, Sonia Moser, Angela Portaturi, Ibrahim El Hadish Productora: United Artists G\u00e9nero: Aventuras | \u00c1frica Sinopsis: Un joven americano, acompa\u00f1ado de un [&hellip;]<\/p>\n","protected":false},"featured_media":4262,"comment_status":"open","ping_status":"closed","template":"","meta":{"site-sidebar-layout":"default","site-content-layout":"default","ast-site-content-layout":"default","site-content-style":"default","site-sidebar-style":"default","ast-global-header-display":"","ast-banner-title-visibility":"","ast-main-header-display":"","ast-hfb-above-header-display":"","ast-hfb-below-header-display":"","ast-hfb-mobile-header-display":"","site-post-title":"","ast-breadcrumbs-content":"","ast-featured-img":"","footer-sml-layout":"","ast-disable-related-posts":"","theme-transparent-header-meta":"","adv-header-id-meta":"","stick-header-meta":"","header-above-stick-meta":"","header-main-stick-meta":"","header-below-stick-meta":"","astra-migrate-meta-layouts":"default","ast-page-background-enabled":"default","ast-page-background-meta":{"desktop":{"background-color":"","background-image":"","background-repeat":"repeat","background-position":"center center","background-size":"auto","background-attachment":"scroll","background-type":"","background-media":"","overlay-type":"","overlay-color":"","overlay-opacity":"","overlay-gradient":""},"tablet":{"background-color":"","background-image":"","background-repeat":"repeat","background-position":"center center","background-size":"auto","background-attachment":"scroll","background-type":"","background-media":"","overlay-type":"","overlay-color":"","overlay-opacity":"","overlay-gradient":""},"mobile":{"background-color":"","background-image":"","background-repeat":"repeat","background-position":"center center","background-size":"auto","background-attachment":"scroll","background-type":"","background-media":"","overlay-type":"","overlay-color":"","overlay-opacity":"","overlay-gradient":""}},"ast-content-background-meta":{"desktop":{"background-color":"var(--ast-global-color-5)","background-image":"","background-repeat":"repeat","background-position":"center center","background-size":"auto","background-attachment":"scroll","background-type":"","background-media":"","overlay-type":"","overlay-color":"","overlay-opacity":"","overlay-gradient":""},"tablet":{"background-color":"var(--ast-global-color-5)","background-image":"","background-repeat":"repeat","background-position":"center center","background-size":"auto","background-attachment":"scroll","background-type":"","background-media":"","overlay-type":"","overlay-color":"","overlay-opacity":"","overlay-gradient":""},"mobile":{"background-color":"var(--ast-global-color-5)","background-image":"","background-repeat":"repeat","background-position":"center center","background-size":"auto","background-attachment":"scroll","background-type":"","background-media":"","overlay-type":"","overlay-color":"","overlay-opacity":"","overlay-gradient":""}},"_joinchat":[]},"product_brand":[],"product_cat":[43],"product_tag":[],"class_list":{"0":"post-4261","1":"product","2":"type-product","3":"status-publish","4":"has-post-thumbnail","6":"product_cat-bluray","7":"desktop-align-left","8":"tablet-align-left","9":"mobile-align-left","11":"first","12":"instock","13":"sale","14":"shipping-taxable","15":"purchasable","16":"product-type-simple"},"_links":{"self":[{"href":"https:\/\/cinemasoul.es\/index.php?rest_route=\/wp\/v2\/product\/4261","targetHints":{"allow":["GET"]}}],"collection":[{"href":"https:\/\/cinemasoul.es\/index.php?rest_route=\/wp\/v2\/product"}],"about":[{"href":"https:\/\/cinemasoul.es\/index.php?rest_route=\/wp\/v2\/types\/product"}],"replies":[{"embeddable":true,"href":"https:\/\/cinemasoul.es\/index.php?rest_route=%2Fwp%2Fv2%2Fcomments&post=4261"}],"version-history":[{"count":1,"href":"https:\/\/cinemasoul.es\/index.php?rest_route=\/wp\/v2\/product\/4261\/revisions"}],"predecessor-version":[{"id":4264,"href":"https:\/\/cinemasoul.es\/index.php?rest_route=\/wp\/v2\/product\/4261\/revisions\/4264"}],"wp:featuredmedia":[{"embeddable":true,"href":"https:\/\/cinemasoul.es\/index.php?rest_route=\/wp\/v2\/media\/4262"}],"wp:attachment":[{"href":"https:\/\/cinemasoul.es\/index.php?rest_route=%2Fwp%2Fv2%2Fmedia&parent=4261"}],"wp:term":[{"taxonomy":"product_brand","embeddable":true,"href":"https:\/\/cinemasoul.es\/index.php?rest_route=%2Fwp%2Fv2%2Fproduct_brand&post=4261"},{"taxonomy":"product_cat","embeddable":true,"href":"https:\/\/cinemasoul.es\/index.php?rest_route=%2Fwp%2Fv2%2Fproduct_cat&post=4261"},{"taxonomy":"product_tag","embeddable":true,"href":"https:\/\/cinemasoul.es\/index.php?rest_route=%2Fwp%2Fv2%2Fproduct_tag&post=4261"}],"curies":[{"name":"wp","href":"https:\/\/api.w.org\/{rel}","templated":true}]}}