{"id":4256,"date":"2022-02-03T12:13:07","date_gmt":"2022-02-03T12:13:07","guid":{"rendered":"https:\/\/www.cinemasoul.es\/?post_type=product&#038;p=4256"},"modified":"2022-02-03T12:13:07","modified_gmt":"2022-02-03T12:13:07","slug":"ali-baba-y-los-cuarenta-ladrones-1944-blu-ray","status":"publish","type":"product","link":"https:\/\/cinemasoul.es\/?product=ali-baba-y-los-cuarenta-ladrones-1944-blu-ray","title":{"rendered":"Al\u00ed Bab\u00e1 Y Los Cuarenta Ladrones (1944) [Blu-ray]"},"content":{"rendered":"<p><strong>T\u00edtulo original<\/strong>: Ali Baba and the Forty Thieves\u00a0<strong>A\u00f1o<\/strong>: 1944\u00a0<strong>Duraci\u00f3n<\/strong>: 87 min. <strong>Pa\u00eds<\/strong>: Estados Unidos\u00a0<strong>Direcci\u00f3n<\/strong>: Arthur Lubin <strong>Guion<\/strong>: Edmund L. Hartmann <strong>M\u00fasica<\/strong>: <em>Canciones:<\/em> Edward Ward <strong>Fotograf\u00eda<\/strong>: W. Howard Greene, George Robinson <strong>Reparto<\/strong>: Jon Hall, Maria Montez, Turhan Bey, Andy Devine, Fortunio Bonanova, Chris-Pin Martin, Kurt Katch, Frank Puglia, Scotty Beckett <strong>Productora<\/strong>: Universal Pictures <strong>G\u00e9nero<\/strong>: Aventuras. Fant\u00e1stico<\/p>\n<p><strong>Sinopsis<\/strong>: Al\u00ed Bab\u00e1, hijo del Califa de Bagdad, es criado y protegido por 40 ladrones tras la muerte de su padre a manos de los soldados de Hugalu Khan, un malvado que obtuvo la ayuda del traidor Cassim. Con el tiempo Al\u00ed se convierte en el l\u00edder de la banda de ladrones, decidido a luchar por la liberaci\u00f3n de su pa\u00eds.<\/p>\n","protected":false},"excerpt":{"rendered":"<p>T\u00edtulo original: Ali Baba and the Forty Thieves\u00a0A\u00f1o: 1944\u00a0Duraci\u00f3n: 87 min. Pa\u00eds: Estados Unidos\u00a0Direcci\u00f3n: Arthur Lubin Guion: Edmund L. Hartmann M\u00fasica: Canciones: Edward Ward Fotograf\u00eda: W. Howard Greene, George Robinson Reparto: Jon Hall, Maria Montez, Turhan Bey, Andy Devine, Fortunio Bonanova, Chris-Pin Martin, Kurt Katch, Frank Puglia, Scotty Beckett Productora: Universal Pictures G\u00e9nero: Aventuras. Fant\u00e1stico [&hellip;]<\/p>\n","protected":false},"featured_media":4257,"comment_status":"open","ping_status":"closed","template":"","meta":{"site-sidebar-layout":"default","site-content-layout":"default","ast-site-content-layout":"default","site-content-style":"default","site-sidebar-style":"default","ast-global-header-display":"","ast-banner-title-visibility":"","ast-main-header-display":"","ast-hfb-above-header-display":"","ast-hfb-below-header-display":"","ast-hfb-mobile-header-display":"","site-post-title":"","ast-breadcrumbs-content":"","ast-featured-img":"","footer-sml-layout":"","ast-disable-related-posts":"","theme-transparent-header-meta":"","adv-header-id-meta":"","stick-header-meta":"","header-above-stick-meta":"","header-main-stick-meta":"","header-below-stick-meta":"","astra-migrate-meta-layouts":"default","ast-page-background-enabled":"default","ast-page-background-meta":{"desktop":{"background-color":"","background-image":"","background-repeat":"repeat","background-position":"center center","background-size":"auto","background-attachment":"scroll","background-type":"","background-media":"","overlay-type":"","overlay-color":"","overlay-opacity":"","overlay-gradient":""},"tablet":{"background-color":"","background-image":"","background-repeat":"repeat","background-position":"center center","background-size":"auto","background-attachment":"scroll","background-type":"","background-media":"","overlay-type":"","overlay-color":"","overlay-opacity":"","overlay-gradient":""},"mobile":{"background-color":"","background-image":"","background-repeat":"repeat","background-position":"center center","background-size":"auto","background-attachment":"scroll","background-type":"","background-media":"","overlay-type":"","overlay-color":"","overlay-opacity":"","overlay-gradient":""}},"ast-content-background-meta":{"desktop":{"background-color":"var(--ast-global-color-5)","background-image":"","background-repeat":"repeat","background-position":"center center","background-size":"auto","background-attachment":"scroll","background-type":"","background-media":"","overlay-type":"","overlay-color":"","overlay-opacity":"","overlay-gradient":""},"tablet":{"background-color":"var(--ast-global-color-5)","background-image":"","background-repeat":"repeat","background-position":"center center","background-size":"auto","background-attachment":"scroll","background-type":"","background-media":"","overlay-type":"","overlay-color":"","overlay-opacity":"","overlay-gradient":""},"mobile":{"background-color":"var(--ast-global-color-5)","background-image":"","background-repeat":"repeat","background-position":"center center","background-size":"auto","background-attachment":"scroll","background-type":"","background-media":"","overlay-type":"","overlay-color":"","overlay-opacity":"","overlay-gradient":""}},"_joinchat":[]},"product_brand":[],"product_cat":[43],"product_tag":[],"class_list":{"0":"post-4256","1":"product","2":"type-product","3":"status-publish","4":"has-post-thumbnail","6":"product_cat-bluray","7":"desktop-align-left","8":"tablet-align-left","9":"mobile-align-left","11":"first","12":"instock","13":"sale","14":"shipping-taxable","15":"purchasable","16":"product-type-simple"},"_links":{"self":[{"href":"https:\/\/cinemasoul.es\/index.php?rest_route=\/wp\/v2\/product\/4256","targetHints":{"allow":["GET"]}}],"collection":[{"href":"https:\/\/cinemasoul.es\/index.php?rest_route=\/wp\/v2\/product"}],"about":[{"href":"https:\/\/cinemasoul.es\/index.php?rest_route=\/wp\/v2\/types\/product"}],"replies":[{"embeddable":true,"href":"https:\/\/cinemasoul.es\/index.php?rest_route=%2Fwp%2Fv2%2Fcomments&post=4256"}],"version-history":[{"count":2,"href":"https:\/\/cinemasoul.es\/index.php?rest_route=\/wp\/v2\/product\/4256\/revisions"}],"predecessor-version":[{"id":4260,"href":"https:\/\/cinemasoul.es\/index.php?rest_route=\/wp\/v2\/product\/4256\/revisions\/4260"}],"wp:featuredmedia":[{"embeddable":true,"href":"https:\/\/cinemasoul.es\/index.php?rest_route=\/wp\/v2\/media\/4257"}],"wp:attachment":[{"href":"https:\/\/cinemasoul.es\/index.php?rest_route=%2Fwp%2Fv2%2Fmedia&parent=4256"}],"wp:term":[{"taxonomy":"product_brand","embeddable":true,"href":"https:\/\/cinemasoul.es\/index.php?rest_route=%2Fwp%2Fv2%2Fproduct_brand&post=4256"},{"taxonomy":"product_cat","embeddable":true,"href":"https:\/\/cinemasoul.es\/index.php?rest_route=%2Fwp%2Fv2%2Fproduct_cat&post=4256"},{"taxonomy":"product_tag","embeddable":true,"href":"https:\/\/cinemasoul.es\/index.php?rest_route=%2Fwp%2Fv2%2Fproduct_tag&post=4256"}],"curies":[{"name":"wp","href":"https:\/\/api.w.org\/{rel}","templated":true}]}}