{"id":4252,"date":"2022-02-03T12:02:22","date_gmt":"2022-02-03T12:02:22","guid":{"rendered":"https:\/\/www.cinemasoul.es\/?post_type=product&#038;p=4252"},"modified":"2022-02-03T12:02:23","modified_gmt":"2022-02-03T12:02:23","slug":"amor-prohibido-dvd","status":"publish","type":"product","link":"https:\/\/cinemasoul.es\/?product=amor-prohibido-dvd","title":{"rendered":"Amor prohibido [DVD]"},"content":{"rendered":"<p><strong>T\u00edtulo original<\/strong>: In the Cool of the Day <strong>A\u00f1o<\/strong>: 1963 <strong>Duraci\u00f3n<\/strong>: 89 min.\u00a0<strong>Pa\u00eds<\/strong>: Estados Unidos\u00a0<strong>Direcci\u00f3n<\/strong>: Robert Stevens <strong>Guion<\/strong>: Meade Roberts. <em>Novela:<\/em> Susan Ertz\u00a0<strong>M\u00fasica<\/strong>: Francis Chagrin\u00a0<strong>Fotograf\u00eda<\/strong>: Peter Newbrook\u00a0<strong>Reparto<\/strong>: Peter Finch, Jane Fonda, Angela Lansbury, Arthur Hill, Constance Cummings, Alexander Knox, Nigel Davenport, John Le Mesurier, Alec McCowen, Valerie Taylor, Andreas Markos\u00a0<strong>Productora<\/strong>: Metro-Goldwyn-Mayer (MGM) <strong>G\u00e9nero<\/strong>: Drama. Romance<\/p>\n<p><strong>Sinopsis<\/strong>: Fonda interpreta el papel de Christine Bonner, una esposa cansada y agobiada por su excesivamente protector marido Sam (Arthur Hill).<\/p>\n","protected":false},"excerpt":{"rendered":"<p>T\u00edtulo original: In the Cool of the Day A\u00f1o: 1963 Duraci\u00f3n: 89 min.\u00a0Pa\u00eds: Estados Unidos\u00a0Direcci\u00f3n: Robert Stevens Guion: Meade Roberts. Novela: Susan Ertz\u00a0M\u00fasica: Francis Chagrin\u00a0Fotograf\u00eda: Peter Newbrook\u00a0Reparto: Peter Finch, Jane Fonda, Angela Lansbury, Arthur Hill, Constance Cummings, Alexander Knox, Nigel Davenport, John Le Mesurier, Alec McCowen, Valerie Taylor, Andreas Markos\u00a0Productora: Metro-Goldwyn-Mayer (MGM) G\u00e9nero: Drama. Romance [&hellip;]<\/p>\n","protected":false},"featured_media":4253,"comment_status":"open","ping_status":"closed","template":"","meta":{"site-sidebar-layout":"default","site-content-layout":"default","ast-site-content-layout":"default","site-content-style":"default","site-sidebar-style":"default","ast-global-header-display":"","ast-banner-title-visibility":"","ast-main-header-display":"","ast-hfb-above-header-display":"","ast-hfb-below-header-display":"","ast-hfb-mobile-header-display":"","site-post-title":"","ast-breadcrumbs-content":"","ast-featured-img":"","footer-sml-layout":"","ast-disable-related-posts":"","theme-transparent-header-meta":"","adv-header-id-meta":"","stick-header-meta":"","header-above-stick-meta":"","header-main-stick-meta":"","header-below-stick-meta":"","astra-migrate-meta-layouts":"default","ast-page-background-enabled":"default","ast-page-background-meta":{"desktop":{"background-color":"","background-image":"","background-repeat":"repeat","background-position":"center center","background-size":"auto","background-attachment":"scroll","background-type":"","background-media":"","overlay-type":"","overlay-color":"","overlay-opacity":"","overlay-gradient":""},"tablet":{"background-color":"","background-image":"","background-repeat":"repeat","background-position":"center center","background-size":"auto","background-attachment":"scroll","background-type":"","background-media":"","overlay-type":"","overlay-color":"","overlay-opacity":"","overlay-gradient":""},"mobile":{"background-color":"","background-image":"","background-repeat":"repeat","background-position":"center center","background-size":"auto","background-attachment":"scroll","background-type":"","background-media":"","overlay-type":"","overlay-color":"","overlay-opacity":"","overlay-gradient":""}},"ast-content-background-meta":{"desktop":{"background-color":"var(--ast-global-color-5)","background-image":"","background-repeat":"repeat","background-position":"center center","background-size":"auto","background-attachment":"scroll","background-type":"","background-media":"","overlay-type":"","overlay-color":"","overlay-opacity":"","overlay-gradient":""},"tablet":{"background-color":"var(--ast-global-color-5)","background-image":"","background-repeat":"repeat","background-position":"center center","background-size":"auto","background-attachment":"scroll","background-type":"","background-media":"","overlay-type":"","overlay-color":"","overlay-opacity":"","overlay-gradient":""},"mobile":{"background-color":"var(--ast-global-color-5)","background-image":"","background-repeat":"repeat","background-position":"center center","background-size":"auto","background-attachment":"scroll","background-type":"","background-media":"","overlay-type":"","overlay-color":"","overlay-opacity":"","overlay-gradient":""}},"_joinchat":[]},"product_brand":[],"product_cat":[42],"product_tag":[],"class_list":{"0":"post-4252","1":"product","2":"type-product","3":"status-publish","4":"has-post-thumbnail","6":"product_cat-dvd","7":"desktop-align-left","8":"tablet-align-left","9":"mobile-align-left","11":"first","12":"instock","13":"shipping-taxable","14":"purchasable","15":"product-type-simple"},"_links":{"self":[{"href":"https:\/\/cinemasoul.es\/index.php?rest_route=\/wp\/v2\/product\/4252","targetHints":{"allow":["GET"]}}],"collection":[{"href":"https:\/\/cinemasoul.es\/index.php?rest_route=\/wp\/v2\/product"}],"about":[{"href":"https:\/\/cinemasoul.es\/index.php?rest_route=\/wp\/v2\/types\/product"}],"replies":[{"embeddable":true,"href":"https:\/\/cinemasoul.es\/index.php?rest_route=%2Fwp%2Fv2%2Fcomments&post=4252"}],"version-history":[{"count":1,"href":"https:\/\/cinemasoul.es\/index.php?rest_route=\/wp\/v2\/product\/4252\/revisions"}],"predecessor-version":[{"id":4255,"href":"https:\/\/cinemasoul.es\/index.php?rest_route=\/wp\/v2\/product\/4252\/revisions\/4255"}],"wp:featuredmedia":[{"embeddable":true,"href":"https:\/\/cinemasoul.es\/index.php?rest_route=\/wp\/v2\/media\/4253"}],"wp:attachment":[{"href":"https:\/\/cinemasoul.es\/index.php?rest_route=%2Fwp%2Fv2%2Fmedia&parent=4252"}],"wp:term":[{"taxonomy":"product_brand","embeddable":true,"href":"https:\/\/cinemasoul.es\/index.php?rest_route=%2Fwp%2Fv2%2Fproduct_brand&post=4252"},{"taxonomy":"product_cat","embeddable":true,"href":"https:\/\/cinemasoul.es\/index.php?rest_route=%2Fwp%2Fv2%2Fproduct_cat&post=4252"},{"taxonomy":"product_tag","embeddable":true,"href":"https:\/\/cinemasoul.es\/index.php?rest_route=%2Fwp%2Fv2%2Fproduct_tag&post=4252"}],"curies":[{"name":"wp","href":"https:\/\/api.w.org\/{rel}","templated":true}]}}