{"id":4199,"date":"2022-02-01T18:16:22","date_gmt":"2022-02-01T18:16:22","guid":{"rendered":"https:\/\/www.cinemasoul.es\/?post_type=product&#038;p=4199"},"modified":"2022-02-01T18:16:22","modified_gmt":"2022-02-01T18:16:22","slug":"el-difunto-protesta-dvd","status":"publish","type":"product","link":"https:\/\/cinemasoul.es\/?product=el-difunto-protesta-dvd","title":{"rendered":"El Difunto Protesta [DVD]"},"content":{"rendered":"<div id=\"tab-description\" class=\"tab-content\">\n<p><em>EL DIFUNTO PROTESTA<\/em> <strong>T\u00cdTULO ORIGINAL<\/strong>:\u00a0<em>HERE COMES MR. JORDAN \u00a0<\/em><strong>DIRIGIDA POR<\/strong> ALEXANDER HALL <strong>GUI\u00d3N DE<\/strong>\u00a0SETON I. MILLER, SIDNEY BUCHMAN\u00a0<strong>M\u00daSICA DE<\/strong>\u00a0FREDERICK HOLLANDER \u00a0<strong>FOTOGRAFIA DE<\/strong>\u00a0JOSEPH WALKER\u00a0<strong>REPARTO<\/strong>: ROBERT MONTGOMERY, EVELYN KEYES, CLAUDE RAINS, RITA JOHSON, EDWARD EVERETT, JAMES GLEASON, JOHN EMERY, DONALD MACBRIDE <strong>NACIONALIDAD<\/strong>: ESTADOS UNIDOS\u00a0<strong>A\u00d1O<\/strong>: 1941\u00a0<strong>G\u00c9NERO<\/strong>: COMEDIA, FANTASIA <strong>DURACI\u00d3N<\/strong>: 89 MIN.APROX.\u00a0<strong>FORMATO<\/strong>: 4\/3 1.37:1\u00a0<strong>COLOR<\/strong>: B\/N\u00a0<strong>IDIOMAS<\/strong>: CASTELLANO E INGL\u00c9S\u00a0<strong>SUBT\u00cdTULOS<\/strong>: ESPA\u00d1OL\u00a0<strong>CERTIFICADO DE CALIFICACI\u00d3N<\/strong>\u00a0N\u00ba\u00a0 97.425\u00a0<strong>CLASIFICACI\u00d3N<\/strong>: NO RECOMENDADA PARA MENORES DE 13 A\u00d1OS<\/p>\n<p>Basada en la misma obra de Harry Segall (Heaven can wait) la trama empieza con el accidente a\u00e9reo que sufre el aspirante al campeonato del mundo de boxeo Joe Peddleton (Robert Montgomery). El famoso boxeador Joe Pendleton fallece en el accidente cuando se dirig\u00eda a Nueva York para combatir por el t\u00edtulo mundial de su categor\u00eda y al llegar al cielo le notifican que su fallecimiento se dio 50 a\u00f1o antes de lo previsto por un error de un mensajero celestial novato (Edward Everett Horton). El jefe del \u00e1ngel, Mr. Jordan (Claude Rains) tratar\u00e1 de buscarle un cuerpo \u2018de repuesto\u2019 en la Tierra para Joe y darle otra oportunidad de luchar por el t\u00edtulo que tanto desea, y ambos creen encontrarlo en Bruce Farnworth, un millonario con buena forma f\u00edsica, que acaba de ser asesinado por su esposa.<\/p>\n<\/div>\n","protected":false},"excerpt":{"rendered":"<p>EL DIFUNTO PROTESTA T\u00cdTULO ORIGINAL:\u00a0HERE COMES MR. JORDAN \u00a0DIRIGIDA POR ALEXANDER HALL GUI\u00d3N DE\u00a0SETON I. MILLER, SIDNEY BUCHMAN\u00a0M\u00daSICA DE\u00a0FREDERICK HOLLANDER \u00a0FOTOGRAFIA DE\u00a0JOSEPH WALKER\u00a0REPARTO: ROBERT MONTGOMERY, EVELYN KEYES, CLAUDE RAINS, RITA JOHSON, EDWARD EVERETT, JAMES GLEASON, JOHN EMERY, DONALD MACBRIDE NACIONALIDAD: ESTADOS UNIDOS\u00a0A\u00d1O: 1941\u00a0G\u00c9NERO: COMEDIA, FANTASIA DURACI\u00d3N: 89 MIN.APROX.\u00a0FORMATO: 4\/3 1.37:1\u00a0COLOR: B\/N\u00a0IDIOMAS: CASTELLANO E INGL\u00c9S\u00a0SUBT\u00cdTULOS: ESPA\u00d1OL\u00a0CERTIFICADO [&hellip;]<\/p>\n","protected":false},"featured_media":4200,"comment_status":"open","ping_status":"closed","template":"","meta":{"site-sidebar-layout":"default","site-content-layout":"default","ast-site-content-layout":"default","site-content-style":"default","site-sidebar-style":"default","ast-global-header-display":"","ast-banner-title-visibility":"","ast-main-header-display":"","ast-hfb-above-header-display":"","ast-hfb-below-header-display":"","ast-hfb-mobile-header-display":"","site-post-title":"","ast-breadcrumbs-content":"","ast-featured-img":"","footer-sml-layout":"","ast-disable-related-posts":"","theme-transparent-header-meta":"","adv-header-id-meta":"","stick-header-meta":"","header-above-stick-meta":"","header-main-stick-meta":"","header-below-stick-meta":"","astra-migrate-meta-layouts":"default","ast-page-background-enabled":"default","ast-page-background-meta":{"desktop":{"background-color":"","background-image":"","background-repeat":"repeat","background-position":"center center","background-size":"auto","background-attachment":"scroll","background-type":"","background-media":"","overlay-type":"","overlay-color":"","overlay-opacity":"","overlay-gradient":""},"tablet":{"background-color":"","background-image":"","background-repeat":"repeat","background-position":"center center","background-size":"auto","background-attachment":"scroll","background-type":"","background-media":"","overlay-type":"","overlay-color":"","overlay-opacity":"","overlay-gradient":""},"mobile":{"background-color":"","background-image":"","background-repeat":"repeat","background-position":"center center","background-size":"auto","background-attachment":"scroll","background-type":"","background-media":"","overlay-type":"","overlay-color":"","overlay-opacity":"","overlay-gradient":""}},"ast-content-background-meta":{"desktop":{"background-color":"var(--ast-global-color-5)","background-image":"","background-repeat":"repeat","background-position":"center center","background-size":"auto","background-attachment":"scroll","background-type":"","background-media":"","overlay-type":"","overlay-color":"","overlay-opacity":"","overlay-gradient":""},"tablet":{"background-color":"var(--ast-global-color-5)","background-image":"","background-repeat":"repeat","background-position":"center center","background-size":"auto","background-attachment":"scroll","background-type":"","background-media":"","overlay-type":"","overlay-color":"","overlay-opacity":"","overlay-gradient":""},"mobile":{"background-color":"var(--ast-global-color-5)","background-image":"","background-repeat":"repeat","background-position":"center center","background-size":"auto","background-attachment":"scroll","background-type":"","background-media":"","overlay-type":"","overlay-color":"","overlay-opacity":"","overlay-gradient":""}},"_joinchat":[]},"product_brand":[],"product_cat":[42],"product_tag":[],"class_list":{"0":"post-4199","1":"product","2":"type-product","3":"status-publish","4":"has-post-thumbnail","6":"product_cat-dvd","7":"desktop-align-left","8":"tablet-align-left","9":"mobile-align-left","11":"first","12":"instock","13":"sale","14":"shipping-taxable","15":"purchasable","16":"product-type-simple"},"_links":{"self":[{"href":"https:\/\/cinemasoul.es\/index.php?rest_route=\/wp\/v2\/product\/4199","targetHints":{"allow":["GET"]}}],"collection":[{"href":"https:\/\/cinemasoul.es\/index.php?rest_route=\/wp\/v2\/product"}],"about":[{"href":"https:\/\/cinemasoul.es\/index.php?rest_route=\/wp\/v2\/types\/product"}],"replies":[{"embeddable":true,"href":"https:\/\/cinemasoul.es\/index.php?rest_route=%2Fwp%2Fv2%2Fcomments&post=4199"}],"version-history":[{"count":2,"href":"https:\/\/cinemasoul.es\/index.php?rest_route=\/wp\/v2\/product\/4199\/revisions"}],"predecessor-version":[{"id":4203,"href":"https:\/\/cinemasoul.es\/index.php?rest_route=\/wp\/v2\/product\/4199\/revisions\/4203"}],"wp:featuredmedia":[{"embeddable":true,"href":"https:\/\/cinemasoul.es\/index.php?rest_route=\/wp\/v2\/media\/4200"}],"wp:attachment":[{"href":"https:\/\/cinemasoul.es\/index.php?rest_route=%2Fwp%2Fv2%2Fmedia&parent=4199"}],"wp:term":[{"taxonomy":"product_brand","embeddable":true,"href":"https:\/\/cinemasoul.es\/index.php?rest_route=%2Fwp%2Fv2%2Fproduct_brand&post=4199"},{"taxonomy":"product_cat","embeddable":true,"href":"https:\/\/cinemasoul.es\/index.php?rest_route=%2Fwp%2Fv2%2Fproduct_cat&post=4199"},{"taxonomy":"product_tag","embeddable":true,"href":"https:\/\/cinemasoul.es\/index.php?rest_route=%2Fwp%2Fv2%2Fproduct_tag&post=4199"}],"curies":[{"name":"wp","href":"https:\/\/api.w.org\/{rel}","templated":true}]}}