{"id":4182,"date":"2022-02-01T17:47:25","date_gmt":"2022-02-01T17:47:25","guid":{"rendered":"https:\/\/www.cinemasoul.es\/?post_type=product&#038;p=4182"},"modified":"2022-02-01T17:47:27","modified_gmt":"2022-02-01T17:47:27","slug":"dos-super-policias-dvd","status":"publish","type":"product","link":"https:\/\/cinemasoul.es\/?product=dos-super-policias-dvd","title":{"rendered":"Dos super-polic\u00edas [DVD]"},"content":{"rendered":"<p><strong>Director<\/strong>:\u00a0Enzo Barboni\u00a0<strong>Gui\u00f3n<\/strong>: Enzo Barboni\u00a0<strong>M\u00fasica<\/strong>: De Angelis\u00a0<strong>Fotograf\u00eda<\/strong>: Claudio Cirillo\u00a0<strong>Actores:<\/strong>\u00a0Terence Hill, Bud Spencer, Luciano Catenacci, Laura Gemser, David Huddleston, John Dalton, Donald Pleasence, Luis Barbero. <strong>T\u00edtulo original<\/strong>:\u00a0<em>I due superpiede quasi piatti\u00a0<\/em><strong>A\u00f1o<\/strong>:\u00a01977\u00a0<strong>Nacionalidad<\/strong>:\u00a0Italia\u00a0<strong>G\u00e9nero<\/strong>:\u00a0Comedia\u00a0<strong>Duraci\u00f3n<\/strong>:\u00a0115 minutos aprox.\u00a0<strong>Idiomas<\/strong>: Castellano 2.0, Italiano 5.1, Ingl\u00e9s 2.0.\u00a0<strong>Formato de pantalla<\/strong>: 16\/9 (1.85:1)\u00a0<strong>Dep\u00f3sito legal:<\/strong>\u00a0B.36.757-2011\u00a0<strong>Color<\/strong>: Color<\/p>\n<p>Wilbur Walsh es una persona introvertida, simp\u00e1tica y sin preocupaciones. Matt Kirby por el contrario es un tipo de car\u00e1cter despreocupado, extrovertido y un poco alborotador. Ambos son aparentemente algo agresivos, con pocos escr\u00fapulos, pero b\u00e1sicamente de buen coraz\u00f3n. Su primer encuentro es una pelea contra una pandilla de mafiosos. Pensando que hacen un buen equipo, planean un robo a un peque\u00f1o supermercado. Como siempre, hacen los m\u00ednimos preparativos para el asalto y cuando irrumpen en el local, se dan cuenta de que en realidad es la Oficina de Reclutamiento de Polic\u00edas y antes de que se den cuenta son alistados. Sus esfuerzos para fracasar en el curso deformaci\u00f3n son vanos. Trabajando bajo el teniente McBride, los nuevos polic\u00edas demuestran que efectivos son sus pocos convencionales m\u00e9todos.<\/p>\n","protected":false},"excerpt":{"rendered":"<p>Director:\u00a0Enzo Barboni\u00a0Gui\u00f3n: Enzo Barboni\u00a0M\u00fasica: De Angelis\u00a0Fotograf\u00eda: Claudio Cirillo\u00a0Actores:\u00a0Terence Hill, Bud Spencer, Luciano Catenacci, Laura Gemser, David Huddleston, John Dalton, Donald Pleasence, Luis Barbero. T\u00edtulo original:\u00a0I due superpiede quasi piatti\u00a0A\u00f1o:\u00a01977\u00a0Nacionalidad:\u00a0Italia\u00a0G\u00e9nero:\u00a0Comedia\u00a0Duraci\u00f3n:\u00a0115 minutos aprox.\u00a0Idiomas: Castellano 2.0, Italiano 5.1, Ingl\u00e9s 2.0.\u00a0Formato de pantalla: 16\/9 (1.85:1)\u00a0Dep\u00f3sito legal:\u00a0B.36.757-2011\u00a0Color: Color Wilbur Walsh es una persona introvertida, simp\u00e1tica y sin preocupaciones. Matt Kirby [&hellip;]<\/p>\n","protected":false},"featured_media":4183,"comment_status":"open","ping_status":"closed","template":"","meta":{"site-sidebar-layout":"default","site-content-layout":"default","ast-site-content-layout":"default","site-content-style":"default","site-sidebar-style":"default","ast-global-header-display":"","ast-banner-title-visibility":"","ast-main-header-display":"","ast-hfb-above-header-display":"","ast-hfb-below-header-display":"","ast-hfb-mobile-header-display":"","site-post-title":"","ast-breadcrumbs-content":"","ast-featured-img":"","footer-sml-layout":"","ast-disable-related-posts":"","theme-transparent-header-meta":"","adv-header-id-meta":"","stick-header-meta":"","header-above-stick-meta":"","header-main-stick-meta":"","header-below-stick-meta":"","astra-migrate-meta-layouts":"default","ast-page-background-enabled":"default","ast-page-background-meta":{"desktop":{"background-color":"","background-image":"","background-repeat":"repeat","background-position":"center center","background-size":"auto","background-attachment":"scroll","background-type":"","background-media":"","overlay-type":"","overlay-color":"","overlay-opacity":"","overlay-gradient":""},"tablet":{"background-color":"","background-image":"","background-repeat":"repeat","background-position":"center center","background-size":"auto","background-attachment":"scroll","background-type":"","background-media":"","overlay-type":"","overlay-color":"","overlay-opacity":"","overlay-gradient":""},"mobile":{"background-color":"","background-image":"","background-repeat":"repeat","background-position":"center center","background-size":"auto","background-attachment":"scroll","background-type":"","background-media":"","overlay-type":"","overlay-color":"","overlay-opacity":"","overlay-gradient":""}},"ast-content-background-meta":{"desktop":{"background-color":"var(--ast-global-color-5)","background-image":"","background-repeat":"repeat","background-position":"center center","background-size":"auto","background-attachment":"scroll","background-type":"","background-media":"","overlay-type":"","overlay-color":"","overlay-opacity":"","overlay-gradient":""},"tablet":{"background-color":"var(--ast-global-color-5)","background-image":"","background-repeat":"repeat","background-position":"center center","background-size":"auto","background-attachment":"scroll","background-type":"","background-media":"","overlay-type":"","overlay-color":"","overlay-opacity":"","overlay-gradient":""},"mobile":{"background-color":"var(--ast-global-color-5)","background-image":"","background-repeat":"repeat","background-position":"center center","background-size":"auto","background-attachment":"scroll","background-type":"","background-media":"","overlay-type":"","overlay-color":"","overlay-opacity":"","overlay-gradient":""}},"_joinchat":[]},"product_brand":[],"product_cat":[42],"product_tag":[],"class_list":{"0":"post-4182","1":"product","2":"type-product","3":"status-publish","4":"has-post-thumbnail","6":"product_cat-dvd","7":"desktop-align-left","8":"tablet-align-left","9":"mobile-align-left","11":"first","12":"instock","13":"shipping-taxable","14":"purchasable","15":"product-type-simple"},"_links":{"self":[{"href":"https:\/\/cinemasoul.es\/index.php?rest_route=\/wp\/v2\/product\/4182","targetHints":{"allow":["GET"]}}],"collection":[{"href":"https:\/\/cinemasoul.es\/index.php?rest_route=\/wp\/v2\/product"}],"about":[{"href":"https:\/\/cinemasoul.es\/index.php?rest_route=\/wp\/v2\/types\/product"}],"replies":[{"embeddable":true,"href":"https:\/\/cinemasoul.es\/index.php?rest_route=%2Fwp%2Fv2%2Fcomments&post=4182"}],"version-history":[{"count":2,"href":"https:\/\/cinemasoul.es\/index.php?rest_route=\/wp\/v2\/product\/4182\/revisions"}],"predecessor-version":[{"id":4186,"href":"https:\/\/cinemasoul.es\/index.php?rest_route=\/wp\/v2\/product\/4182\/revisions\/4186"}],"wp:featuredmedia":[{"embeddable":true,"href":"https:\/\/cinemasoul.es\/index.php?rest_route=\/wp\/v2\/media\/4183"}],"wp:attachment":[{"href":"https:\/\/cinemasoul.es\/index.php?rest_route=%2Fwp%2Fv2%2Fmedia&parent=4182"}],"wp:term":[{"taxonomy":"product_brand","embeddable":true,"href":"https:\/\/cinemasoul.es\/index.php?rest_route=%2Fwp%2Fv2%2Fproduct_brand&post=4182"},{"taxonomy":"product_cat","embeddable":true,"href":"https:\/\/cinemasoul.es\/index.php?rest_route=%2Fwp%2Fv2%2Fproduct_cat&post=4182"},{"taxonomy":"product_tag","embeddable":true,"href":"https:\/\/cinemasoul.es\/index.php?rest_route=%2Fwp%2Fv2%2Fproduct_tag&post=4182"}],"curies":[{"name":"wp","href":"https:\/\/api.w.org\/{rel}","templated":true}]}}