{"id":4178,"date":"2022-02-01T17:39:09","date_gmt":"2022-02-01T17:39:09","guid":{"rendered":"https:\/\/www.cinemasoul.es\/?post_type=product&#038;p=4178"},"modified":"2022-02-01T17:40:06","modified_gmt":"2022-02-01T17:40:06","slug":"dos-misioneros-dvd","status":"publish","type":"product","link":"https:\/\/cinemasoul.es\/?product=dos-misioneros-dvd","title":{"rendered":"Dos misioneros [DVD]"},"content":{"rendered":"<p><strong>T\u00cdTULO ORIGINAL:<\/strong> <a href=\"http:\/\/www.imdb.com\/title\/tt0034175\/\" data-cke-saved-href=\"http:\/\/www.imdb.com\/title\/tt0034175\/\">\u00a0Porgi l&#8217;altra guancia<\/a>\u00a0<strong>DIRECTOR:<\/strong> <a href=\"http:\/\/www.imdb.com\/name\/nm0903049\/\" data-cke-saved-href=\"http:\/\/www.imdb.com\/name\/nm0903049\/\">\u00a0Franco Rossi<\/a>\u00a0<strong>PRODUCTOR:<\/strong> <a href=\"http:\/\/www.imdb.com\/name\/nm0209569\/\" data-cke-saved-href=\"http:\/\/www.imdb.com\/name\/nm0209569\/\">Dino De Laurentiis<\/a>\u00a0<strong>GUI\u00d3N:<\/strong> <a href=\"http:\/\/www.imdb.com\/name\/nm0131840\/\" data-cke-saved-href=\"http:\/\/www.imdb.com\/name\/nm0131840\/\">AUGUSTO CAMINITO<\/a>, FRANCO ROSSI, FAUSTO SARACENI Y GIANFRANCO CLERICI\u00a0<strong>Argumento:<\/strong> <a href=\"http:\/\/www.imdb.com\/name\/nm0814242\/\" data-cke-saved-href=\"http:\/\/www.imdb.com\/name\/nm0814242\/\">Rodolfo Sonego<\/a>\u00a0<strong>FOTOGRAF\u00cdA:<\/strong> <a href=\"http:\/\/www.imdb.com\/name\/nm0005833\/\" data-cke-saved-href=\"http:\/\/www.imdb.com\/name\/nm0005833\/\">G\u00e1bor Pog\u00e1ny<\/a>\u00a0<strong>M\u00daSICA:<\/strong> <a href=\"http:\/\/www.imdb.com\/name\/nm0006026\/\" data-cke-saved-href=\"http:\/\/www.imdb.com\/name\/nm0006026\/\">Guido De Angelis<\/a> \u00a0y MAURIZIO DE ANGELIS\u00a0<strong>ACTORES<\/strong>: BUD SPENCER, TERENCE HILL, ROBERT LOGGIA, MARIO PILAR, JEAN-PIERRE AUMONT, SALVATORE BASILE, MARIA CUMANI QUASIMODO, JACQUES HERLIN, RICCARDO PIZUTI, GIANCARLO BAASTIANONI, MARCELLO VERZIERA <strong>A\u00d1O<\/strong>: 1974\u00a0<strong>NACIONALIDAD<\/strong>: ITALIA-FRANCIA\u00a0<strong>G\u00c9NERO<\/strong>: ACCI\u00d3N-COMEDIA\u00a0<strong>COLOR\u00a0<\/strong><strong>FORMATO DE PANTALLA<\/strong>: 16\/9 (1.85:1)\u00a0Compatible con todos los formatos de pantalla de televisi\u00f3n\u00a0PARA \u00c1MBITO DOM\u00c9STICONO RECOMENDADA PARA MENORES DE 7 A\u00d1OS\u00a0<strong>DEP\u00d3SITO LEGAL<\/strong>: TF: 671-2009 <strong>DURACI\u00d3N<\/strong>: 90 Minutos aprox.<strong> IDIOMAS<\/strong>: CASTELLANO E ITALIANO<\/p>\n<p>A finales del siglo XIX, dos misioneros, Padre Pedro y Padre G., llevan a cabo su obra de evangelizaci\u00f3n en una peque\u00f1a isla del Caribe. Para difundir su mensaje religioso, defienden a la gente de los abusos del gobernador, el tristemente famoso Marqu\u00e9s de Gonzaga, que, por esta raz\u00f3n, no les ve con buen ojo. Para librarse de ellos, el noble llega incluso a pedirle al obispo que los traslade a otra misi\u00f3n, pero los dos religiosos no est\u00e1n de acuerdo\u2026<\/p>\n","protected":false},"excerpt":{"rendered":"<p>T\u00cdTULO ORIGINAL: \u00a0Porgi l&#8217;altra guancia\u00a0DIRECTOR: \u00a0Franco Rossi\u00a0PRODUCTOR: Dino De Laurentiis\u00a0GUI\u00d3N: AUGUSTO CAMINITO, FRANCO ROSSI, FAUSTO SARACENI Y GIANFRANCO CLERICI\u00a0Argumento: Rodolfo Sonego\u00a0FOTOGRAF\u00cdA: G\u00e1bor Pog\u00e1ny\u00a0M\u00daSICA: Guido De Angelis \u00a0y MAURIZIO DE ANGELIS\u00a0ACTORES: BUD SPENCER, TERENCE HILL, ROBERT LOGGIA, MARIO PILAR, JEAN-PIERRE AUMONT, SALVATORE BASILE, MARIA CUMANI QUASIMODO, JACQUES HERLIN, RICCARDO PIZUTI, GIANCARLO BAASTIANONI, MARCELLO VERZIERA A\u00d1O: 1974\u00a0NACIONALIDAD: [&hellip;]<\/p>\n","protected":false},"featured_media":4180,"comment_status":"open","ping_status":"closed","template":"","meta":{"site-sidebar-layout":"default","site-content-layout":"default","ast-site-content-layout":"default","site-content-style":"default","site-sidebar-style":"default","ast-global-header-display":"","ast-banner-title-visibility":"","ast-main-header-display":"","ast-hfb-above-header-display":"","ast-hfb-below-header-display":"","ast-hfb-mobile-header-display":"","site-post-title":"","ast-breadcrumbs-content":"","ast-featured-img":"","footer-sml-layout":"","ast-disable-related-posts":"","theme-transparent-header-meta":"","adv-header-id-meta":"","stick-header-meta":"","header-above-stick-meta":"","header-main-stick-meta":"","header-below-stick-meta":"","astra-migrate-meta-layouts":"default","ast-page-background-enabled":"default","ast-page-background-meta":{"desktop":{"background-color":"","background-image":"","background-repeat":"repeat","background-position":"center center","background-size":"auto","background-attachment":"scroll","background-type":"","background-media":"","overlay-type":"","overlay-color":"","overlay-opacity":"","overlay-gradient":""},"tablet":{"background-color":"","background-image":"","background-repeat":"repeat","background-position":"center center","background-size":"auto","background-attachment":"scroll","background-type":"","background-media":"","overlay-type":"","overlay-color":"","overlay-opacity":"","overlay-gradient":""},"mobile":{"background-color":"","background-image":"","background-repeat":"repeat","background-position":"center center","background-size":"auto","background-attachment":"scroll","background-type":"","background-media":"","overlay-type":"","overlay-color":"","overlay-opacity":"","overlay-gradient":""}},"ast-content-background-meta":{"desktop":{"background-color":"var(--ast-global-color-5)","background-image":"","background-repeat":"repeat","background-position":"center center","background-size":"auto","background-attachment":"scroll","background-type":"","background-media":"","overlay-type":"","overlay-color":"","overlay-opacity":"","overlay-gradient":""},"tablet":{"background-color":"var(--ast-global-color-5)","background-image":"","background-repeat":"repeat","background-position":"center center","background-size":"auto","background-attachment":"scroll","background-type":"","background-media":"","overlay-type":"","overlay-color":"","overlay-opacity":"","overlay-gradient":""},"mobile":{"background-color":"var(--ast-global-color-5)","background-image":"","background-repeat":"repeat","background-position":"center center","background-size":"auto","background-attachment":"scroll","background-type":"","background-media":"","overlay-type":"","overlay-color":"","overlay-opacity":"","overlay-gradient":""}},"_joinchat":[]},"product_brand":[],"product_cat":[15],"product_tag":[],"class_list":{"0":"post-4178","1":"product","2":"type-product","3":"status-publish","4":"has-post-thumbnail","6":"product_cat-sin-categorizar","7":"desktop-align-left","8":"tablet-align-left","9":"mobile-align-left","11":"first","12":"instock","13":"shipping-taxable","14":"purchasable","15":"product-type-simple"},"_links":{"self":[{"href":"https:\/\/cinemasoul.es\/index.php?rest_route=\/wp\/v2\/product\/4178","targetHints":{"allow":["GET"]}}],"collection":[{"href":"https:\/\/cinemasoul.es\/index.php?rest_route=\/wp\/v2\/product"}],"about":[{"href":"https:\/\/cinemasoul.es\/index.php?rest_route=\/wp\/v2\/types\/product"}],"replies":[{"embeddable":true,"href":"https:\/\/cinemasoul.es\/index.php?rest_route=%2Fwp%2Fv2%2Fcomments&post=4178"}],"version-history":[{"count":1,"href":"https:\/\/cinemasoul.es\/index.php?rest_route=\/wp\/v2\/product\/4178\/revisions"}],"predecessor-version":[{"id":4179,"href":"https:\/\/cinemasoul.es\/index.php?rest_route=\/wp\/v2\/product\/4178\/revisions\/4179"}],"wp:featuredmedia":[{"embeddable":true,"href":"https:\/\/cinemasoul.es\/index.php?rest_route=\/wp\/v2\/media\/4180"}],"wp:attachment":[{"href":"https:\/\/cinemasoul.es\/index.php?rest_route=%2Fwp%2Fv2%2Fmedia&parent=4178"}],"wp:term":[{"taxonomy":"product_brand","embeddable":true,"href":"https:\/\/cinemasoul.es\/index.php?rest_route=%2Fwp%2Fv2%2Fproduct_brand&post=4178"},{"taxonomy":"product_cat","embeddable":true,"href":"https:\/\/cinemasoul.es\/index.php?rest_route=%2Fwp%2Fv2%2Fproduct_cat&post=4178"},{"taxonomy":"product_tag","embeddable":true,"href":"https:\/\/cinemasoul.es\/index.php?rest_route=%2Fwp%2Fv2%2Fproduct_tag&post=4178"}],"curies":[{"name":"wp","href":"https:\/\/api.w.org\/{rel}","templated":true}]}}