{"id":4163,"date":"2022-02-01T12:24:41","date_gmt":"2022-02-01T12:24:41","guid":{"rendered":"https:\/\/www.cinemasoul.es\/?post_type=product&#038;p=4163"},"modified":"2022-02-01T12:24:42","modified_gmt":"2022-02-01T12:24:42","slug":"delirios-de-grandeza-dvd","status":"publish","type":"product","link":"https:\/\/cinemasoul.es\/?product=delirios-de-grandeza-dvd","title":{"rendered":"Delirios de grandeza [DVD]"},"content":{"rendered":"<p>Louis de Fun\u00e8s, Yves montand en \u201cdelirios de grandeza\u201d (LA FOLIE DES GRANDEURS ) <strong>DIRECTOR<\/strong>: G\u00c9RARD OURY <strong>GUI\u00d3N<\/strong>: <a href=\"http:\/\/www.imdb.com\/name\/nm0653620\/\" data-cke-saved-href=\"http:\/\/www.imdb.com\/name\/nm0653620\/\">G\u00e9rard Oury<\/a>, <a href=\"http:\/\/www.imdb.com\/name\/nm0860019\/\" data-cke-saved-href=\"http:\/\/www.imdb.com\/name\/nm0860019\/\">Dani\u00e8le Thompson<\/a>, <a href=\"http:\/\/www.imdb.com\/name\/nm0003340\/\" data-cke-saved-href=\"http:\/\/www.imdb.com\/name\/nm0003340\/\">Marcel Jullian<\/a>.\u00a0<strong>Compa\u00f1\u00eda productora<\/strong>: GAUMONT INTERNATIONAL <strong>PRODUCTOR<\/strong>: <a href=\"http:\/\/www.imdb.com\/name\/nm0688583\/\" data-cke-saved-href=\"http:\/\/www.imdb.com\/name\/nm0688583\/\">Alain Poir\u00e9<\/a> <strong>FOTOGRAF\u00cdA<\/strong>:<a href=\"http:\/\/www.imdb.com\/name\/nm0689728\/\" data-cke-saved-href=\"http:\/\/www.imdb.com\/name\/nm0689728\/\">\u00a0Henri Deca\u00eb<\/a> <strong>M\u00daSICA<\/strong>: <a href=\"http:\/\/www.imdb.com\/name\/nm0689728\/\" data-cke-saved-href=\"http:\/\/www.imdb.com\/name\/nm0689728\/\">Michel Polnareff<\/a> <strong>NACIONALIDAD<\/strong>: francia-espa\u00f1a-italia-alemania <strong>Duraci\u00f3n<\/strong>: 90 minutos aprox.\u00a0<strong>Idiomas<\/strong>: Castellano y Franc\u00e9s con subt\u00edtulos en castellano <strong>Formato de pantalla<\/strong>: 16\/9 (1.85:1) <strong>Caracter\u00edsticas especiales disponibles<\/strong>: Ficha t\u00e9cnica, art\u00edstica y galer\u00eda fotogr\u00e1fica. Certificado de calificaci\u00f3n N\u00ba 5.202. Apta para todos los p\u00fablicos.\u00a0<strong>Dep\u00f3sito legal<\/strong>: TF: 1923-2009.<\/p>\n<p><strong>Un film gracioso, divertido, reconfortante, de los que de vez en cuando nos hacen falta para desintoxicarnos de esa droga sutil\u00edsima que es la magnificaci\u00f3n de la historia<\/strong><\/p>\n<p>La acci\u00f3n transcurre en la Espa\u00f1a del siglo XVII. Recaudador de impuestos para el rey, don Salluste (Louis de Fun\u00e8s) es tan codicioso como impopular. Su criado Blaze (Ives Montand) tampoco siente mucha estima por \u00e9l, pero no se atreve a contratiarle por miedo a perder el empleo.\u00a0Por otra parte, Blaze est\u00e1 locamente enamorado de la reina (Karin Schubert) y lamenta que sea la esposa del monarca. Las tornas cambian el d\u00eda en que la reina comunica a don Salluste que ha perdido su grado de caballero porque se sospecha que es padre de un hijo ileg\u00edtimo.\u00a0Para vengarse de la reina, causante de su posterior destituci\u00f3n y exilio, don Sallustre trama una maquinaci\u00f3n diab\u00f3lica.\u00a0Libre version del drama Ruy Blas de Victor Hugo, <em>Delirios de grandeza<\/em> reune a dos colosos del cine frances \u2013el genial comico Louis de Funes y el polifac\u00e9tico Ives Montand \u2013en una pel\u00edcula repleta de hilarantes gags, con una excelente ambientacion de \u00e9poca y magn\u00edfica fotografia del gran Henri Deca\u00eb con exteriores rodados en Espa\u00f1a.<\/p>\n","protected":false},"excerpt":{"rendered":"<p>Louis de Fun\u00e8s, Yves montand en \u201cdelirios de grandeza\u201d (LA FOLIE DES GRANDEURS ) DIRECTOR: G\u00c9RARD OURY GUI\u00d3N: G\u00e9rard Oury, Dani\u00e8le Thompson, Marcel Jullian.\u00a0Compa\u00f1\u00eda productora: GAUMONT INTERNATIONAL PRODUCTOR: Alain Poir\u00e9 FOTOGRAF\u00cdA:\u00a0Henri Deca\u00eb M\u00daSICA: Michel Polnareff NACIONALIDAD: francia-espa\u00f1a-italia-alemania Duraci\u00f3n: 90 minutos aprox.\u00a0Idiomas: Castellano y Franc\u00e9s con subt\u00edtulos en castellano Formato de pantalla: 16\/9 (1.85:1) Caracter\u00edsticas especiales [&hellip;]<\/p>\n","protected":false},"featured_media":4164,"comment_status":"open","ping_status":"closed","template":"","meta":{"site-sidebar-layout":"default","site-content-layout":"default","ast-site-content-layout":"default","site-content-style":"default","site-sidebar-style":"default","ast-global-header-display":"","ast-banner-title-visibility":"","ast-main-header-display":"","ast-hfb-above-header-display":"","ast-hfb-below-header-display":"","ast-hfb-mobile-header-display":"","site-post-title":"","ast-breadcrumbs-content":"","ast-featured-img":"","footer-sml-layout":"","ast-disable-related-posts":"","theme-transparent-header-meta":"","adv-header-id-meta":"","stick-header-meta":"","header-above-stick-meta":"","header-main-stick-meta":"","header-below-stick-meta":"","astra-migrate-meta-layouts":"default","ast-page-background-enabled":"default","ast-page-background-meta":{"desktop":{"background-color":"","background-image":"","background-repeat":"repeat","background-position":"center center","background-size":"auto","background-attachment":"scroll","background-type":"","background-media":"","overlay-type":"","overlay-color":"","overlay-opacity":"","overlay-gradient":""},"tablet":{"background-color":"","background-image":"","background-repeat":"repeat","background-position":"center center","background-size":"auto","background-attachment":"scroll","background-type":"","background-media":"","overlay-type":"","overlay-color":"","overlay-opacity":"","overlay-gradient":""},"mobile":{"background-color":"","background-image":"","background-repeat":"repeat","background-position":"center center","background-size":"auto","background-attachment":"scroll","background-type":"","background-media":"","overlay-type":"","overlay-color":"","overlay-opacity":"","overlay-gradient":""}},"ast-content-background-meta":{"desktop":{"background-color":"var(--ast-global-color-5)","background-image":"","background-repeat":"repeat","background-position":"center center","background-size":"auto","background-attachment":"scroll","background-type":"","background-media":"","overlay-type":"","overlay-color":"","overlay-opacity":"","overlay-gradient":""},"tablet":{"background-color":"var(--ast-global-color-5)","background-image":"","background-repeat":"repeat","background-position":"center center","background-size":"auto","background-attachment":"scroll","background-type":"","background-media":"","overlay-type":"","overlay-color":"","overlay-opacity":"","overlay-gradient":""},"mobile":{"background-color":"var(--ast-global-color-5)","background-image":"","background-repeat":"repeat","background-position":"center center","background-size":"auto","background-attachment":"scroll","background-type":"","background-media":"","overlay-type":"","overlay-color":"","overlay-opacity":"","overlay-gradient":""}},"_joinchat":[]},"product_brand":[],"product_cat":[42],"product_tag":[],"class_list":{"0":"post-4163","1":"product","2":"type-product","3":"status-publish","4":"has-post-thumbnail","6":"product_cat-dvd","7":"desktop-align-left","8":"tablet-align-left","9":"mobile-align-left","11":"first","12":"instock","13":"sale","14":"shipping-taxable","15":"purchasable","16":"product-type-simple"},"_links":{"self":[{"href":"https:\/\/cinemasoul.es\/index.php?rest_route=\/wp\/v2\/product\/4163","targetHints":{"allow":["GET"]}}],"collection":[{"href":"https:\/\/cinemasoul.es\/index.php?rest_route=\/wp\/v2\/product"}],"about":[{"href":"https:\/\/cinemasoul.es\/index.php?rest_route=\/wp\/v2\/types\/product"}],"replies":[{"embeddable":true,"href":"https:\/\/cinemasoul.es\/index.php?rest_route=%2Fwp%2Fv2%2Fcomments&post=4163"}],"version-history":[{"count":2,"href":"https:\/\/cinemasoul.es\/index.php?rest_route=\/wp\/v2\/product\/4163\/revisions"}],"predecessor-version":[{"id":4167,"href":"https:\/\/cinemasoul.es\/index.php?rest_route=\/wp\/v2\/product\/4163\/revisions\/4167"}],"wp:featuredmedia":[{"embeddable":true,"href":"https:\/\/cinemasoul.es\/index.php?rest_route=\/wp\/v2\/media\/4164"}],"wp:attachment":[{"href":"https:\/\/cinemasoul.es\/index.php?rest_route=%2Fwp%2Fv2%2Fmedia&parent=4163"}],"wp:term":[{"taxonomy":"product_brand","embeddable":true,"href":"https:\/\/cinemasoul.es\/index.php?rest_route=%2Fwp%2Fv2%2Fproduct_brand&post=4163"},{"taxonomy":"product_cat","embeddable":true,"href":"https:\/\/cinemasoul.es\/index.php?rest_route=%2Fwp%2Fv2%2Fproduct_cat&post=4163"},{"taxonomy":"product_tag","embeddable":true,"href":"https:\/\/cinemasoul.es\/index.php?rest_route=%2Fwp%2Fv2%2Fproduct_tag&post=4163"}],"curies":[{"name":"wp","href":"https:\/\/api.w.org\/{rel}","templated":true}]}}