{"id":4159,"date":"2022-02-01T12:09:18","date_gmt":"2022-02-01T12:09:18","guid":{"rendered":"https:\/\/www.cinemasoul.es\/?post_type=product&#038;p=4159"},"modified":"2022-02-01T12:09:19","modified_gmt":"2022-02-01T12:09:19","slug":"el-pollo-de-mi-mujer-dvd","status":"publish","type":"product","link":"https:\/\/cinemasoul.es\/?product=el-pollo-de-mi-mujer-dvd","title":{"rendered":"El pollo de mi mujer [DVD]"},"content":{"rendered":"<p>ROBERT DEBELMAS presenta\u00a0LOUIS DE FUN\u00c8S, MIREILLE DARC, ROGER DUMAS, JACQUELINE MAILLAN, CHRISTIAN MARIN, PHILIPPE NICAUD, GUY TR\u00c9JEAN con DANIEL CECCALDI, YANA CHOURI en \u201cEL POLLO DE MI MUJER\u201d (POUIC POUIC).\u00a0Una <strong>pel\u00edcula <\/strong>de\u00a0JEAN GIRAULT.\u00a0<strong>Gui\u00f3n <\/strong>de\u00a0JACQUES VILFRID.\u00a0Basada en<strong>\u00a0<\/strong>\u201cSANS C\u00c9R\u00c9MONIE\u201d de JACQUES VILFRID <strong>y<\/strong> JEAN GIRAULT. POUIC-POUIC \u00a9 1968 Studio Canal.\u00a0<strong>Dep\u00f3sito legal<\/strong>: TF: 2.326-2009. Autorizada para todos los p\u00fablicos. <strong>Bandas para subt\u00edtulos<\/strong>: Castellano.\u00a0<strong>Contenido sonoro: <\/strong>(2.0 Mono): Franc\u00e9s.\u00a0<strong>Formato de pantalla<\/strong>: 1.66:1.\u00a0<strong>Duraci\u00f3n<\/strong>: 86 Minutos aprox. Color.<\/p>\n<p>Para librase de Antoine, un cari\u00f1oso cuarent\u00f3n, la veleidosa Patricia pide a su ch\u00f3fer que se haga pasar por su marido. Su pareja de pega casi consigue dar el pego, por una confusa historia familiar sobre una falsa compra de un campo petrol\u00edfero a orillas del Orinoco\u2026<em>El actor franc\u00e9s Louis de Fun\u00e8s comenz\u00f3 su trabajo en el cine en 1945, e intervino en m\u00e1s de 100 filmes. En los a\u00f1os 50 y 60 era el actor m\u00e1s popular de Francia. Trabaj\u00f3 con los mejores actores franceses de todos los tiempos, incluidos Jean Marais, Jean Gabin, Fernandel, Bourvil, Coluche e Yves Montand.<\/em><\/p>\n","protected":false},"excerpt":{"rendered":"<p>ROBERT DEBELMAS presenta\u00a0LOUIS DE FUN\u00c8S, MIREILLE DARC, ROGER DUMAS, JACQUELINE MAILLAN, CHRISTIAN MARIN, PHILIPPE NICAUD, GUY TR\u00c9JEAN con DANIEL CECCALDI, YANA CHOURI en \u201cEL POLLO DE MI MUJER\u201d (POUIC POUIC).\u00a0Una pel\u00edcula de\u00a0JEAN GIRAULT.\u00a0Gui\u00f3n de\u00a0JACQUES VILFRID.\u00a0Basada en\u00a0\u201cSANS C\u00c9R\u00c9MONIE\u201d de JACQUES VILFRID y JEAN GIRAULT. POUIC-POUIC \u00a9 1968 Studio Canal.\u00a0Dep\u00f3sito legal: TF: 2.326-2009. Autorizada para todos los [&hellip;]<\/p>\n","protected":false},"featured_media":4160,"comment_status":"open","ping_status":"closed","template":"","meta":{"site-sidebar-layout":"default","site-content-layout":"default","ast-site-content-layout":"default","site-content-style":"default","site-sidebar-style":"default","ast-global-header-display":"","ast-banner-title-visibility":"","ast-main-header-display":"","ast-hfb-above-header-display":"","ast-hfb-below-header-display":"","ast-hfb-mobile-header-display":"","site-post-title":"","ast-breadcrumbs-content":"","ast-featured-img":"","footer-sml-layout":"","ast-disable-related-posts":"","theme-transparent-header-meta":"","adv-header-id-meta":"","stick-header-meta":"","header-above-stick-meta":"","header-main-stick-meta":"","header-below-stick-meta":"","astra-migrate-meta-layouts":"default","ast-page-background-enabled":"default","ast-page-background-meta":{"desktop":{"background-color":"","background-image":"","background-repeat":"repeat","background-position":"center center","background-size":"auto","background-attachment":"scroll","background-type":"","background-media":"","overlay-type":"","overlay-color":"","overlay-opacity":"","overlay-gradient":""},"tablet":{"background-color":"","background-image":"","background-repeat":"repeat","background-position":"center center","background-size":"auto","background-attachment":"scroll","background-type":"","background-media":"","overlay-type":"","overlay-color":"","overlay-opacity":"","overlay-gradient":""},"mobile":{"background-color":"","background-image":"","background-repeat":"repeat","background-position":"center center","background-size":"auto","background-attachment":"scroll","background-type":"","background-media":"","overlay-type":"","overlay-color":"","overlay-opacity":"","overlay-gradient":""}},"ast-content-background-meta":{"desktop":{"background-color":"var(--ast-global-color-5)","background-image":"","background-repeat":"repeat","background-position":"center center","background-size":"auto","background-attachment":"scroll","background-type":"","background-media":"","overlay-type":"","overlay-color":"","overlay-opacity":"","overlay-gradient":""},"tablet":{"background-color":"var(--ast-global-color-5)","background-image":"","background-repeat":"repeat","background-position":"center center","background-size":"auto","background-attachment":"scroll","background-type":"","background-media":"","overlay-type":"","overlay-color":"","overlay-opacity":"","overlay-gradient":""},"mobile":{"background-color":"var(--ast-global-color-5)","background-image":"","background-repeat":"repeat","background-position":"center center","background-size":"auto","background-attachment":"scroll","background-type":"","background-media":"","overlay-type":"","overlay-color":"","overlay-opacity":"","overlay-gradient":""}},"_joinchat":[]},"product_brand":[],"product_cat":[42],"product_tag":[],"class_list":{"0":"post-4159","1":"product","2":"type-product","3":"status-publish","4":"has-post-thumbnail","6":"product_cat-dvd","7":"desktop-align-left","8":"tablet-align-left","9":"mobile-align-left","11":"first","12":"instock","13":"shipping-taxable","14":"purchasable","15":"product-type-simple"},"_links":{"self":[{"href":"https:\/\/cinemasoul.es\/index.php?rest_route=\/wp\/v2\/product\/4159","targetHints":{"allow":["GET"]}}],"collection":[{"href":"https:\/\/cinemasoul.es\/index.php?rest_route=\/wp\/v2\/product"}],"about":[{"href":"https:\/\/cinemasoul.es\/index.php?rest_route=\/wp\/v2\/types\/product"}],"replies":[{"embeddable":true,"href":"https:\/\/cinemasoul.es\/index.php?rest_route=%2Fwp%2Fv2%2Fcomments&post=4159"}],"version-history":[{"count":1,"href":"https:\/\/cinemasoul.es\/index.php?rest_route=\/wp\/v2\/product\/4159\/revisions"}],"predecessor-version":[{"id":4162,"href":"https:\/\/cinemasoul.es\/index.php?rest_route=\/wp\/v2\/product\/4159\/revisions\/4162"}],"wp:featuredmedia":[{"embeddable":true,"href":"https:\/\/cinemasoul.es\/index.php?rest_route=\/wp\/v2\/media\/4160"}],"wp:attachment":[{"href":"https:\/\/cinemasoul.es\/index.php?rest_route=%2Fwp%2Fv2%2Fmedia&parent=4159"}],"wp:term":[{"taxonomy":"product_brand","embeddable":true,"href":"https:\/\/cinemasoul.es\/index.php?rest_route=%2Fwp%2Fv2%2Fproduct_brand&post=4159"},{"taxonomy":"product_cat","embeddable":true,"href":"https:\/\/cinemasoul.es\/index.php?rest_route=%2Fwp%2Fv2%2Fproduct_cat&post=4159"},{"taxonomy":"product_tag","embeddable":true,"href":"https:\/\/cinemasoul.es\/index.php?rest_route=%2Fwp%2Fv2%2Fproduct_tag&post=4159"}],"curies":[{"name":"wp","href":"https:\/\/api.w.org\/{rel}","templated":true}]}}