{"id":4154,"date":"2022-02-01T11:55:26","date_gmt":"2022-02-01T11:55:26","guid":{"rendered":"https:\/\/www.cinemasoul.es\/?post_type=product&#038;p=4154"},"modified":"2022-02-01T11:55:27","modified_gmt":"2022-02-01T11:55:27","slug":"el-tatuado-dvd","status":"publish","type":"product","link":"https:\/\/cinemasoul.es\/?product=el-tatuado-dvd","title":{"rendered":"El tatuado [DVD]"},"content":{"rendered":"<p>Con\u00a0JEAN GABIN, LOUIS DE FUN\u00c8S, DOMINIQUE DAVRAY, PAUL MERCEY, YVES BARSACO, HENRI VIRLOJEUX, HUBERT DESCHAMPS, PIERRE TORNADE.\u00a0Una <strong>pel\u00edcula <\/strong>de\u00a0DENYS DE LA PATELLIERE.\u00a0<strong>Guion <\/strong>de\u00a0ALPHONSE BOUDARD.\u00a0<strong>Adaptaci\u00f3n <\/strong>de\u00a0ALPHONSE BOUDARD, DENYS DE LA PATELLIERE, PIERRE LEVY CORTI.\u00a0<strong>Di\u00e1logos <\/strong>de\u00a0PASCAL JARDIN.\u00a0<strong>Producida <\/strong>por\u00a0MAURICE JACQUIN.\u00a0<strong>Productor ejecutivo\u00a0<\/strong>RALPH BAUM.\u00a0<strong>M\u00fasica de\u00a0<\/strong>GEORGES GARVARENTZ (FRENCH MUSIC Editions).\u00a0<strong>Director de fotograf\u00eda<\/strong> SACHA VIERNY.\u00a0<strong>Escenograf\u00eda\u00a0<\/strong>ROBERT CLAVEL.\u00a0<strong>Una co-producci\u00f3n\u00a0<\/strong>Franco Italiana LES FILMS COPERNIC, LES FILMS CORONA, Paris ASCOT CINERAID, Rome. THE TATOOED ONE \u00a9 1968 Studio Canal \u2013 Ascot Cineraid.\u00a0<strong>Dep\u00f3sito legal<\/strong>: TF: 2.327-2009. Autorizada para todos los p\u00fablicos. <strong>Bandas para subt\u00edtulos<\/strong>: Castellano.\u00a0<strong>Contenido <\/strong>(2.0 Mono): Castellano, Franc\u00e9s.\u00a0<strong>Formato de pantalla<\/strong>: 2.35:1.\u00a0<strong>Duraci\u00f3n<\/strong>: 87 Minutos aprox. Color.\u00a0<strong>Formato de pantalla<\/strong>: 2.35:1.\u00a0<strong>Duraci\u00f3n<\/strong>: 87 Minutos aprox. Color.<\/p>\n<p>F\u00e9licien M\u00e9zeray es un comerciante de baratijas que ha hecho fortuna con pinturas \u201cnaive\u201d. Un d\u00eda descubre un aut\u00e9ntico Modigliani tatuado en la espalda de un malhumorado e irascible exlegionario llamado Legrain. Desde ese momento, M\u00e9zeray est\u00e1 obsesionado con la idea de poner sus manos sobre tan particular trabajo del pintor Montparnasse\u2026<em>El actor franc\u00e9s Louis de Fun\u00e8s comenz\u00f3 su trabajo en el cine en 1945, e intervino en m\u00e1s de 100 filmes. En los a\u00f1os 50 y 60 era el actor m\u00e1s popular de Francia. Trabaj\u00f3 con los mejores actores franceses de todos los tiempos, incluidos Jean Marais, Jean Gabin, Fernandel, Bourvil, Coluche e Yves Montand.<\/em><\/p>\n","protected":false},"excerpt":{"rendered":"<p>Con\u00a0JEAN GABIN, LOUIS DE FUN\u00c8S, DOMINIQUE DAVRAY, PAUL MERCEY, YVES BARSACO, HENRI VIRLOJEUX, HUBERT DESCHAMPS, PIERRE TORNADE.\u00a0Una pel\u00edcula de\u00a0DENYS DE LA PATELLIERE.\u00a0Guion de\u00a0ALPHONSE BOUDARD.\u00a0Adaptaci\u00f3n de\u00a0ALPHONSE BOUDARD, DENYS DE LA PATELLIERE, PIERRE LEVY CORTI.\u00a0Di\u00e1logos de\u00a0PASCAL JARDIN.\u00a0Producida por\u00a0MAURICE JACQUIN.\u00a0Productor ejecutivo\u00a0RALPH BAUM.\u00a0M\u00fasica de\u00a0GEORGES GARVARENTZ (FRENCH MUSIC Editions).\u00a0Director de fotograf\u00eda SACHA VIERNY.\u00a0Escenograf\u00eda\u00a0ROBERT CLAVEL.\u00a0Una co-producci\u00f3n\u00a0Franco Italiana LES FILMS COPERNIC, LES [&hellip;]<\/p>\n","protected":false},"featured_media":4155,"comment_status":"open","ping_status":"closed","template":"","meta":{"site-sidebar-layout":"default","site-content-layout":"default","ast-site-content-layout":"default","site-content-style":"default","site-sidebar-style":"default","ast-global-header-display":"","ast-banner-title-visibility":"","ast-main-header-display":"","ast-hfb-above-header-display":"","ast-hfb-below-header-display":"","ast-hfb-mobile-header-display":"","site-post-title":"","ast-breadcrumbs-content":"","ast-featured-img":"","footer-sml-layout":"","ast-disable-related-posts":"","theme-transparent-header-meta":"","adv-header-id-meta":"","stick-header-meta":"","header-above-stick-meta":"","header-main-stick-meta":"","header-below-stick-meta":"","astra-migrate-meta-layouts":"default","ast-page-background-enabled":"default","ast-page-background-meta":{"desktop":{"background-color":"","background-image":"","background-repeat":"repeat","background-position":"center center","background-size":"auto","background-attachment":"scroll","background-type":"","background-media":"","overlay-type":"","overlay-color":"","overlay-opacity":"","overlay-gradient":""},"tablet":{"background-color":"","background-image":"","background-repeat":"repeat","background-position":"center center","background-size":"auto","background-attachment":"scroll","background-type":"","background-media":"","overlay-type":"","overlay-color":"","overlay-opacity":"","overlay-gradient":""},"mobile":{"background-color":"","background-image":"","background-repeat":"repeat","background-position":"center center","background-size":"auto","background-attachment":"scroll","background-type":"","background-media":"","overlay-type":"","overlay-color":"","overlay-opacity":"","overlay-gradient":""}},"ast-content-background-meta":{"desktop":{"background-color":"var(--ast-global-color-5)","background-image":"","background-repeat":"repeat","background-position":"center center","background-size":"auto","background-attachment":"scroll","background-type":"","background-media":"","overlay-type":"","overlay-color":"","overlay-opacity":"","overlay-gradient":""},"tablet":{"background-color":"var(--ast-global-color-5)","background-image":"","background-repeat":"repeat","background-position":"center center","background-size":"auto","background-attachment":"scroll","background-type":"","background-media":"","overlay-type":"","overlay-color":"","overlay-opacity":"","overlay-gradient":""},"mobile":{"background-color":"var(--ast-global-color-5)","background-image":"","background-repeat":"repeat","background-position":"center center","background-size":"auto","background-attachment":"scroll","background-type":"","background-media":"","overlay-type":"","overlay-color":"","overlay-opacity":"","overlay-gradient":""}},"_joinchat":[]},"product_brand":[],"product_cat":[42],"product_tag":[],"class_list":{"0":"post-4154","1":"product","2":"type-product","3":"status-publish","4":"has-post-thumbnail","6":"product_cat-dvd","7":"desktop-align-left","8":"tablet-align-left","9":"mobile-align-left","11":"first","12":"instock","13":"shipping-taxable","14":"purchasable","15":"product-type-simple"},"_links":{"self":[{"href":"https:\/\/cinemasoul.es\/index.php?rest_route=\/wp\/v2\/product\/4154","targetHints":{"allow":["GET"]}}],"collection":[{"href":"https:\/\/cinemasoul.es\/index.php?rest_route=\/wp\/v2\/product"}],"about":[{"href":"https:\/\/cinemasoul.es\/index.php?rest_route=\/wp\/v2\/types\/product"}],"replies":[{"embeddable":true,"href":"https:\/\/cinemasoul.es\/index.php?rest_route=%2Fwp%2Fv2%2Fcomments&post=4154"}],"version-history":[{"count":2,"href":"https:\/\/cinemasoul.es\/index.php?rest_route=\/wp\/v2\/product\/4154\/revisions"}],"predecessor-version":[{"id":4158,"href":"https:\/\/cinemasoul.es\/index.php?rest_route=\/wp\/v2\/product\/4154\/revisions\/4158"}],"wp:featuredmedia":[{"embeddable":true,"href":"https:\/\/cinemasoul.es\/index.php?rest_route=\/wp\/v2\/media\/4155"}],"wp:attachment":[{"href":"https:\/\/cinemasoul.es\/index.php?rest_route=%2Fwp%2Fv2%2Fmedia&parent=4154"}],"wp:term":[{"taxonomy":"product_brand","embeddable":true,"href":"https:\/\/cinemasoul.es\/index.php?rest_route=%2Fwp%2Fv2%2Fproduct_brand&post=4154"},{"taxonomy":"product_cat","embeddable":true,"href":"https:\/\/cinemasoul.es\/index.php?rest_route=%2Fwp%2Fv2%2Fproduct_cat&post=4154"},{"taxonomy":"product_tag","embeddable":true,"href":"https:\/\/cinemasoul.es\/index.php?rest_route=%2Fwp%2Fv2%2Fproduct_tag&post=4154"}],"curies":[{"name":"wp","href":"https:\/\/api.w.org\/{rel}","templated":true}]}}