{"id":4149,"date":"2022-02-01T11:17:28","date_gmt":"2022-02-01T11:17:28","guid":{"rendered":"https:\/\/www.cinemasoul.es\/?post_type=product&#038;p=4149"},"modified":"2022-02-01T11:17:28","modified_gmt":"2022-02-01T11:17:28","slug":"la-gran-juerga-dvd","status":"publish","type":"product","link":"https:\/\/cinemasoul.es\/?product=la-gran-juerga-dvd","title":{"rendered":"La gran juerga [DVD]"},"content":{"rendered":"<p>Adaptaci\u00f3n del <strong>gui\u00f3n <\/strong>por GERARD OURY.\u00a0<strong>Co-adaptado <\/strong>por DANIELLE THOMPSON y MARCEL JULIAN.\u00a0<strong>Di\u00e1logos<\/strong> GEORGES <strong>y<\/strong> ANDRE TABET. Con CLAUDIO BROOK y ANDREA PARISY COLETTE BROSSET MIKE MARSHALL.\u00a0<strong>Coprotagonizada <\/strong>por MARY MARQUET y PIERRE BERTIN. Con BENNO STERZENBACH MARIE DUBOIS y TERRY THOMAS.\u00a0<strong>M\u00fasica <\/strong>de GEORGES AURIC.\u00a0<strong>Director de Fotograf\u00eda<\/strong> CLAUDE RENOIR.\u00a0<strong>Dise\u00f1o de Producci\u00f3n <\/strong>de LEAN ANDRE.\u00a0<strong>Directores de Producci\u00f3n<\/strong> GEORGES VALON <strong>y<\/strong> PIERRE SAINT-BLANCAT.\u00a0<strong>Producida <\/strong>por ROBERT DORFMANN. \u00a0Don\u2019t look now we\u2019re being shot at \u00a9 1966 Studio Canal. Todos los derechos reservados. Autorizada para todos los p\u00fablicos.\u00a0<strong>Deposito legal<\/strong>: TF: 2320\/2009. <strong>Bandas para subt\u00edtulos<\/strong>: Castellano*. *Pantallas de men\u00fa disponibles en estos idiomas.\u00a0<strong>Contenido Sonoro<\/strong>: (2.0 Mono) Castellano y Franc\u00e9s.\u00a0<strong>Formato de pantalla<\/strong>: 2.35:1.\u00a0<strong>Duraci\u00f3n<\/strong>: 116 minutos aprox.\u00a0<strong>Color<\/strong>.<\/p>\n<p>Con la mejor taquilla de la historia en Francia (17 millones de espectadores), LA GRAN JUERGA es una de las mejores pel\u00edculas de todos los tiempos. Esta tronchante comedia est\u00e1 protagonizada por el conocido duo c\u00f3mico Bourvill y Louis de Funes, dos ic\u00f3nicos actores franceses. En 1942 un avi\u00f3n de a Royal Air Force es abatido sobre Paris. Los tres pilotos Brit\u00e1nicos saltan y son encontrados por dos miembros de la Resistencia Francesa ( De Fun\u00e9s y Bourvil). Con esta extra\u00f1a pareja\u00a0 como gu\u00edas, el film sigue estrafalario viaje hasta que salen del dominio Alem\u00e1n y llega a la zona libre Francesa. \u00a1 Absolutamente imprescindible! <em>El actor franc\u00e9s Louis de Funes comenz\u00f3 su trabajo en el cine en 1945, e intervino en m\u00e1s de 100 filmes.\u00a0<\/em><em>En los a\u00f1os 50 y 60 era el actor m\u00e1s popular de Francia. Trabaj\u00f3 con los mejores actores franceses de todos los tiempos, incluidos Jean Gabin, Fernandel, Bourvil, Coluche e Yves Montand.<\/em><\/p>\n","protected":false},"excerpt":{"rendered":"<p>Adaptaci\u00f3n del gui\u00f3n por GERARD OURY.\u00a0Co-adaptado por DANIELLE THOMPSON y MARCEL JULIAN.\u00a0Di\u00e1logos GEORGES y ANDRE TABET. Con CLAUDIO BROOK y ANDREA PARISY COLETTE BROSSET MIKE MARSHALL.\u00a0Coprotagonizada por MARY MARQUET y PIERRE BERTIN. Con BENNO STERZENBACH MARIE DUBOIS y TERRY THOMAS.\u00a0M\u00fasica de GEORGES AURIC.\u00a0Director de Fotograf\u00eda CLAUDE RENOIR.\u00a0Dise\u00f1o de Producci\u00f3n de LEAN ANDRE.\u00a0Directores de Producci\u00f3n GEORGES [&hellip;]<\/p>\n","protected":false},"featured_media":4150,"comment_status":"open","ping_status":"closed","template":"","meta":{"site-sidebar-layout":"default","site-content-layout":"default","ast-site-content-layout":"default","site-content-style":"default","site-sidebar-style":"default","ast-global-header-display":"","ast-banner-title-visibility":"","ast-main-header-display":"","ast-hfb-above-header-display":"","ast-hfb-below-header-display":"","ast-hfb-mobile-header-display":"","site-post-title":"","ast-breadcrumbs-content":"","ast-featured-img":"","footer-sml-layout":"","ast-disable-related-posts":"","theme-transparent-header-meta":"","adv-header-id-meta":"","stick-header-meta":"","header-above-stick-meta":"","header-main-stick-meta":"","header-below-stick-meta":"","astra-migrate-meta-layouts":"default","ast-page-background-enabled":"default","ast-page-background-meta":{"desktop":{"background-color":"","background-image":"","background-repeat":"repeat","background-position":"center center","background-size":"auto","background-attachment":"scroll","background-type":"","background-media":"","overlay-type":"","overlay-color":"","overlay-opacity":"","overlay-gradient":""},"tablet":{"background-color":"","background-image":"","background-repeat":"repeat","background-position":"center center","background-size":"auto","background-attachment":"scroll","background-type":"","background-media":"","overlay-type":"","overlay-color":"","overlay-opacity":"","overlay-gradient":""},"mobile":{"background-color":"","background-image":"","background-repeat":"repeat","background-position":"center center","background-size":"auto","background-attachment":"scroll","background-type":"","background-media":"","overlay-type":"","overlay-color":"","overlay-opacity":"","overlay-gradient":""}},"ast-content-background-meta":{"desktop":{"background-color":"var(--ast-global-color-5)","background-image":"","background-repeat":"repeat","background-position":"center center","background-size":"auto","background-attachment":"scroll","background-type":"","background-media":"","overlay-type":"","overlay-color":"","overlay-opacity":"","overlay-gradient":""},"tablet":{"background-color":"var(--ast-global-color-5)","background-image":"","background-repeat":"repeat","background-position":"center center","background-size":"auto","background-attachment":"scroll","background-type":"","background-media":"","overlay-type":"","overlay-color":"","overlay-opacity":"","overlay-gradient":""},"mobile":{"background-color":"var(--ast-global-color-5)","background-image":"","background-repeat":"repeat","background-position":"center center","background-size":"auto","background-attachment":"scroll","background-type":"","background-media":"","overlay-type":"","overlay-color":"","overlay-opacity":"","overlay-gradient":""}},"_joinchat":[]},"product_brand":[],"product_cat":[42],"product_tag":[],"class_list":{"0":"post-4149","1":"product","2":"type-product","3":"status-publish","4":"has-post-thumbnail","6":"product_cat-dvd","7":"desktop-align-left","8":"tablet-align-left","9":"mobile-align-left","11":"first","12":"instock","13":"sale","14":"shipping-taxable","15":"purchasable","16":"product-type-simple"},"_links":{"self":[{"href":"https:\/\/cinemasoul.es\/index.php?rest_route=\/wp\/v2\/product\/4149","targetHints":{"allow":["GET"]}}],"collection":[{"href":"https:\/\/cinemasoul.es\/index.php?rest_route=\/wp\/v2\/product"}],"about":[{"href":"https:\/\/cinemasoul.es\/index.php?rest_route=\/wp\/v2\/types\/product"}],"replies":[{"embeddable":true,"href":"https:\/\/cinemasoul.es\/index.php?rest_route=%2Fwp%2Fv2%2Fcomments&post=4149"}],"version-history":[{"count":2,"href":"https:\/\/cinemasoul.es\/index.php?rest_route=\/wp\/v2\/product\/4149\/revisions"}],"predecessor-version":[{"id":4153,"href":"https:\/\/cinemasoul.es\/index.php?rest_route=\/wp\/v2\/product\/4149\/revisions\/4153"}],"wp:featuredmedia":[{"embeddable":true,"href":"https:\/\/cinemasoul.es\/index.php?rest_route=\/wp\/v2\/media\/4150"}],"wp:attachment":[{"href":"https:\/\/cinemasoul.es\/index.php?rest_route=%2Fwp%2Fv2%2Fmedia&parent=4149"}],"wp:term":[{"taxonomy":"product_brand","embeddable":true,"href":"https:\/\/cinemasoul.es\/index.php?rest_route=%2Fwp%2Fv2%2Fproduct_brand&post=4149"},{"taxonomy":"product_cat","embeddable":true,"href":"https:\/\/cinemasoul.es\/index.php?rest_route=%2Fwp%2Fv2%2Fproduct_cat&post=4149"},{"taxonomy":"product_tag","embeddable":true,"href":"https:\/\/cinemasoul.es\/index.php?rest_route=%2Fwp%2Fv2%2Fproduct_tag&post=4149"}],"curies":[{"name":"wp","href":"https:\/\/api.w.org\/{rel}","templated":true}]}}