{"id":4145,"date":"2022-02-01T11:11:46","date_gmt":"2022-02-01T11:11:46","guid":{"rendered":"https:\/\/www.cinemasoul.es\/?post_type=product&#038;p=4145"},"modified":"2022-02-01T11:11:47","modified_gmt":"2022-02-01T11:11:47","slug":"las-grandes-vacaciones-dvd","status":"publish","type":"product","link":"https:\/\/cinemasoul.es\/?product=las-grandes-vacaciones-dvd","title":{"rendered":"Las grandes vacaciones [DVD]"},"content":{"rendered":"<p>Con LOUIS DE FUN\u00c8S, FREDY MAYNE, MAURICE RISCH, CLAUDE GENSAC, MARTINE KELLY, FRANCOIS LECCIA, OLIVER DE FUN\u00c8S,\u00a0SYLVIA DIONISIO, JEAN ST CLAIR, JEAN-PIERRW BERTRAND.\u00a0<strong>Una pel\u00edcula <\/strong>de JEAN GIRAULT (1967).\u00a0<strong>Escrita <\/strong>por JAQUES VILFRID.\u00a0<strong>Director de Fotograf\u00eda<\/strong> MARCEL GRIGNON.\u00a0<strong>Escenograf\u00eda<\/strong>\u00a0SYDNEY BETTEX.\u00a0<strong>Editor<\/strong> JEAN-MICHEL GAUTIER.\u00a0<strong>M\u00fasica<\/strong> RAYMOND LEFEBVRE (French Music Editions).\u00a0<strong>Productor Ejecutivo General<\/strong> RALPH BAUM.\u00a0<strong>Productor Ejecutivo<\/strong> Paul Laffargue. The Big Vacation \u00a9 1967 StudioCanal- Fida Cinematografica. Todos los derechos reservados. Autorizada para todos los p\u00fablicos.\u00a0<strong>Dep\u00f3sito legal<\/strong>: TF: 2319\/2009. <strong>Bandas para Subt\u00edtulos<\/strong>: Castellano*.\u00a0<strong>Contenido sonoro<\/strong>: (2.0 Mono) Castellano, Franc\u00e9s.\u00a0<strong>Formato de pantalla<\/strong>: 2.35:1. Pantalla panor\u00e1mica anam\u00f3rfica.\u00a0<strong>Color<\/strong>.\u00a0<strong>Duraci\u00f3n<\/strong>: 88 minutos aprox.<\/p>\n<p>M. Bosquier decide enviar a su hijo mayor, Philippe, como au pair a Inglaterra por haber suspendido su examen de selectividad. A cambio, acoge en su casa a una jovencita inglesa, Shirley Mac Farrel. Philippe en cambio ha planeado navegar el Sena r\u00edo abajo en un barco con dos amigos y env\u00eda en su lugar a Michonnet a Inglaterra. M.Bosquier descubre el enga\u00f1o y va en busca de su hijo, sin atreverse a decirle la verdad a la familia Mac Farrel. Las cosas se complican a\u00fan m\u00e1s cuando Philippe y Shirley huyen, dos j\u00f3venes enamorados, perseguidos por sus furiosos padres\u2026<\/p>\n","protected":false},"excerpt":{"rendered":"<p>Con LOUIS DE FUN\u00c8S, FREDY MAYNE, MAURICE RISCH, CLAUDE GENSAC, MARTINE KELLY, FRANCOIS LECCIA, OLIVER DE FUN\u00c8S,\u00a0SYLVIA DIONISIO, JEAN ST CLAIR, JEAN-PIERRW BERTRAND.\u00a0Una pel\u00edcula de JEAN GIRAULT (1967).\u00a0Escrita por JAQUES VILFRID.\u00a0Director de Fotograf\u00eda MARCEL GRIGNON.\u00a0Escenograf\u00eda\u00a0SYDNEY BETTEX.\u00a0Editor JEAN-MICHEL GAUTIER.\u00a0M\u00fasica RAYMOND LEFEBVRE (French Music Editions).\u00a0Productor Ejecutivo General RALPH BAUM.\u00a0Productor Ejecutivo Paul Laffargue. The Big Vacation \u00a9 1967 [&hellip;]<\/p>\n","protected":false},"featured_media":4146,"comment_status":"open","ping_status":"closed","template":"","meta":{"site-sidebar-layout":"default","site-content-layout":"default","ast-site-content-layout":"default","site-content-style":"default","site-sidebar-style":"default","ast-global-header-display":"","ast-banner-title-visibility":"","ast-main-header-display":"","ast-hfb-above-header-display":"","ast-hfb-below-header-display":"","ast-hfb-mobile-header-display":"","site-post-title":"","ast-breadcrumbs-content":"","ast-featured-img":"","footer-sml-layout":"","ast-disable-related-posts":"","theme-transparent-header-meta":"","adv-header-id-meta":"","stick-header-meta":"","header-above-stick-meta":"","header-main-stick-meta":"","header-below-stick-meta":"","astra-migrate-meta-layouts":"default","ast-page-background-enabled":"default","ast-page-background-meta":{"desktop":{"background-color":"","background-image":"","background-repeat":"repeat","background-position":"center center","background-size":"auto","background-attachment":"scroll","background-type":"","background-media":"","overlay-type":"","overlay-color":"","overlay-opacity":"","overlay-gradient":""},"tablet":{"background-color":"","background-image":"","background-repeat":"repeat","background-position":"center center","background-size":"auto","background-attachment":"scroll","background-type":"","background-media":"","overlay-type":"","overlay-color":"","overlay-opacity":"","overlay-gradient":""},"mobile":{"background-color":"","background-image":"","background-repeat":"repeat","background-position":"center center","background-size":"auto","background-attachment":"scroll","background-type":"","background-media":"","overlay-type":"","overlay-color":"","overlay-opacity":"","overlay-gradient":""}},"ast-content-background-meta":{"desktop":{"background-color":"var(--ast-global-color-5)","background-image":"","background-repeat":"repeat","background-position":"center center","background-size":"auto","background-attachment":"scroll","background-type":"","background-media":"","overlay-type":"","overlay-color":"","overlay-opacity":"","overlay-gradient":""},"tablet":{"background-color":"var(--ast-global-color-5)","background-image":"","background-repeat":"repeat","background-position":"center center","background-size":"auto","background-attachment":"scroll","background-type":"","background-media":"","overlay-type":"","overlay-color":"","overlay-opacity":"","overlay-gradient":""},"mobile":{"background-color":"var(--ast-global-color-5)","background-image":"","background-repeat":"repeat","background-position":"center center","background-size":"auto","background-attachment":"scroll","background-type":"","background-media":"","overlay-type":"","overlay-color":"","overlay-opacity":"","overlay-gradient":""}},"_joinchat":[]},"product_brand":[],"product_cat":[42],"product_tag":[],"class_list":{"0":"post-4145","1":"product","2":"type-product","3":"status-publish","4":"has-post-thumbnail","6":"product_cat-dvd","7":"desktop-align-left","8":"tablet-align-left","9":"mobile-align-left","11":"first","12":"instock","13":"shipping-taxable","14":"purchasable","15":"product-type-simple"},"_links":{"self":[{"href":"https:\/\/cinemasoul.es\/index.php?rest_route=\/wp\/v2\/product\/4145","targetHints":{"allow":["GET"]}}],"collection":[{"href":"https:\/\/cinemasoul.es\/index.php?rest_route=\/wp\/v2\/product"}],"about":[{"href":"https:\/\/cinemasoul.es\/index.php?rest_route=\/wp\/v2\/types\/product"}],"replies":[{"embeddable":true,"href":"https:\/\/cinemasoul.es\/index.php?rest_route=%2Fwp%2Fv2%2Fcomments&post=4145"}],"version-history":[{"count":1,"href":"https:\/\/cinemasoul.es\/index.php?rest_route=\/wp\/v2\/product\/4145\/revisions"}],"predecessor-version":[{"id":4148,"href":"https:\/\/cinemasoul.es\/index.php?rest_route=\/wp\/v2\/product\/4145\/revisions\/4148"}],"wp:featuredmedia":[{"embeddable":true,"href":"https:\/\/cinemasoul.es\/index.php?rest_route=\/wp\/v2\/media\/4146"}],"wp:attachment":[{"href":"https:\/\/cinemasoul.es\/index.php?rest_route=%2Fwp%2Fv2%2Fmedia&parent=4145"}],"wp:term":[{"taxonomy":"product_brand","embeddable":true,"href":"https:\/\/cinemasoul.es\/index.php?rest_route=%2Fwp%2Fv2%2Fproduct_brand&post=4145"},{"taxonomy":"product_cat","embeddable":true,"href":"https:\/\/cinemasoul.es\/index.php?rest_route=%2Fwp%2Fv2%2Fproduct_cat&post=4145"},{"taxonomy":"product_tag","embeddable":true,"href":"https:\/\/cinemasoul.es\/index.php?rest_route=%2Fwp%2Fv2%2Fproduct_tag&post=4145"}],"curies":[{"name":"wp","href":"https:\/\/api.w.org\/{rel}","templated":true}]}}