{"id":4134,"date":"2022-02-01T10:38:16","date_gmt":"2022-02-01T10:38:16","guid":{"rendered":"https:\/\/www.cinemasoul.es\/?post_type=product&#038;p=4134"},"modified":"2022-02-01T10:38:17","modified_gmt":"2022-02-01T10:38:17","slug":"muslo-o-pechuga-dvd","status":"publish","type":"product","link":"https:\/\/cinemasoul.es\/?product=muslo-o-pechuga-dvd","title":{"rendered":"Muslo o pechuga [ DVD]"},"content":{"rendered":"<p>Christian Fechner presenta a Louis de Fun\u00e9s Coluche en L\u2019Aile ou la Cuyes\u00a0Una pel\u00edcula de Claude Zidi.\u00a0<strong>Gui\u00f3n y di\u00e1logos<\/strong> Claude Zidi.\u00a0Con la colaboraci\u00f3n de Miche Fabre.\u00a0<strong>M\u00fasica <\/strong>de Vladimir Cosma.\u00a0<strong>Director de fotograf\u00eda<\/strong> Claude Rendir.\u00a0<strong>Dise\u00f1o de producci\u00f3n<\/strong> Miche de Broin.\u00a0<strong>Editada <\/strong>por Robert y Dominique Isnardon.\u00a0<strong>Manager de producci\u00f3n<\/strong> Roger Morand.\u00a0<strong>Productor ejecutivo<\/strong> Pierre Grunstein.\u00a0<strong>Producida <\/strong>por Bernard Artigues.\u00a0<strong>Dirigida <\/strong>por Claude Zidi.<\/p>\n<p><strong>Bandas para subt\u00edtulos<\/strong>: Castellano, Ingl\u00e9s, Italiano, Holand\u00e9s.\u00a0<strong>Contenido sonoro<\/strong>: (2.0 Mono) Castellano, Franc\u00e9s, Italiano, Ingl\u00e9s.\u00a0<strong>Formato de pantalla<\/strong>: 2.35:1.\u00a0Anam\u00f3rfico mejorado.\u00a0<strong>Color<\/strong>.\u00a0<strong>Pal<\/strong>: 2,4.\u00a0<strong>Duraci\u00f3n<\/strong>: 101 Minutos aprox.\u00a0Autorizada para todos los p\u00fablicos.\u00a0<strong>Deposito legal<\/strong>: TF: 2322\/2009<\/p>\n<p>En esta c\u00e9lebre comedia, Louis de Funes interpreta a Charles Duchemin, el mejor cr\u00edtico culinario y jefe de la gu\u00eda gastron\u00f3mica que lleva su nombre.\u00a0Al comienzo del film, \u00e9l y su hijo (Coluche) est\u00e1n enfrentados, ya que su hijo prefiere trabajar como payaso de circo antes que aprenderlo todo sobre el negocio familiar. Aun as\u00ed, los dos unir\u00e1n sus fuerzas para enfrentarse a Tricatel, el rey de la comida preparada, que pretende hacerse con los mejores restaurantes de Francia y servir en ellos su ins\u00edpida comida a base de f\u00f3rmulas qu\u00edmicas.<\/p>\n<p><em>El actor franc\u00e9s Louis de Funes comenz\u00f3 su trabajo en el cine en 1945, e intervino en m\u00e1s de 100 filmes.\u00a0En los a\u00f1os 50 y 60 era el actor m\u00e1s popular de Francia. Trabaj\u00f3 con los mejores actores franceses de todos los tiempos, incluidos Jean Gabin, Fernandel, Bourvil, Coluche e Yves Montand.<\/em><\/p>\n","protected":false},"excerpt":{"rendered":"<p>Christian Fechner presenta a Louis de Fun\u00e9s Coluche en L\u2019Aile ou la Cuyes\u00a0Una pel\u00edcula de Claude Zidi.\u00a0Gui\u00f3n y di\u00e1logos Claude Zidi.\u00a0Con la colaboraci\u00f3n de Miche Fabre.\u00a0M\u00fasica de Vladimir Cosma.\u00a0Director de fotograf\u00eda Claude Rendir.\u00a0Dise\u00f1o de producci\u00f3n Miche de Broin.\u00a0Editada por Robert y Dominique Isnardon.\u00a0Manager de producci\u00f3n Roger Morand.\u00a0Productor ejecutivo Pierre Grunstein.\u00a0Producida por Bernard Artigues.\u00a0Dirigida por Claude [&hellip;]<\/p>\n","protected":false},"featured_media":4135,"comment_status":"open","ping_status":"closed","template":"","meta":{"site-sidebar-layout":"default","site-content-layout":"default","ast-site-content-layout":"default","site-content-style":"default","site-sidebar-style":"default","ast-global-header-display":"","ast-banner-title-visibility":"","ast-main-header-display":"","ast-hfb-above-header-display":"","ast-hfb-below-header-display":"","ast-hfb-mobile-header-display":"","site-post-title":"","ast-breadcrumbs-content":"","ast-featured-img":"","footer-sml-layout":"","ast-disable-related-posts":"","theme-transparent-header-meta":"","adv-header-id-meta":"","stick-header-meta":"","header-above-stick-meta":"","header-main-stick-meta":"","header-below-stick-meta":"","astra-migrate-meta-layouts":"default","ast-page-background-enabled":"default","ast-page-background-meta":{"desktop":{"background-color":"","background-image":"","background-repeat":"repeat","background-position":"center center","background-size":"auto","background-attachment":"scroll","background-type":"","background-media":"","overlay-type":"","overlay-color":"","overlay-opacity":"","overlay-gradient":""},"tablet":{"background-color":"","background-image":"","background-repeat":"repeat","background-position":"center center","background-size":"auto","background-attachment":"scroll","background-type":"","background-media":"","overlay-type":"","overlay-color":"","overlay-opacity":"","overlay-gradient":""},"mobile":{"background-color":"","background-image":"","background-repeat":"repeat","background-position":"center center","background-size":"auto","background-attachment":"scroll","background-type":"","background-media":"","overlay-type":"","overlay-color":"","overlay-opacity":"","overlay-gradient":""}},"ast-content-background-meta":{"desktop":{"background-color":"var(--ast-global-color-5)","background-image":"","background-repeat":"repeat","background-position":"center center","background-size":"auto","background-attachment":"scroll","background-type":"","background-media":"","overlay-type":"","overlay-color":"","overlay-opacity":"","overlay-gradient":""},"tablet":{"background-color":"var(--ast-global-color-5)","background-image":"","background-repeat":"repeat","background-position":"center center","background-size":"auto","background-attachment":"scroll","background-type":"","background-media":"","overlay-type":"","overlay-color":"","overlay-opacity":"","overlay-gradient":""},"mobile":{"background-color":"var(--ast-global-color-5)","background-image":"","background-repeat":"repeat","background-position":"center center","background-size":"auto","background-attachment":"scroll","background-type":"","background-media":"","overlay-type":"","overlay-color":"","overlay-opacity":"","overlay-gradient":""}},"_joinchat":[]},"product_brand":[],"product_cat":[42],"product_tag":[],"class_list":{"0":"post-4134","1":"product","2":"type-product","3":"status-publish","4":"has-post-thumbnail","6":"product_cat-dvd","7":"desktop-align-left","8":"tablet-align-left","9":"mobile-align-left","11":"first","12":"instock","13":"shipping-taxable","14":"purchasable","15":"product-type-simple"},"_links":{"self":[{"href":"https:\/\/cinemasoul.es\/index.php?rest_route=\/wp\/v2\/product\/4134","targetHints":{"allow":["GET"]}}],"collection":[{"href":"https:\/\/cinemasoul.es\/index.php?rest_route=\/wp\/v2\/product"}],"about":[{"href":"https:\/\/cinemasoul.es\/index.php?rest_route=\/wp\/v2\/types\/product"}],"replies":[{"embeddable":true,"href":"https:\/\/cinemasoul.es\/index.php?rest_route=%2Fwp%2Fv2%2Fcomments&post=4134"}],"version-history":[{"count":2,"href":"https:\/\/cinemasoul.es\/index.php?rest_route=\/wp\/v2\/product\/4134\/revisions"}],"predecessor-version":[{"id":4138,"href":"https:\/\/cinemasoul.es\/index.php?rest_route=\/wp\/v2\/product\/4134\/revisions\/4138"}],"wp:featuredmedia":[{"embeddable":true,"href":"https:\/\/cinemasoul.es\/index.php?rest_route=\/wp\/v2\/media\/4135"}],"wp:attachment":[{"href":"https:\/\/cinemasoul.es\/index.php?rest_route=%2Fwp%2Fv2%2Fmedia&parent=4134"}],"wp:term":[{"taxonomy":"product_brand","embeddable":true,"href":"https:\/\/cinemasoul.es\/index.php?rest_route=%2Fwp%2Fv2%2Fproduct_brand&post=4134"},{"taxonomy":"product_cat","embeddable":true,"href":"https:\/\/cinemasoul.es\/index.php?rest_route=%2Fwp%2Fv2%2Fproduct_cat&post=4134"},{"taxonomy":"product_tag","embeddable":true,"href":"https:\/\/cinemasoul.es\/index.php?rest_route=%2Fwp%2Fv2%2Fproduct_tag&post=4134"}],"curies":[{"name":"wp","href":"https:\/\/api.w.org\/{rel}","templated":true}]}}