{"id":4127,"date":"2022-01-31T18:49:00","date_gmt":"2022-01-31T18:49:00","guid":{"rendered":"https:\/\/www.cinemasoul.es\/?post_type=product&#038;p=4127"},"modified":"2022-01-31T19:22:22","modified_gmt":"2022-01-31T19:22:22","slug":"caidos-sobre-un-arbol-dvd","status":"publish","type":"product","link":"https:\/\/cinemasoul.es\/?product=caidos-sobre-un-arbol-dvd","title":{"rendered":"Ca\u00eddos sobre un \u00e1rbol [DVD]"},"content":{"rendered":"<p>Con\u00a0Louis de Fun\u00e8s, Geraldine Chaplin, Olivier de Fun\u00e8s, Alice Sapritch, Paul Preboist, Roland Armontel, Pierre Richard <strong>Director\u00a0<\/strong>Serge Korber <strong>Gui\u00f3n <\/strong>de\u00a0Pierre Roustang <strong>Adaptaci\u00f3n\u00a0<\/strong>Jean Halain <strong>y<\/strong> Serge Korber.\u00a0<strong>Di\u00e1logos <\/strong>de\u00a0Jean Halain <strong>Editor\u00a0<\/strong>Marie-Claire Korber <strong>Escenograf\u00eda\u00a0<\/strong>Rino Mondellini <strong>Fotograf\u00eda\u00a0<\/strong>Edmond S\u00e9chan <strong>M\u00fasica\u00a0<\/strong>Alain Goraguer (Chappel Aznavour editions) <strong>Productor Asociado\u00a0<\/strong>Maurice Jacquin <strong>Productor Ejecutivo\u00a0<\/strong>Ralph Baum <strong>Una coproducci\u00f3n <\/strong>de\u00a0A Lira Films \u2013 Soci\u00e9t\u00e9 Nouvelle de Cin\u00e9matographie \u2013 Comacico Paris. Perche don a tree \u00a9 1971 Studio Canal \u2013 Pegaso S.R.L. Todos los derechos reservados.\u00a0<strong>Dep\u00f3sito legal<\/strong>: TF: 2.324-2009. Autorizada para todos los p\u00fablicos.\u00a0 <strong>Bandas para subt\u00edtulos<\/strong>: Castellano.\u00a0<strong>Contenido sonoro <\/strong>(2.0 Mono): Castellano, Franc\u00e9s.\u00a0<strong>Formato de pantalla<\/strong>: 1.66:1.\u00a0<strong>Color<\/strong>.\u00a0<strong>Duraci\u00f3n<\/strong>: 87 Minutos aprox.<\/p>\n<p>Volviendo de Italia, Henri Roubier recoge a una elegante autoestopista, y tambi\u00e9n a un joven. Tras un brusco giro, el coche y sus pasajeros acaban sobre la copa de un pino que hay en un acantilado. Atrapados entre el mar y el cielo, su situaci\u00f3n es inc\u00f3moda cuanto menos\u2026<\/p>\n","protected":false},"excerpt":{"rendered":"<p>Con\u00a0Louis de Fun\u00e8s, Geraldine Chaplin, Olivier de Fun\u00e8s, Alice Sapritch, Paul Preboist, Roland Armontel, Pierre Richard Director\u00a0Serge Korber Gui\u00f3n de\u00a0Pierre Roustang Adaptaci\u00f3n\u00a0Jean Halain y Serge Korber.\u00a0Di\u00e1logos de\u00a0Jean Halain Editor\u00a0Marie-Claire Korber Escenograf\u00eda\u00a0Rino Mondellini Fotograf\u00eda\u00a0Edmond S\u00e9chan M\u00fasica\u00a0Alain Goraguer (Chappel Aznavour editions) Productor Asociado\u00a0Maurice Jacquin Productor Ejecutivo\u00a0Ralph Baum Una coproducci\u00f3n de\u00a0A Lira Films \u2013 Soci\u00e9t\u00e9 Nouvelle de Cin\u00e9matographie [&hellip;]<\/p>\n","protected":false},"featured_media":4128,"comment_status":"open","ping_status":"closed","template":"","meta":{"site-sidebar-layout":"default","site-content-layout":"default","ast-site-content-layout":"default","site-content-style":"default","site-sidebar-style":"default","ast-global-header-display":"","ast-banner-title-visibility":"","ast-main-header-display":"","ast-hfb-above-header-display":"","ast-hfb-below-header-display":"","ast-hfb-mobile-header-display":"","site-post-title":"","ast-breadcrumbs-content":"","ast-featured-img":"","footer-sml-layout":"","ast-disable-related-posts":"","theme-transparent-header-meta":"","adv-header-id-meta":"","stick-header-meta":"","header-above-stick-meta":"","header-main-stick-meta":"","header-below-stick-meta":"","astra-migrate-meta-layouts":"default","ast-page-background-enabled":"default","ast-page-background-meta":{"desktop":{"background-color":"","background-image":"","background-repeat":"repeat","background-position":"center center","background-size":"auto","background-attachment":"scroll","background-type":"","background-media":"","overlay-type":"","overlay-color":"","overlay-opacity":"","overlay-gradient":""},"tablet":{"background-color":"","background-image":"","background-repeat":"repeat","background-position":"center center","background-size":"auto","background-attachment":"scroll","background-type":"","background-media":"","overlay-type":"","overlay-color":"","overlay-opacity":"","overlay-gradient":""},"mobile":{"background-color":"","background-image":"","background-repeat":"repeat","background-position":"center center","background-size":"auto","background-attachment":"scroll","background-type":"","background-media":"","overlay-type":"","overlay-color":"","overlay-opacity":"","overlay-gradient":""}},"ast-content-background-meta":{"desktop":{"background-color":"var(--ast-global-color-5)","background-image":"","background-repeat":"repeat","background-position":"center center","background-size":"auto","background-attachment":"scroll","background-type":"","background-media":"","overlay-type":"","overlay-color":"","overlay-opacity":"","overlay-gradient":""},"tablet":{"background-color":"var(--ast-global-color-5)","background-image":"","background-repeat":"repeat","background-position":"center center","background-size":"auto","background-attachment":"scroll","background-type":"","background-media":"","overlay-type":"","overlay-color":"","overlay-opacity":"","overlay-gradient":""},"mobile":{"background-color":"var(--ast-global-color-5)","background-image":"","background-repeat":"repeat","background-position":"center center","background-size":"auto","background-attachment":"scroll","background-type":"","background-media":"","overlay-type":"","overlay-color":"","overlay-opacity":"","overlay-gradient":""}},"_joinchat":[]},"product_brand":[],"product_cat":[42],"product_tag":[],"class_list":{"0":"post-4127","1":"product","2":"type-product","3":"status-publish","4":"has-post-thumbnail","6":"product_cat-dvd","7":"desktop-align-left","8":"tablet-align-left","9":"mobile-align-left","11":"first","12":"instock","13":"shipping-taxable","14":"purchasable","15":"product-type-simple"},"_links":{"self":[{"href":"https:\/\/cinemasoul.es\/index.php?rest_route=\/wp\/v2\/product\/4127","targetHints":{"allow":["GET"]}}],"collection":[{"href":"https:\/\/cinemasoul.es\/index.php?rest_route=\/wp\/v2\/product"}],"about":[{"href":"https:\/\/cinemasoul.es\/index.php?rest_route=\/wp\/v2\/types\/product"}],"replies":[{"embeddable":true,"href":"https:\/\/cinemasoul.es\/index.php?rest_route=%2Fwp%2Fv2%2Fcomments&post=4127"}],"version-history":[{"count":3,"href":"https:\/\/cinemasoul.es\/index.php?rest_route=\/wp\/v2\/product\/4127\/revisions"}],"predecessor-version":[{"id":4133,"href":"https:\/\/cinemasoul.es\/index.php?rest_route=\/wp\/v2\/product\/4127\/revisions\/4133"}],"wp:featuredmedia":[{"embeddable":true,"href":"https:\/\/cinemasoul.es\/index.php?rest_route=\/wp\/v2\/media\/4128"}],"wp:attachment":[{"href":"https:\/\/cinemasoul.es\/index.php?rest_route=%2Fwp%2Fv2%2Fmedia&parent=4127"}],"wp:term":[{"taxonomy":"product_brand","embeddable":true,"href":"https:\/\/cinemasoul.es\/index.php?rest_route=%2Fwp%2Fv2%2Fproduct_brand&post=4127"},{"taxonomy":"product_cat","embeddable":true,"href":"https:\/\/cinemasoul.es\/index.php?rest_route=%2Fwp%2Fv2%2Fproduct_cat&post=4127"},{"taxonomy":"product_tag","embeddable":true,"href":"https:\/\/cinemasoul.es\/index.php?rest_route=%2Fwp%2Fv2%2Fproduct_tag&post=4127"}],"curies":[{"name":"wp","href":"https:\/\/api.w.org\/{rel}","templated":true}]}}