{"id":4121,"date":"2022-01-31T18:35:14","date_gmt":"2022-01-31T18:35:14","guid":{"rendered":"https:\/\/www.cinemasoul.es\/?post_type=product&#038;p=4121"},"modified":"2022-01-31T18:35:14","modified_gmt":"2022-01-31T18:35:14","slug":"salvese-quien-pueda-dvd","status":"publish","type":"product","link":"https:\/\/cinemasoul.es\/?product=salvese-quien-pueda-dvd","title":{"rendered":"S\u00e1lvese quien pueda [DVD]"},"content":{"rendered":"<p>Con\u00a0LOUIS DE FUN\u00c8S, ROBERT DH\u00c8RY, ANDREA PARISY , FRANCO FABRIZI, JACQUES LEGRAS, MICHEL GALABRU, COLETTE BROSSET.\u00a0<strong>Una pel\u00edcula interpretada y dirigida por\u00a0<\/strong>ROBERT DH\u00c8RY.\u00a0<strong>M\u00fasica de\u00a0<\/strong>G\u00c9RARD CALVI.\u00a0<strong>Fotograf\u00eda de\u00a0<\/strong>JEAN TOURNIER.\u00a0<strong>Productores asociados\u00a0<\/strong>MAURICE JACQUIN, BERTRAND JAVAL.\u00a0<strong>Producida por\u00a0<\/strong>ROBERT DORFFMANN. THE BOUNCING BEAUTY \u00a9 1967 Studio Canal\/Fono Roma. Todos los derechos reservados.\u00a0<strong>Dep\u00f3sito legal<\/strong>: TF: 2.323-2009. Autorizada para todos los p\u00fablicos.<\/p>\n<p><strong>Bandas para subt\u00edtulos<\/strong>: Castellano.\u00a0<strong>Contenido sonoro: <\/strong>(2.0 Mono): Castellano, Franc\u00e9s.\u00a0<strong>Formato de pantalla<\/strong>: 2.35:1.\u00a0<strong>Color<\/strong>.\u00a0<strong>Duraci\u00f3n<\/strong>: 92 Minutos aprox.<\/p>\n<p>Louis-Philippe Fourchaume, otro t\u00edpico papel protagonista de la s\u00faper estrella francesa Louis de Fun\u00e8s, es el dictatorial presidente de una compa\u00f1\u00eda francesa que dise\u00f1a y produce yates, que en una de sus rabietas despide al dise\u00f1ador Andr\u00e9 Castagnier, sin darse cuenta de que es la persona clave para lograr un contrato vital con el magnate italiano Marcello Cacciaperotti. As\u00ed que deber\u00e1 ir a buscarlo a su lugar de nacimiento en la Francia profunda, en una tediosa odisea para el atildado ricach\u00f3n. Cuando llega all\u00ed la tortura no ha terminado: el paleto no quiere volver a su trabajo, y Fourchaume se ve abocado al aburrimiento de la vida familiar, donde es a veces incapaz de controlar su mal humor, lo que pagar\u00e1 muy caro\u2026<\/p>\n<p><em>El actor franc\u00e9s Louis de Fun\u00e8s comenz\u00f3 su trabajo en el cine en 1945, e intervino en m\u00e1s de 100 filmes. En los a\u00f1os 50 y 60 era el actor m\u00e1s popular de Francia. Trabaj\u00f3 con los mejores actores franceses de todos los tiempos, incluidos Jean Marais, Jean Gabin, Fernandel, Bourvil, Coluche e Yves Montand.<\/em><\/p>\n","protected":false},"excerpt":{"rendered":"<p>Con\u00a0LOUIS DE FUN\u00c8S, ROBERT DH\u00c8RY, ANDREA PARISY , FRANCO FABRIZI, JACQUES LEGRAS, MICHEL GALABRU, COLETTE BROSSET.\u00a0Una pel\u00edcula interpretada y dirigida por\u00a0ROBERT DH\u00c8RY.\u00a0M\u00fasica de\u00a0G\u00c9RARD CALVI.\u00a0Fotograf\u00eda de\u00a0JEAN TOURNIER.\u00a0Productores asociados\u00a0MAURICE JACQUIN, BERTRAND JAVAL.\u00a0Producida por\u00a0ROBERT DORFFMANN. THE BOUNCING BEAUTY \u00a9 1967 Studio Canal\/Fono Roma. Todos los derechos reservados.\u00a0Dep\u00f3sito legal: TF: 2.323-2009. Autorizada para todos los p\u00fablicos. Bandas para subt\u00edtulos: [&hellip;]<\/p>\n","protected":false},"featured_media":4124,"comment_status":"open","ping_status":"closed","template":"","meta":{"site-sidebar-layout":"default","site-content-layout":"default","ast-site-content-layout":"default","site-content-style":"default","site-sidebar-style":"default","ast-global-header-display":"","ast-banner-title-visibility":"","ast-main-header-display":"","ast-hfb-above-header-display":"","ast-hfb-below-header-display":"","ast-hfb-mobile-header-display":"","site-post-title":"","ast-breadcrumbs-content":"","ast-featured-img":"","footer-sml-layout":"","ast-disable-related-posts":"","theme-transparent-header-meta":"","adv-header-id-meta":"","stick-header-meta":"","header-above-stick-meta":"","header-main-stick-meta":"","header-below-stick-meta":"","astra-migrate-meta-layouts":"default","ast-page-background-enabled":"default","ast-page-background-meta":{"desktop":{"background-color":"","background-image":"","background-repeat":"repeat","background-position":"center center","background-size":"auto","background-attachment":"scroll","background-type":"","background-media":"","overlay-type":"","overlay-color":"","overlay-opacity":"","overlay-gradient":""},"tablet":{"background-color":"","background-image":"","background-repeat":"repeat","background-position":"center center","background-size":"auto","background-attachment":"scroll","background-type":"","background-media":"","overlay-type":"","overlay-color":"","overlay-opacity":"","overlay-gradient":""},"mobile":{"background-color":"","background-image":"","background-repeat":"repeat","background-position":"center center","background-size":"auto","background-attachment":"scroll","background-type":"","background-media":"","overlay-type":"","overlay-color":"","overlay-opacity":"","overlay-gradient":""}},"ast-content-background-meta":{"desktop":{"background-color":"var(--ast-global-color-5)","background-image":"","background-repeat":"repeat","background-position":"center center","background-size":"auto","background-attachment":"scroll","background-type":"","background-media":"","overlay-type":"","overlay-color":"","overlay-opacity":"","overlay-gradient":""},"tablet":{"background-color":"var(--ast-global-color-5)","background-image":"","background-repeat":"repeat","background-position":"center center","background-size":"auto","background-attachment":"scroll","background-type":"","background-media":"","overlay-type":"","overlay-color":"","overlay-opacity":"","overlay-gradient":""},"mobile":{"background-color":"var(--ast-global-color-5)","background-image":"","background-repeat":"repeat","background-position":"center center","background-size":"auto","background-attachment":"scroll","background-type":"","background-media":"","overlay-type":"","overlay-color":"","overlay-opacity":"","overlay-gradient":""}},"_joinchat":[]},"product_brand":[],"product_cat":[15,42],"product_tag":[],"class_list":{"0":"post-4121","1":"product","2":"type-product","3":"status-publish","4":"has-post-thumbnail","6":"product_cat-sin-categorizar","7":"product_cat-dvd","8":"desktop-align-left","9":"tablet-align-left","10":"mobile-align-left","12":"first","13":"instock","14":"shipping-taxable","15":"purchasable","16":"product-type-simple"},"_links":{"self":[{"href":"https:\/\/cinemasoul.es\/index.php?rest_route=\/wp\/v2\/product\/4121","targetHints":{"allow":["GET"]}}],"collection":[{"href":"https:\/\/cinemasoul.es\/index.php?rest_route=\/wp\/v2\/product"}],"about":[{"href":"https:\/\/cinemasoul.es\/index.php?rest_route=\/wp\/v2\/types\/product"}],"replies":[{"embeddable":true,"href":"https:\/\/cinemasoul.es\/index.php?rest_route=%2Fwp%2Fv2%2Fcomments&post=4121"}],"version-history":[{"count":2,"href":"https:\/\/cinemasoul.es\/index.php?rest_route=\/wp\/v2\/product\/4121\/revisions"}],"predecessor-version":[{"id":4126,"href":"https:\/\/cinemasoul.es\/index.php?rest_route=\/wp\/v2\/product\/4121\/revisions\/4126"}],"wp:featuredmedia":[{"embeddable":true,"href":"https:\/\/cinemasoul.es\/index.php?rest_route=\/wp\/v2\/media\/4124"}],"wp:attachment":[{"href":"https:\/\/cinemasoul.es\/index.php?rest_route=%2Fwp%2Fv2%2Fmedia&parent=4121"}],"wp:term":[{"taxonomy":"product_brand","embeddable":true,"href":"https:\/\/cinemasoul.es\/index.php?rest_route=%2Fwp%2Fv2%2Fproduct_brand&post=4121"},{"taxonomy":"product_cat","embeddable":true,"href":"https:\/\/cinemasoul.es\/index.php?rest_route=%2Fwp%2Fv2%2Fproduct_cat&post=4121"},{"taxonomy":"product_tag","embeddable":true,"href":"https:\/\/cinemasoul.es\/index.php?rest_route=%2Fwp%2Fv2%2Fproduct_tag&post=4121"}],"curies":[{"name":"wp","href":"https:\/\/api.w.org\/{rel}","templated":true}]}}