{"id":4109,"date":"2022-01-31T18:13:40","date_gmt":"2022-01-31T18:13:40","guid":{"rendered":"https:\/\/www.cinemasoul.es\/?post_type=product&#038;p=4109"},"modified":"2022-01-31T18:20:49","modified_gmt":"2022-01-31T18:20:49","slug":"la-esfinge-dvd","status":"publish","type":"product","link":"https:\/\/cinemasoul.es\/?product=la-esfinge-dvd","title":{"rendered":"La esfinge [DVD]"},"content":{"rendered":"<p>UNA PRODUCCI\u00d3N DE CHAFFNER-O\u2019TOOLE UNA <strong>PEL\u00cdCULA<\/strong> DE FRANKLIN J. SCHAFFNER LESLEY-ANNE DOWN FRANK LANGELLA \u201cLA ESFINGE\u201d (SPHINX).\u00a0<strong>COPROTAGONIZADA<\/strong> POR MAURICE RONET JOHN GIELGUD <strong>M\u00daSICA<\/strong> COMPUESTA Y DIRIGIDA POR MICHAEL J. LEWIS <strong>PRODUCIDA<\/strong> POR STANLEY O\u2019TOOLE <strong>GUI\u00d3N<\/strong> DE JOHN BYRUM BASADA EN LA <strong>NOVELA<\/strong> DE ROBIN COOK <strong>DIRIGIDA<\/strong> POR FRANKLIN J. SCHAFFNER UNA PEL\u00cdCULA DE ORION\u00ae.<\/p>\n<p><strong>DURACI\u00d3N<\/strong>: 114 MIN. APROX.\u00a0<strong>A\u00d1O<\/strong>: 1980.\u00a0<strong>G\u00c9NER<\/strong><strong>O<\/strong>: TERROR \u2013 MISTERIO.\u00a0<strong>FORMATO<\/strong>: 4X3 2:35.\u00a0<strong>COLOR<\/strong>: COLOR.\u00a0<strong>NACIONALIDAD<\/strong>: ESTADOS UNIDOS.\u00a0<strong>IDIOMAS<\/strong>: CASTELLANO E INGL\u00c9S CON SUBT\u00cdTULOS EN CASTELLANO.\u00a0<strong>DEP\u00d3SITO LEGAL<\/strong>:\u00a0 TF: 563-2011.\u00a0<strong>N\u00ba DE EXPEDIENTE<\/strong>: 120.996.\u00a0<strong>CLASIFICACI\u00d3N<\/strong>: NO RECOMENDADA PARA MENORES DE 12 A\u00d1OS.<\/p>\n<p><em>\u00bfQui\u00e9n se atreve a abrir el sello\u2026 y vivir para contarlo?<\/em> Lesley-Anne Down (<em>Arriba y abajo<\/em>), Frank Langella (<em>Dr\u00e1cula<\/em>) y John Gielgud (<em>Arthur, el soltero de oro<\/em>) protagonizan esta <em>thriller<\/em> ocultista basado en el <em>best seller<\/em> de Robin Cook (<em>Coma<\/em>). Dirigida por el ganador del Oscar\u00ae Franklin J. Schaffner (<em>Patton<\/em>), <em>La Esfinge<\/em> est\u00e1 repleta de peligros y brilla con la luz de los tesoros del antiguo Egipto.\u00a0Una joven antrop\u00f3loga (Down), sigue una pista que la conducir\u00e1 hasta una olvidada tumba real. No se detendr\u00e1 ante nada para encontrarla, ni se parar\u00e1 a pensar en la idea de que el descubrimiento del \u00faltimo tesoro escondido de Egipto puede acarrear una maldici\u00f3n.\u00a0En este marco de maldiciones profetizadas, se desarrolla la historia que plantea una pregunta real: \u00bfExiste una maldici\u00f3n de la momia? \u201cS\u00ed\u201d, responden los creyentes, refiri\u00e9ndose a las 21 muertes relacionadas con el descubrimiento de la tumba de Tutankam\u00f3n. Especialmente llamativa fue la muerte de Lord Carnarvon, uno de los descubridores de dicha tumba. Al ver que Carnavon bromeaba al ir a abrir los sellos de entrada, un funcionario egipcio dijo: \u201cSi baja ah\u00ed con esa actitud, le doy seis semanas de vida\u201d. \u00a1Y exactamente seis semanas despu\u00e9s muri\u00f3!<\/p>\n","protected":false},"excerpt":{"rendered":"<p>UNA PRODUCCI\u00d3N DE CHAFFNER-O\u2019TOOLE UNA PEL\u00cdCULA DE FRANKLIN J. SCHAFFNER LESLEY-ANNE DOWN FRANK LANGELLA \u201cLA ESFINGE\u201d (SPHINX).\u00a0COPROTAGONIZADA POR MAURICE RONET JOHN GIELGUD M\u00daSICA COMPUESTA Y DIRIGIDA POR MICHAEL J. LEWIS PRODUCIDA POR STANLEY O\u2019TOOLE GUI\u00d3N DE JOHN BYRUM BASADA EN LA NOVELA DE ROBIN COOK DIRIGIDA POR FRANKLIN J. SCHAFFNER UNA PEL\u00cdCULA DE ORION\u00ae. DURACI\u00d3N: [&hellip;]<\/p>\n","protected":false},"featured_media":4111,"comment_status":"open","ping_status":"closed","template":"","meta":{"site-sidebar-layout":"default","site-content-layout":"default","ast-site-content-layout":"default","site-content-style":"default","site-sidebar-style":"default","ast-global-header-display":"","ast-banner-title-visibility":"","ast-main-header-display":"","ast-hfb-above-header-display":"","ast-hfb-below-header-display":"","ast-hfb-mobile-header-display":"","site-post-title":"","ast-breadcrumbs-content":"","ast-featured-img":"","footer-sml-layout":"","ast-disable-related-posts":"","theme-transparent-header-meta":"","adv-header-id-meta":"","stick-header-meta":"","header-above-stick-meta":"","header-main-stick-meta":"","header-below-stick-meta":"","astra-migrate-meta-layouts":"default","ast-page-background-enabled":"default","ast-page-background-meta":{"desktop":{"background-color":"","background-image":"","background-repeat":"repeat","background-position":"center center","background-size":"auto","background-attachment":"scroll","background-type":"","background-media":"","overlay-type":"","overlay-color":"","overlay-opacity":"","overlay-gradient":""},"tablet":{"background-color":"","background-image":"","background-repeat":"repeat","background-position":"center center","background-size":"auto","background-attachment":"scroll","background-type":"","background-media":"","overlay-type":"","overlay-color":"","overlay-opacity":"","overlay-gradient":""},"mobile":{"background-color":"","background-image":"","background-repeat":"repeat","background-position":"center center","background-size":"auto","background-attachment":"scroll","background-type":"","background-media":"","overlay-type":"","overlay-color":"","overlay-opacity":"","overlay-gradient":""}},"ast-content-background-meta":{"desktop":{"background-color":"var(--ast-global-color-5)","background-image":"","background-repeat":"repeat","background-position":"center center","background-size":"auto","background-attachment":"scroll","background-type":"","background-media":"","overlay-type":"","overlay-color":"","overlay-opacity":"","overlay-gradient":""},"tablet":{"background-color":"var(--ast-global-color-5)","background-image":"","background-repeat":"repeat","background-position":"center center","background-size":"auto","background-attachment":"scroll","background-type":"","background-media":"","overlay-type":"","overlay-color":"","overlay-opacity":"","overlay-gradient":""},"mobile":{"background-color":"var(--ast-global-color-5)","background-image":"","background-repeat":"repeat","background-position":"center center","background-size":"auto","background-attachment":"scroll","background-type":"","background-media":"","overlay-type":"","overlay-color":"","overlay-opacity":"","overlay-gradient":""}},"_joinchat":[]},"product_brand":[],"product_cat":[42],"product_tag":[],"class_list":{"0":"post-4109","1":"product","2":"type-product","3":"status-publish","4":"has-post-thumbnail","6":"product_cat-dvd","7":"desktop-align-left","8":"tablet-align-left","9":"mobile-align-left","11":"first","12":"instock","13":"shipping-taxable","14":"purchasable","15":"product-type-simple"},"_links":{"self":[{"href":"https:\/\/cinemasoul.es\/index.php?rest_route=\/wp\/v2\/product\/4109","targetHints":{"allow":["GET"]}}],"collection":[{"href":"https:\/\/cinemasoul.es\/index.php?rest_route=\/wp\/v2\/product"}],"about":[{"href":"https:\/\/cinemasoul.es\/index.php?rest_route=\/wp\/v2\/types\/product"}],"replies":[{"embeddable":true,"href":"https:\/\/cinemasoul.es\/index.php?rest_route=%2Fwp%2Fv2%2Fcomments&post=4109"}],"version-history":[{"count":1,"href":"https:\/\/cinemasoul.es\/index.php?rest_route=\/wp\/v2\/product\/4109\/revisions"}],"predecessor-version":[{"id":4113,"href":"https:\/\/cinemasoul.es\/index.php?rest_route=\/wp\/v2\/product\/4109\/revisions\/4113"}],"wp:featuredmedia":[{"embeddable":true,"href":"https:\/\/cinemasoul.es\/index.php?rest_route=\/wp\/v2\/media\/4111"}],"wp:attachment":[{"href":"https:\/\/cinemasoul.es\/index.php?rest_route=%2Fwp%2Fv2%2Fmedia&parent=4109"}],"wp:term":[{"taxonomy":"product_brand","embeddable":true,"href":"https:\/\/cinemasoul.es\/index.php?rest_route=%2Fwp%2Fv2%2Fproduct_brand&post=4109"},{"taxonomy":"product_cat","embeddable":true,"href":"https:\/\/cinemasoul.es\/index.php?rest_route=%2Fwp%2Fv2%2Fproduct_cat&post=4109"},{"taxonomy":"product_tag","embeddable":true,"href":"https:\/\/cinemasoul.es\/index.php?rest_route=%2Fwp%2Fv2%2Fproduct_tag&post=4109"}],"curies":[{"name":"wp","href":"https:\/\/api.w.org\/{rel}","templated":true}]}}