{"id":4100,"date":"2022-01-31T17:24:45","date_gmt":"2022-01-31T17:24:45","guid":{"rendered":"https:\/\/www.cinemasoul.es\/?post_type=product&#038;p=4100"},"modified":"2022-06-10T11:54:31","modified_gmt":"2022-06-10T11:54:31","slug":"el-bazar-de-las-sorpresas-dvd","status":"publish","type":"product","link":"https:\/\/cinemasoul.es\/?product=el-bazar-de-las-sorpresas-dvd","title":{"rendered":"El bazar de las sorpresas [DVD]"},"content":{"rendered":"","protected":false},"excerpt":{"rendered":"<p>Margaret Sullavan, James Stewart en la<strong> producci\u00f3n <\/strong>de Ernst Lubitsch \u201cEl Bazar de las Sorpresas\u201d <strong>con<\/strong> Frank Morgan, Joseph Schildkraut\u00a0<strong>Gui\u00f3n <\/strong>de Samson Raphaelson\u00a0Un <strong>filme <\/strong>de Metro Goldwyn Mayer\u00a0<strong>Producido <\/strong>y<strong> Dirigido <\/strong>por Ernst Lubitsch\u00a0<strong>Idiomas<\/strong>: Castellano e Ingl\u00e9s\u00a0<strong>Subt\u00edtulos<\/strong>: Castellano. <strong>A\u00f1o<\/strong>: 1940\u00a0<strong>G\u00e9nero<\/strong>: Drama\u00a0<strong>Nacionalidad<\/strong>: Estados Unidos. Blanco y Negro. <strong>Formato de pantalla<\/strong>: 4\/3 (1.33:1) Para \u00e1mbito dom\u00e9stico\u00a0<strong>Certificado de calificaci\u00f3n<\/strong> N\u00ba 51.171 Apta para todos los p\u00fablicos\u00a0<strong>Dep\u00f3sito legal<\/strong>: TF: 1581-2008\u00a0<strong>Duraci\u00f3n<\/strong>: 94 Minutos aprox.<\/p>\n<p>\u201c<strong>Cercana a la perfecci\u00f3n. Una de las actuaciones m\u00e1s bonitas y una de las mejores mezclas de comedia rom\u00e1ntica nunca antes hecha<\/strong>.\u201d<em> \u2013 Pauline Kael.<\/em><\/p>\n<p>Alfred y Klara son dos empleados de la tienda de la esquina que no se llevan demasiado bien. Tanto Alfred como Klara, mantienen una relaci\u00f3n por correspondencia con un desconocido al que llaman \u201cquerido amigo\u201d; alguien en qui\u00e9n conf\u00edan, respetan y aman. El espectador es testigo de que ambos son sus \u201cqueridos amigos\u201d pero \u00bfCu\u00e1nto tiempo tardar\u00e1n ellos en darse cuenta? El Bazar de las Sorpresas, la tercera de las cuatro pel\u00edculas que Margaret Sullavan y James Steward realizaron juntos, est\u00e1 dirigida por Ernst Lubitsch y ha sido actualizada por Tom Hanks y Meg Ryan en Tienes un e-mail; una versi\u00f3n m\u00e1s electr\u00f3nica.<\/p>\n","protected":false},"featured_media":4101,"comment_status":"open","ping_status":"closed","template":"","meta":{"site-sidebar-layout":"default","site-content-layout":"default","ast-site-content-layout":"default","site-content-style":"default","site-sidebar-style":"default","ast-global-header-display":"","ast-banner-title-visibility":"","ast-main-header-display":"","ast-hfb-above-header-display":"","ast-hfb-below-header-display":"","ast-hfb-mobile-header-display":"","site-post-title":"","ast-breadcrumbs-content":"","ast-featured-img":"","footer-sml-layout":"","ast-disable-related-posts":"","theme-transparent-header-meta":"","adv-header-id-meta":"","stick-header-meta":"","header-above-stick-meta":"","header-main-stick-meta":"","header-below-stick-meta":"","astra-migrate-meta-layouts":"default","ast-page-background-enabled":"default","ast-page-background-meta":{"desktop":{"background-color":"","background-image":"","background-repeat":"repeat","background-position":"center center","background-size":"auto","background-attachment":"scroll","background-type":"","background-media":"","overlay-type":"","overlay-color":"","overlay-opacity":"","overlay-gradient":""},"tablet":{"background-color":"","background-image":"","background-repeat":"repeat","background-position":"center center","background-size":"auto","background-attachment":"scroll","background-type":"","background-media":"","overlay-type":"","overlay-color":"","overlay-opacity":"","overlay-gradient":""},"mobile":{"background-color":"","background-image":"","background-repeat":"repeat","background-position":"center center","background-size":"auto","background-attachment":"scroll","background-type":"","background-media":"","overlay-type":"","overlay-color":"","overlay-opacity":"","overlay-gradient":""}},"ast-content-background-meta":{"desktop":{"background-color":"var(--ast-global-color-5)","background-image":"","background-repeat":"repeat","background-position":"center center","background-size":"auto","background-attachment":"scroll","background-type":"","background-media":"","overlay-type":"","overlay-color":"","overlay-opacity":"","overlay-gradient":""},"tablet":{"background-color":"var(--ast-global-color-5)","background-image":"","background-repeat":"repeat","background-position":"center center","background-size":"auto","background-attachment":"scroll","background-type":"","background-media":"","overlay-type":"","overlay-color":"","overlay-opacity":"","overlay-gradient":""},"mobile":{"background-color":"var(--ast-global-color-5)","background-image":"","background-repeat":"repeat","background-position":"center center","background-size":"auto","background-attachment":"scroll","background-type":"","background-media":"","overlay-type":"","overlay-color":"","overlay-opacity":"","overlay-gradient":""}},"_joinchat":[]},"product_brand":[],"product_cat":[42],"product_tag":[],"class_list":{"0":"post-4100","1":"product","2":"type-product","3":"status-publish","4":"has-post-thumbnail","6":"product_cat-dvd","7":"desktop-align-left","8":"tablet-align-left","9":"mobile-align-left","11":"first","12":"instock","13":"shipping-taxable","14":"purchasable","15":"product-type-simple"},"_links":{"self":[{"href":"https:\/\/cinemasoul.es\/index.php?rest_route=\/wp\/v2\/product\/4100","targetHints":{"allow":["GET"]}}],"collection":[{"href":"https:\/\/cinemasoul.es\/index.php?rest_route=\/wp\/v2\/product"}],"about":[{"href":"https:\/\/cinemasoul.es\/index.php?rest_route=\/wp\/v2\/types\/product"}],"replies":[{"embeddable":true,"href":"https:\/\/cinemasoul.es\/index.php?rest_route=%2Fwp%2Fv2%2Fcomments&post=4100"}],"version-history":[{"count":3,"href":"https:\/\/cinemasoul.es\/index.php?rest_route=\/wp\/v2\/product\/4100\/revisions"}],"predecessor-version":[{"id":5032,"href":"https:\/\/cinemasoul.es\/index.php?rest_route=\/wp\/v2\/product\/4100\/revisions\/5032"}],"wp:featuredmedia":[{"embeddable":true,"href":"https:\/\/cinemasoul.es\/index.php?rest_route=\/wp\/v2\/media\/4101"}],"wp:attachment":[{"href":"https:\/\/cinemasoul.es\/index.php?rest_route=%2Fwp%2Fv2%2Fmedia&parent=4100"}],"wp:term":[{"taxonomy":"product_brand","embeddable":true,"href":"https:\/\/cinemasoul.es\/index.php?rest_route=%2Fwp%2Fv2%2Fproduct_brand&post=4100"},{"taxonomy":"product_cat","embeddable":true,"href":"https:\/\/cinemasoul.es\/index.php?rest_route=%2Fwp%2Fv2%2Fproduct_cat&post=4100"},{"taxonomy":"product_tag","embeddable":true,"href":"https:\/\/cinemasoul.es\/index.php?rest_route=%2Fwp%2Fv2%2Fproduct_tag&post=4100"}],"curies":[{"name":"wp","href":"https:\/\/api.w.org\/{rel}","templated":true}]}}