{"id":4071,"date":"2022-01-31T13:14:58","date_gmt":"2022-01-31T13:14:58","guid":{"rendered":"https:\/\/www.cinemasoul.es\/?post_type=product&#038;p=4071"},"modified":"2022-04-06T16:28:25","modified_gmt":"2022-04-06T16:28:25","slug":"sherlock-holmes-dvd","status":"publish","type":"product","link":"https:\/\/cinemasoul.es\/?product=sherlock-holmes-dvd","title":{"rendered":"Sherlock Holmes [DVD]"},"content":{"rendered":"","protected":false},"excerpt":{"rendered":"<p><strong>T\u00cdTULO ORIGINAL<\/strong>: <em>SHERLOCK HOLMES<\/em>\u00a0<strong>DIRIGIDA <\/strong>POR\u00a0ARTHUR BERTHELET\u00a0BASADA EN LA <strong>OBRA DE TEATRO<\/strong> DE WILLIAM GILLETTE y SIR ARTHUR CONAN DOYLE\u00a0BASADA A SU VEZ EN LAS <strong>OBRAS <\/strong>DE SIR ARTHUR CONAN DOYLE\u00a0<strong>REPARTO<\/strong>: WILLIAM GILLETTE, MARJORIE KAY, ERNEST MAYUPAIN, EDWARD FIELDING, STEWART ROBINS, HUGH THOMPSON, LUDWIG KREISS, MARIO MAJERONI, WILLIAM POSTANCE<\/p>\n<p><strong>NACIONALIDAD<\/strong>: Estados Unidos\u00a0<strong>A\u00d1O<\/strong>: 1916\u00a0<strong>G\u00c9NERO<\/strong>: CINE MUDO, MISTERIO <strong>FORMATO DE PANTALLA<\/strong>: 4\/3 1.33:1\u00a0<strong>COLOR<\/strong>:<strong>\u00a0<\/strong>BLANCO Y NEGRO\u00a0<strong>DURACI\u00d3N<\/strong>: 112 MINUTOS\u00a0<strong>IDIOMAS<\/strong>: MUDA\u00a0<strong>SUBT\u00cdTULOS<\/strong>: ESPA\u00d1OL\u00a0<strong>CERTIFICADO DE CALIFICACI\u00d3N<\/strong>\u00a0N\u00ba 136.050\u00a0<strong>CLASIFICACI\u00d3N<\/strong>: APTA PARA TODOS LOS P\u00daBLICOS\u00a0<strong>TODAS LAS ZONAS<\/strong>: 1-6<\/p>\n<p>Pel\u00edcula muda de 1916 que estuvo perdida hasta\u00a0 el a\u00f1o 2014, cuando se encontr\u00f3 una copia en buen estado en la Cinemateca Francesa de Par\u00eds. Esta considerada como una de Ias grandes reliquias de Holmes, pues se trata dela obra de teatro de William Gillette interpretada, escrita y montada por \u00e9l mismo, contando con el benepl\u00e1cito de Conan Doyle para su creaci\u00f3n. Fruto de Ia obra naci\u00f3 una gran amistad entre ambos. Durante muchos a\u00f1os, Gillette fue Ia imagen, el icono de referencia de Sherlock Holmes. Un hombre ligado a Ia familia real acude a Holmes para que le ayude a recuperar Ias cartas que escribi\u00f3 a Ia hermana de Alice Faulkner. Alice intenta usar Ias cartas para sobornarlo, estando prisionera por una pareja que pide ayuda al profesor Moriarty.\u00a0Aunque la pel\u00edcula es muda, existen restro sonoros de fragmentos de Ia obra de teatro que, unidos al texto completo, nos permiten imaginarnos c\u00f3mo era el Sherlock Holmes teatral de William Gillette.<\/p>\n","protected":false},"featured_media":4072,"comment_status":"open","ping_status":"closed","template":"","meta":{"site-sidebar-layout":"default","site-content-layout":"default","ast-site-content-layout":"default","site-content-style":"default","site-sidebar-style":"default","ast-global-header-display":"","ast-banner-title-visibility":"","ast-main-header-display":"","ast-hfb-above-header-display":"","ast-hfb-below-header-display":"","ast-hfb-mobile-header-display":"","site-post-title":"","ast-breadcrumbs-content":"","ast-featured-img":"","footer-sml-layout":"","ast-disable-related-posts":"","theme-transparent-header-meta":"","adv-header-id-meta":"","stick-header-meta":"","header-above-stick-meta":"","header-main-stick-meta":"","header-below-stick-meta":"","astra-migrate-meta-layouts":"default","ast-page-background-enabled":"default","ast-page-background-meta":{"desktop":{"background-color":"","background-image":"","background-repeat":"repeat","background-position":"center center","background-size":"auto","background-attachment":"scroll","background-type":"","background-media":"","overlay-type":"","overlay-color":"","overlay-opacity":"","overlay-gradient":""},"tablet":{"background-color":"","background-image":"","background-repeat":"repeat","background-position":"center center","background-size":"auto","background-attachment":"scroll","background-type":"","background-media":"","overlay-type":"","overlay-color":"","overlay-opacity":"","overlay-gradient":""},"mobile":{"background-color":"","background-image":"","background-repeat":"repeat","background-position":"center center","background-size":"auto","background-attachment":"scroll","background-type":"","background-media":"","overlay-type":"","overlay-color":"","overlay-opacity":"","overlay-gradient":""}},"ast-content-background-meta":{"desktop":{"background-color":"var(--ast-global-color-5)","background-image":"","background-repeat":"repeat","background-position":"center center","background-size":"auto","background-attachment":"scroll","background-type":"","background-media":"","overlay-type":"","overlay-color":"","overlay-opacity":"","overlay-gradient":""},"tablet":{"background-color":"var(--ast-global-color-5)","background-image":"","background-repeat":"repeat","background-position":"center center","background-size":"auto","background-attachment":"scroll","background-type":"","background-media":"","overlay-type":"","overlay-color":"","overlay-opacity":"","overlay-gradient":""},"mobile":{"background-color":"var(--ast-global-color-5)","background-image":"","background-repeat":"repeat","background-position":"center center","background-size":"auto","background-attachment":"scroll","background-type":"","background-media":"","overlay-type":"","overlay-color":"","overlay-opacity":"","overlay-gradient":""}},"_joinchat":[]},"product_brand":[],"product_cat":[42],"product_tag":[],"class_list":{"0":"post-4071","1":"product","2":"type-product","3":"status-publish","4":"has-post-thumbnail","6":"product_cat-dvd","7":"desktop-align-left","8":"tablet-align-left","9":"mobile-align-left","11":"first","12":"instock","13":"sale","14":"shipping-taxable","15":"purchasable","16":"product-type-simple"},"_links":{"self":[{"href":"https:\/\/cinemasoul.es\/index.php?rest_route=\/wp\/v2\/product\/4071","targetHints":{"allow":["GET"]}}],"collection":[{"href":"https:\/\/cinemasoul.es\/index.php?rest_route=\/wp\/v2\/product"}],"about":[{"href":"https:\/\/cinemasoul.es\/index.php?rest_route=\/wp\/v2\/types\/product"}],"replies":[{"embeddable":true,"href":"https:\/\/cinemasoul.es\/index.php?rest_route=%2Fwp%2Fv2%2Fcomments&post=4071"}],"version-history":[{"count":3,"href":"https:\/\/cinemasoul.es\/index.php?rest_route=\/wp\/v2\/product\/4071\/revisions"}],"predecessor-version":[{"id":4560,"href":"https:\/\/cinemasoul.es\/index.php?rest_route=\/wp\/v2\/product\/4071\/revisions\/4560"}],"wp:featuredmedia":[{"embeddable":true,"href":"https:\/\/cinemasoul.es\/index.php?rest_route=\/wp\/v2\/media\/4072"}],"wp:attachment":[{"href":"https:\/\/cinemasoul.es\/index.php?rest_route=%2Fwp%2Fv2%2Fmedia&parent=4071"}],"wp:term":[{"taxonomy":"product_brand","embeddable":true,"href":"https:\/\/cinemasoul.es\/index.php?rest_route=%2Fwp%2Fv2%2Fproduct_brand&post=4071"},{"taxonomy":"product_cat","embeddable":true,"href":"https:\/\/cinemasoul.es\/index.php?rest_route=%2Fwp%2Fv2%2Fproduct_cat&post=4071"},{"taxonomy":"product_tag","embeddable":true,"href":"https:\/\/cinemasoul.es\/index.php?rest_route=%2Fwp%2Fv2%2Fproduct_tag&post=4071"}],"curies":[{"name":"wp","href":"https:\/\/api.w.org\/{rel}","templated":true}]}}