{"id":4061,"date":"2022-01-31T11:43:15","date_gmt":"2022-01-31T11:43:15","guid":{"rendered":"https:\/\/www.cinemasoul.es\/?post_type=product&#038;p=4061"},"modified":"2022-01-31T13:08:37","modified_gmt":"2022-01-31T13:08:37","slug":"el-rey-y-yo-dvd","status":"publish","type":"product","link":"https:\/\/cinemasoul.es\/?product=el-rey-y-yo-dvd","title":{"rendered":"El rey y yo [DVD]"},"content":{"rendered":"<h6><strong>Yul Brynner y Deborah Kerr protagonizan uno de los musicales m\u00e1s memorables de todos los tiempos<\/strong>.<\/h6>\n<p>Darryl F. Zanuck presenta un<strong>\u00a0film\u00a0<\/strong>de Rodgersd y Hammerstein \u201cEl Rey y Yo\u201d (The King and I) Deborah Kerr, Yul Brynner, Rita Moreno, Martin Benson, Rex Thompson.\u00a0\u00a0<strong>Coreograf\u00eda\u00a0<\/strong>de Jerome Robbins.\u00a0<strong>M\u00fasica\u00a0<\/strong>de Richard Rodgers.\u00a0<strong>Partitura\u00a0<\/strong>y\u00a0<strong>canciones\u00a0<\/strong>de Oscar Hammerstein II.\u00a0<strong>Guion\u00a0<\/strong>de Ernest Lehman.\u00a0<strong>Producida\u00a0<\/strong>por Charles Brackett.\u00a0<strong>Dirigida\u00a0<\/strong>por Walter Lang. Color de Deluxe, una pel\u00edcula Cinemascope.<\/p>\n<p>Ganadora de cinco Oscar, El Rey y Yo, narra la historia de una joven y hermosa viuda quien, acompa\u00f1ada de su hijo, llega a la corte de Siam a finales del siglo XIX para trabajar como institutriz de las mujeres e hijos del monarca. La exquisita educaci\u00f3n de la dama, choca casi al instante con el desp\u00f3tico ego\u00edsmo del rey; pero el continuo roce entre ellos, acabar\u00e1 por desembocar en un mutuo y creciente respeto.<\/p>\n<p><strong>Contenidos adicionales:\u00a0<\/strong><span style=\"font-style: inherit; font-weight: inherit;\">Trailer del estreno cinematogr\u00e1fico. Reportaje sobre el estreno cinematogr\u00e1fico.\u00a0<\/span><span style=\"font-style: inherit; font-weight: inherit;\">Reportaje sobre la entrega de los premios de la academia.\u00a0<\/span><span style=\"font-style: inherit; font-weight: inherit;\">Audio clips: \u201cI whistle a happy tune\u201d, \u201cHello young lovers\u201d, \u201cGetting to know you\u201d.\u00a0<\/span><span style=\"font-style: inherit; font-weight: inherit;\">P\u00e1ginas del reparto y equipo.\u00a0<\/span><span style=\"font-style: inherit; font-weight: inherit;\">Notas de producci\u00f3n. <strong>Idiomas:<\/strong>\u00a0Castellano (2.0), Ingl\u00e9s (5.1)\u00a0<strong>Subt\u00edtulos:<\/strong>\u00a0Ingl\u00e9s, Castellano.\u00a0<strong style=\"font-style: inherit;\">A\u00f1o:<\/strong>\u00a01956.\u00a0<strong style=\"font-style: inherit;\">Duraci\u00f3n:<\/strong>\u00a0138 min.\u00a0<strong style=\"font-style: inherit;\">Color<\/strong>.\u00a0<strong style=\"font-style: inherit;\">Formato de pantalla:<\/strong>\u00a02.55:1\u00a0<strong style=\"font-style: inherit;\">Widescreen version:<\/strong>\u00a016\/9\u00a0<strong style=\"font-style: inherit;\">Dep\u00f3sito legal<\/strong>: TF: 245-2009.\u00a0Autorizada para todos los p\u00fablicos<\/span><\/p>\n","protected":false},"excerpt":{"rendered":"<p>Yul Brynner y Deborah Kerr protagonizan uno de los musicales m\u00e1s memorables de todos los tiempos. Darryl F. Zanuck presenta un\u00a0film\u00a0de Rodgersd y Hammerstein \u201cEl Rey y Yo\u201d (The King and I) Deborah Kerr, Yul Brynner, Rita Moreno, Martin Benson, Rex Thompson.\u00a0\u00a0Coreograf\u00eda\u00a0de Jerome Robbins.\u00a0M\u00fasica\u00a0de Richard Rodgers.\u00a0Partitura\u00a0y\u00a0canciones\u00a0de Oscar Hammerstein II.\u00a0Guion\u00a0de Ernest Lehman.\u00a0Producida\u00a0por Charles Brackett.\u00a0Dirigida\u00a0por Walter Lang. [&hellip;]<\/p>\n","protected":false},"featured_media":4064,"comment_status":"open","ping_status":"closed","template":"","meta":{"site-sidebar-layout":"default","site-content-layout":"default","ast-site-content-layout":"default","site-content-style":"default","site-sidebar-style":"default","ast-global-header-display":"","ast-banner-title-visibility":"","ast-main-header-display":"","ast-hfb-above-header-display":"","ast-hfb-below-header-display":"","ast-hfb-mobile-header-display":"","site-post-title":"","ast-breadcrumbs-content":"","ast-featured-img":"","footer-sml-layout":"","ast-disable-related-posts":"","theme-transparent-header-meta":"","adv-header-id-meta":"","stick-header-meta":"","header-above-stick-meta":"","header-main-stick-meta":"","header-below-stick-meta":"","astra-migrate-meta-layouts":"default","ast-page-background-enabled":"default","ast-page-background-meta":{"desktop":{"background-color":"","background-image":"","background-repeat":"repeat","background-position":"center center","background-size":"auto","background-attachment":"scroll","background-type":"","background-media":"","overlay-type":"","overlay-color":"","overlay-opacity":"","overlay-gradient":""},"tablet":{"background-color":"","background-image":"","background-repeat":"repeat","background-position":"center center","background-size":"auto","background-attachment":"scroll","background-type":"","background-media":"","overlay-type":"","overlay-color":"","overlay-opacity":"","overlay-gradient":""},"mobile":{"background-color":"","background-image":"","background-repeat":"repeat","background-position":"center center","background-size":"auto","background-attachment":"scroll","background-type":"","background-media":"","overlay-type":"","overlay-color":"","overlay-opacity":"","overlay-gradient":""}},"ast-content-background-meta":{"desktop":{"background-color":"var(--ast-global-color-5)","background-image":"","background-repeat":"repeat","background-position":"center center","background-size":"auto","background-attachment":"scroll","background-type":"","background-media":"","overlay-type":"","overlay-color":"","overlay-opacity":"","overlay-gradient":""},"tablet":{"background-color":"var(--ast-global-color-5)","background-image":"","background-repeat":"repeat","background-position":"center center","background-size":"auto","background-attachment":"scroll","background-type":"","background-media":"","overlay-type":"","overlay-color":"","overlay-opacity":"","overlay-gradient":""},"mobile":{"background-color":"var(--ast-global-color-5)","background-image":"","background-repeat":"repeat","background-position":"center center","background-size":"auto","background-attachment":"scroll","background-type":"","background-media":"","overlay-type":"","overlay-color":"","overlay-opacity":"","overlay-gradient":""}},"_joinchat":[]},"product_brand":[],"product_cat":[42],"product_tag":[],"class_list":{"0":"post-4061","1":"product","2":"type-product","3":"status-publish","4":"has-post-thumbnail","6":"product_cat-dvd","7":"desktop-align-left","8":"tablet-align-left","9":"mobile-align-left","11":"first","12":"instock","13":"shipping-taxable","14":"purchasable","15":"product-type-simple"},"_links":{"self":[{"href":"https:\/\/cinemasoul.es\/index.php?rest_route=\/wp\/v2\/product\/4061","targetHints":{"allow":["GET"]}}],"collection":[{"href":"https:\/\/cinemasoul.es\/index.php?rest_route=\/wp\/v2\/product"}],"about":[{"href":"https:\/\/cinemasoul.es\/index.php?rest_route=\/wp\/v2\/types\/product"}],"replies":[{"embeddable":true,"href":"https:\/\/cinemasoul.es\/index.php?rest_route=%2Fwp%2Fv2%2Fcomments&post=4061"}],"version-history":[{"count":8,"href":"https:\/\/cinemasoul.es\/index.php?rest_route=\/wp\/v2\/product\/4061\/revisions"}],"predecessor-version":[{"id":4063,"href":"https:\/\/cinemasoul.es\/index.php?rest_route=\/wp\/v2\/product\/4061\/revisions\/4063"}],"wp:featuredmedia":[{"embeddable":true,"href":"https:\/\/cinemasoul.es\/index.php?rest_route=\/wp\/v2\/media\/4064"}],"wp:attachment":[{"href":"https:\/\/cinemasoul.es\/index.php?rest_route=%2Fwp%2Fv2%2Fmedia&parent=4061"}],"wp:term":[{"taxonomy":"product_brand","embeddable":true,"href":"https:\/\/cinemasoul.es\/index.php?rest_route=%2Fwp%2Fv2%2Fproduct_brand&post=4061"},{"taxonomy":"product_cat","embeddable":true,"href":"https:\/\/cinemasoul.es\/index.php?rest_route=%2Fwp%2Fv2%2Fproduct_cat&post=4061"},{"taxonomy":"product_tag","embeddable":true,"href":"https:\/\/cinemasoul.es\/index.php?rest_route=%2Fwp%2Fv2%2Fproduct_tag&post=4061"}],"curies":[{"name":"wp","href":"https:\/\/api.w.org\/{rel}","templated":true}]}}